{"id":10214,"date":"2024-08-13T02:55:52","date_gmt":"2024-08-13T02:55:52","guid":{"rendered":"https:\/\/travelwp.physcode.com\/main-demo\/?post_type=product&#038;p=10214"},"modified":"2026-02-28T12:11:05","modified_gmt":"2026-02-28T12:11:05","slug":"circuit-de-2-jours-en-cappadoce-au-depart-de-kemer","status":"publish","type":"product","link":"https:\/\/vetatourism.com\/tours\/cappadocia-2-day-tour-from-kemer","title":{"rendered":"La cappadoce Excursion de 2 Jours \u00e0 partir de kemer"},"content":{"rendered":"<p>Pour d\u00e9couvrir toute la magie des paysages de la Cappadoce, lors d'un m\u00e9morable de deux jours d'aventure combinant les merveilles naturelles, l'histoire ancienne et authentique exp\u00e9riences culturelles.<\/p>\n<p>Votre voyage commence par un d\u00e9but de matin\u00e9e de ramassage \u00e0 votre h\u00f4tel \u00e0 C\u00f4t\u00e9 ou des r\u00e9gions voisines. Voyager confortablement \u00e0 travers le c\u0153ur de l'Anatolie tout en profitant de vues panoramiques sur la montagne traditionnels turcs et paysages champ\u00eatres.<\/p>\n<p>C\u00e9l\u00e8bre pour ses chemin\u00e9es de f\u00e9es, de grottes et surr\u00e9aliste vall\u00e9es en forme par l'activit\u00e9 volcanique des milliers d'ann\u00e9es, la Cappadoce offre une de la plupart des paysages uniques au monde. Explorer les villes souterraines, une fois utilis\u00e9s comme refuges cach\u00e9s par les premi\u00e8res civilisations et d'admirer de magnifiques points de vue surplombant la Vall\u00e9e de G\u00f6reme.<\/p>\n<p>Profitez d'un d\u00e9licieux d\u00e9jeuner dans un restaurant local avant de continuer votre d\u00e9couverte dans une grotte historique des \u00e9glises, des vall\u00e9es et des ateliers d'artisanat traditionnel.<\/p>\n<p>Passer la nuit dans la r\u00e9gion de la Cappadoce et de l'exp\u00e9rience de son ambiance paisible. Optionnel activit\u00e9s en soir\u00e9e comme un turc Spectacle de Nuit ou traditionnel d\u00eener sont disponibles.<\/p>\n<p>Se r\u00e9veiller t\u00f4t le deuxi\u00e8me jour de l'exp\u00e9rience inoubliable de regarder ou de se joindre \u00e0 un vol en montgolfi\u00e8re au lever du soleil (en option et d\u00e9pendant de la m\u00e9t\u00e9o), l'un des plus embl\u00e9matiques des moments en Turquie.<\/p>\n<p>Apr\u00e8s le petit d\u00e9jeuner, poursuite de la d\u00e9couverte de la r\u00e9gion avant de retourner confortablement \u00e0 votre h\u00f4tel avec des souvenirs inoubliables.<\/p>\n<p>&nbsp;<\/p>\n<hr \/>\n<p>&nbsp;<\/p>\n<div class=\"tour-content-what-included\">\n<h4 id=\"whats-included\">Ce qui est Inclus<\/h4>\n<ul style=\"column-count: 2;\">\n<li>H\u00f4tel de ramassage et de d\u00e9pose<\/li>\n<li>Air conditionn\u00e9 transport<\/li>\n<li>Guide professionnel<\/li>\n<li>1 Nuit d'h\u00e9bergement dans la r\u00e9gion de la Cappadoce<\/li>\n<li>Le petit-d\u00e9jeuner et D\u00eener \u00e0 l'h\u00f4tel<\/li>\n<li>D\u00e9jeuner en cours de visite<\/li>\n<li>Visite des vall\u00e9es et des points de vue panoramiques<\/li>\n<li>Visite de la ville souterraine<\/li>\n<li>Plein d'assurance<\/li>\n<\/ul>\n<\/div>\n<p>&nbsp;<\/p>\n<hr \/>\n<p>&nbsp;<\/p>\n<div class=\"tour-content-add-information\">\n<h4>Des Informations Suppl\u00e9mentaires<\/h4>\n<ul>\n<li>Vol en montgolfi\u00e8re est facultative et d\u00e9pend des conditions m\u00e9t\u00e9orologiques<\/li>\n<li>Des chaussures de marche confortables sont recommand\u00e9es<\/li>\n<li>Heure de ramassage peut varier en fonction de la localisation de l'h\u00f4tel<\/li>\n<li>Le Shopping et les aires de repos sont disponibles pendant le voyage<\/li>\n<li>Seul l'h\u00e9bergement en chambre peut exiger des frais suppl\u00e9mentaires<\/li>\n<\/ul>\n<\/div>\n<hr \/>\n<p>&nbsp;<\/p>\n<div class=\"tour-content-cancell-policy\">\n<p><strong>Ce qu'il faut Apporter<\/strong><\/p>\n<ul style=\"column-count: 2;\">\n<li>Lunettes de soleil \ud83d\udd76\ufe0f<\/li>\n<li>Chapeau \ud83e\udde2<\/li>\n<li>Des chaussures confortables \ud83d\udc5f<\/li>\n<li>Cam\u00e9ra \ud83d\udcf7<\/li>\n<li>Veste l\u00e9g\u00e8re \ud83e\udde5<\/li>\n<li>De l'argent pour les d\u00e9penses personnelles \ud83d\udcb3<\/li>\n<\/ul>\n<\/div>","protected":false},"excerpt":{"rendered":"<p>Pour d\u00e9couvrir toute la magie des paysages de la Cappadoce, lors d'un m\u00e9morable de deux jours d'aventure combinant les merveilles naturelles, l'histoire ancienne et authentique exp\u00e9riences culturelles.<br \/>\nYour journey begins with an early morning pickup from your <\/p>","protected":false},"featured_media":16221,"comment_status":"open","ping_status":"closed","template":"","meta":[],"product_brand":[],"product_cat":[],"product_tag":[],"class_list":{"0":"post-10214","1":"product","2":"type-product","3":"status-publish","4":"has-post-thumbnail","6":"tour_phys-tours","7":"pa_destination-kemer","9":"first","10":"instock","11":"shipping-taxable","12":"purchasable","13":"product-type-tour_phys"},"_links":{"self":[{"href":"https:\/\/vetatourism.com\/fr\/wp-json\/wp\/v2\/product\/10214","targetHints":{"allow":["GET"]}}],"collection":[{"href":"https:\/\/vetatourism.com\/fr\/wp-json\/wp\/v2\/product"}],"about":[{"href":"https:\/\/vetatourism.com\/fr\/wp-json\/wp\/v2\/types\/product"}],"replies":[{"embeddable":true,"href":"https:\/\/vetatourism.com\/fr\/wp-json\/wp\/v2\/comments?post=10214"}],"wp:featuredmedia":[{"embeddable":true,"href":"https:\/\/vetatourism.com\/fr\/wp-json\/wp\/v2\/media\/16221"}],"wp:attachment":[{"href":"https:\/\/vetatourism.com\/fr\/wp-json\/wp\/v2\/media?parent=10214"}],"wp:term":[{"taxonomy":"product_brand","embeddable":true,"href":"https:\/\/vetatourism.com\/fr\/wp-json\/wp\/v2\/product_brand?post=10214"},{"taxonomy":"product_cat","embeddable":true,"href":"https:\/\/vetatourism.com\/fr\/wp-json\/wp\/v2\/product_cat?post=10214"},{"taxonomy":"product_tag","embeddable":true,"href":"https:\/\/vetatourism.com\/fr\/wp-json\/wp\/v2\/product_tag?post=10214"}],"curies":[{"name":"wp","href":"https:\/\/api.w.org\/{rel}","templated":true}]}}