{"id":11127,"date":"2024-09-19T06:08:56","date_gmt":"2024-09-19T02:08:56","guid":{"rendered":"https:\/\/travelwp.physcode.com\/main-demo\/?page_id=11127"},"modified":"2026-02-09T10:09:22","modified_gmt":"2026-02-09T10:09:22","slug":"contact-us","status":"publish","type":"page","link":"https:\/\/vetatourism.com\/fr\/contact-us\/","title":{"rendered":"Contactez-Nous"},"content":{"rendered":"\t\t<div data-elementor-type=\"wp-page\" data-elementor-id=\"11127\" class=\"elementor elementor-11127\" data-elementor-post-type=\"page\">\n\t\t\t\t<div class=\"elementor-element elementor-element-697229d e-flex e-con-boxed e-con e-parent\" data-id=\"697229d\" data-element_type=\"container\" data-e-type=\"container\">\n\t\t\t\t\t<div class=\"e-con-inner\">\n\t\t\t\t<div class=\"elementor-element elementor-element-b9d17b9 elementor-widget elementor-widget-thim-ekits-breadcrumb\" data-id=\"b9d17b9\" data-element_type=\"widget\" data-e-type=\"widget\" data-widget_type=\"thim-ekits-breadcrumb.default\">\n\t\t\t\t<div class=\"elementor-widget-container\">\n\t\t\t\t\t\n\t\t\t<div class=\"thim-ekit-breadcrumb\">\n\n\t\t\t\tHome\n\t\t\t<\/div>\n\n\t\t\t\t\t\t\t<\/div>\n\t\t\t\t<\/div>\n\t\t\t\t<div class=\"elementor-element elementor-element-6df3877 elementor-widget__width-initial elementor-widget elementor-widget-thim-ekits-heading\" data-id=\"6df3877\" data-element_type=\"widget\" data-e-type=\"widget\" data-widget_type=\"thim-ekits-heading.default\">\n\t\t\t\t<div class=\"elementor-widget-container\">\n\t\t\t\t\t<div class=\"thim-ekits-heading thim-ekit__heading\"><h1 class=\"title\">Contact Us<\/h1><h5 class=\"sub-heading\">Reach out to our team to get expert guidance for your next travel experience.<\/h5><\/div>\t\t\t\t<\/div>\n\t\t\t\t<\/div>\n\t\t\t\t\t<\/div>\n\t\t\t\t<\/div>\n\t\t\t\t<section class=\"elementor-section elementor-top-section elementor-element elementor-element-12bb4fd3 elementor-section-content-space-between elementor-section-boxed elementor-section-height-default elementor-section-height-default\" data-id=\"12bb4fd3\" data-element_type=\"section\" data-e-type=\"section\">\n\t\t\t\t\t\t<div class=\"elementor-container elementor-column-gap-custom\">\n\t\t\t\t\t<div class=\"elementor-column elementor-col-33 elementor-top-column elementor-element elementor-element-a0b8068\" data-id=\"a0b8068\" data-element_type=\"column\" data-e-type=\"column\">\n\t\t\t<div class=\"elementor-widget-wrap elementor-element-populated\">\n\t\t\t\t\t\t<div class=\"elementor-element elementor-element-c2c0640 elementor-widget elementor-widget-thim-ekits-icon-box\" data-id=\"c2c0640\" data-element_type=\"widget\" data-e-type=\"widget\" data-widget_type=\"thim-ekits-icon-box.default\">\n\t\t\t\t<div class=\"elementor-widget-container\">\n\t\t\t\t\t<div class=\"ekits-iconbox iconbox-top\"><div class=\"boxes-icon\"><img decoding=\"async\" src=\"https:\/\/vetatourism.com\/wp-content\/uploads\/2026\/02\/envelope-3.svg\" title=\"envelope (3)\" alt=\"envelope (3)\" loading=\"lazy\" \/><\/div><div class=\"content-inner thim-ekits-heading\"><h3 class=\"title\">Email<\/h3>\t\t\t<div class='desc'>\n\t\t\t\t<p><a href=\"mailto:info@vetatourism.com\">info@vetatourism.com<\/a><\/p>\t\t\t<\/div>\n\t\t<\/div><\/div>\t\t\t\t<\/div>\n\t\t\t\t<\/div>\n\t\t\t\t\t<\/div>\n\t\t<\/div>\n\t\t\t\t<div class=\"elementor-column elementor-col-33 elementor-top-column elementor-element elementor-element-76e2440f\" data-id=\"76e2440f\" data-element_type=\"column\" data-e-type=\"column\">\n\t\t\t<div class=\"elementor-widget-wrap elementor-element-populated\">\n\t\t\t\t\t\t<div class=\"elementor-element elementor-element-740b9231 elementor-widget elementor-widget-thim-ekits-icon-box\" data-id=\"740b9231\" data-element_type=\"widget\" data-e-type=\"widget\" data-widget_type=\"thim-ekits-icon-box.default\">\n\t\t\t\t<div class=\"elementor-widget-container\">\n\t\t\t\t\t<div class=\"ekits-iconbox iconbox-top\"><div class=\"boxes-icon\"><img decoding=\"async\" src=\"https:\/\/vetatourism.com\/wp-content\/uploads\/2026\/02\/telephone.svg\" title=\"telephone\" alt=\"telephone\" loading=\"lazy\" \/><\/div><div class=\"content-inner thim-ekits-heading\"><h3 class=\"title\">Phone<\/h3>\t\t\t<div class='desc'>\n\t\t\t\t<p><a href=\"tel:+905322519987\">+90 532 2519987<\/a><\/p>\t\t\t<\/div>\n\t\t<\/div><\/div>\t\t\t\t<\/div>\n\t\t\t\t<\/div>\n\t\t\t\t\t<\/div>\n\t\t<\/div>\n\t\t\t\t<div class=\"elementor-column elementor-col-33 elementor-top-column elementor-element elementor-element-2b77b9aa\" data-id=\"2b77b9aa\" data-element_type=\"column\" data-e-type=\"column\">\n\t\t\t<div class=\"elementor-widget-wrap elementor-element-populated\">\n\t\t\t\t\t\t<div class=\"elementor-element elementor-element-7f506b45 elementor-widget elementor-widget-thim-ekits-icon-box\" data-id=\"7f506b45\" data-element_type=\"widget\" data-e-type=\"widget\" data-widget_type=\"thim-ekits-icon-box.default\">\n\t\t\t\t<div class=\"elementor-widget-container\">\n\t\t\t\t\t<div class=\"ekits-iconbox iconbox-top\"><div class=\"boxes-icon\"><img decoding=\"async\" src=\"https:\/\/vetatourism.com\/wp-content\/uploads\/2026\/02\/location.svg\" title=\"location\" alt=\"location\" loading=\"lazy\" \/><\/div><div class=\"content-inner thim-ekits-heading\"><h3 class=\"title\">address<\/h3>\t\t\t<div class='desc'>\n\t\t\t\t<p><a href=\"https:\/\/www.google.com\/maps?q=Kemer+Liman%C4%B1+Merkez,+Yal%C4%B1+Cd.+9,+07990+Kemer\/Antalya\" target=\"_blank\" rel=\"noopener\">Kemer Liman\u0131 Merkez, Yal\u0131 Cd. 9, 07990 Kemer\/Antalya<\/a><\/p>\t\t\t<\/div>\n\t\t<\/div><\/div>\t\t\t\t<\/div>\n\t\t\t\t<\/div>\n\t\t\t\t\t<\/div>\n\t\t<\/div>\n\t\t\t\t\t<\/div>\n\t\t<\/section>\n\t\t<div class=\"elementor-element elementor-element-2d3525e e-flex e-con-boxed e-con e-parent\" data-id=\"2d3525e\" data-element_type=\"container\" data-e-type=\"container\">\n\t\t\t\t\t<div class=\"e-con-inner\">\n\t\t<div class=\"elementor-element elementor-element-d5ae1f3 e-con-full e-flex e-con e-child\" data-id=\"d5ae1f3\" data-element_type=\"container\" data-e-type=\"container\">\n\t\t\t\t<div class=\"elementor-element elementor-element-2ae381d elementor-widget__width-initial elementor-widget elementor-widget-thim-ekits-heading\" data-id=\"2ae381d\" data-element_type=\"widget\" data-e-type=\"widget\" data-widget_type=\"thim-ekits-heading.default\">\n\t\t\t\t<div class=\"elementor-widget-container\">\n\t\t\t\t\t<div class=\"thim-ekits-heading thim-ekit__heading\"><h3 class=\"title\">Get in Touch<\/h3>\t\t\t<div class='desc'>\n\t\t\t\t<p data-start=\"231\" data-end=\"377\">Fill out the form below with your travel ideas and preferences, and our friendly travel experts will help you create an unforgettable adventure tailored to your expectations, interests, and travel style, with careful attention to every detail.<\/p>\t\t\t<\/div>\n\t\t<\/div>\t\t\t\t<\/div>\n\t\t\t\t<\/div>\n\t\t\t\t<div class=\"elementor-element elementor-element-d5678d7 elementor-widget elementor-widget-google_maps\" data-id=\"d5678d7\" data-element_type=\"widget\" data-e-type=\"widget\" data-widget_type=\"google_maps.default\">\n\t\t\t\t<div class=\"elementor-widget-container\">\n\t\t\t\t\t\t\t<div class=\"elementor-custom-embed\">\n\t\t\t<iframe loading=\"lazy\"\n\t\t\t\t\tsrc=\"https:\/\/maps.google.com\/maps?q=Merkez%2C%20Atat%C3%BCrk%20Cd.%20No%3A3%2C%2007990%20Kemer%2FAntalya%2C%20T%C3%BCrkiye&#038;t=m&#038;z=10&#038;output=embed&#038;iwloc=near\"\n\t\t\t\t\ttitle=\"Merkez, Atat\u00fcrk Cd. No:3, 07990 Kemer\/Antalya, T\u00fcrkiye\"\n\t\t\t\t\taria-label=\"Merkez, Atat\u00fcrk Cd. No:3, 07990 Kemer\/Antalya, T\u00fcrkiye\"\n\t\t\t><\/iframe>\n\t\t<\/div>\n\t\t\t\t\t\t<\/div>\n\t\t\t\t<\/div>\n\t\t\t\t<\/div>\n\t\t<div class=\"elementor-element elementor-element-e154154 e-con-full e-flex e-con e-child\" data-id=\"e154154\" data-element_type=\"container\" data-e-type=\"container\" data-settings=\"{&quot;background_background&quot;:&quot;classic&quot;}\">\n\t\t<div class=\"elementor-element elementor-element-cf7955b e-con-full e-flex e-con e-child\" data-id=\"cf7955b\" data-element_type=\"container\" data-e-type=\"container\">\n\t\t\t\t<div class=\"elementor-element elementor-element-88d859e elementor-widget__width-inherit elementor-widget elementor-widget-thim-ekits-heading\" data-id=\"88d859e\" data-element_type=\"widget\" data-e-type=\"widget\" data-widget_type=\"thim-ekits-heading.default\">\n\t\t\t\t<div class=\"elementor-widget-container\">\n\t\t\t\t\t<div class=\"thim-ekits-heading thim-ekit__heading\"><h1 class=\"title\">Here to listen and guide you<\/h1><\/div>\t\t\t\t<\/div>\n\t\t\t\t<\/div>\n\t\t\t\t<div class=\"elementor-element elementor-element-d31be8f elementor-button-align-stretch elementor-widget elementor-widget-form\" data-id=\"d31be8f\" data-element_type=\"widget\" data-e-type=\"widget\" data-settings=\"{&quot;step_next_label&quot;:&quot;Suivant&quot;,&quot;step_previous_label&quot;:&quot;Pr\\u00e9c\\u00e9dent&quot;,&quot;button_width&quot;:&quot;100&quot;,&quot;step_type&quot;:&quot;number_text&quot;,&quot;step_icon_shape&quot;:&quot;circle&quot;}\" data-widget_type=\"form.default\">\n\t\t\t\t<div class=\"elementor-widget-container\">\n\t\t\t\t\t\t\t<form class=\"elementor-form\" method=\"post\" name=\"Contact form\" aria-label=\"Contact form\" novalidate=\"\">\n\t\t\t<input type=\"hidden\" name=\"post_id\" value=\"11127\"\/>\n\t\t\t<input type=\"hidden\" name=\"form_id\" value=\"d31be8f\"\/>\n\t\t\t<input type=\"hidden\" name=\"referer_title\" value=\"Contact Us - Veta Tourism\" \/>\n\n\t\t\t\t\t\t\t<input type=\"hidden\" name=\"queried_id\" value=\"11127\"\/>\n\t\t\t\n\t\t\t<div class=\"elementor-form-fields-wrapper elementor-labels-above\">\n\t\t\t\t\t\t\t\t<div class=\"elementor-field-type-text elementor-field-group elementor-column elementor-field-group-name elementor-col-50 elementor-field-required elementor-mark-required\">\n\t\t\t\t\t\t\t\t\t\t\t\t<label for=\"form-field-name\" class=\"elementor-field-label\">\n\t\t\t\t\t\t\t\tFull name\t\t\t\t\t\t\t<\/label>\n\t\t\t\t\t\t\t\t\t\t\t\t\t\t<input size=\"1\" type=\"text\" name=\"form_fields[name]\" id=\"form-field-name\" class=\"elementor-field elementor-size-md  elementor-field-textual\" placeholder=\"Your full name\" required=\"required\">\n\t\t\t\t\t\t\t\t\t\t\t<\/div>\n\t\t\t\t\t\t\t\t<div class=\"elementor-field-type-email elementor-field-group elementor-column elementor-field-group-email elementor-col-50 elementor-field-required elementor-mark-required\">\n\t\t\t\t\t\t\t\t\t\t\t\t<label for=\"form-field-email\" class=\"elementor-field-label\">\n\t\t\t\t\t\t\t\tEmail\t\t\t\t\t\t\t<\/label>\n\t\t\t\t\t\t\t\t\t\t\t\t\t\t<input size=\"1\" type=\"email\" name=\"form_fields[email]\" id=\"form-field-email\" class=\"elementor-field elementor-size-md  elementor-field-textual\" placeholder=\"Your email\" required=\"required\">\n\t\t\t\t\t\t\t\t\t\t\t<\/div>\n\t\t\t\t\t\t\t\t<div class=\"elementor-field-type-tel elementor-field-group elementor-column elementor-field-group-field_617190f elementor-col-50 elementor-field-required elementor-mark-required\">\n\t\t\t\t\t\t\t\t\t\t\t\t<label for=\"form-field-field_617190f\" class=\"elementor-field-label\">\n\t\t\t\t\t\t\t\tPhone\t\t\t\t\t\t\t<\/label>\n\t\t\t\t\t\t\t\t<input size=\"1\" type=\"tel\" name=\"form_fields[field_617190f]\" id=\"form-field-field_617190f\" class=\"elementor-field elementor-size-md  elementor-field-textual\" placeholder=\"Your phone\" required=\"required\" pattern=\"[0-9()#&amp;+*-=.]+\" title=\"Only numbers and phone characters (#, -, *, etc) are accepted.\">\n\n\t\t\t\t\t\t<\/div>\n\t\t\t\t\t\t\t\t<div class=\"elementor-field-type-select elementor-field-group elementor-column elementor-field-group-field_405e248 elementor-col-50 elementor-field-required elementor-mark-required\">\n\t\t\t\t\t\t\t\t\t\t\t\t<label for=\"form-field-field_405e248\" class=\"elementor-field-label\">\n\t\t\t\t\t\t\t\tDestination\t\t\t\t\t\t\t<\/label>\n\t\t\t\t\t\t\t\t<div class=\"elementor-field elementor-select-wrapper remove-before \">\n\t\t\t<div class=\"select-caret-down-wrapper\">\n\t\t\t\t<i aria-hidden=\"true\" class=\"eicon-caret-down\"><\/i>\t\t\t<\/div>\n\t\t\t<select name=\"form_fields[field_405e248]\" id=\"form-field-field_405e248\" class=\"elementor-field-textual elementor-size-md\" required=\"required\">\n\t\t\t\t\t\t\t\t\t<option value=\"disabled\">Preferred destination<\/option>\n\t\t\t\t\t\t\t\t\t<option value=\"Antalya \">Antalya <\/option>\n\t\t\t\t\t\t\t\t\t<option value=\"Belek\">Belek<\/option>\n\t\t\t\t\t\t\t\t\t<option value=\"Kemer\">Kemer<\/option>\n\t\t\t\t\t\t\t\t\t<option value=\"Side\">Side<\/option>\n\t\t\t\t\t\t\t\t\t<option value=\"\"><\/option>\n\t\t\t\t\t\t\t<\/select>\n\t\t<\/div>\n\t\t\t\t\t\t<\/div>\n\t\t\t\t\t\t\t\t<div class=\"elementor-field-type-textarea elementor-field-group elementor-column elementor-field-group-message elementor-col-100 elementor-field-required elementor-mark-required\">\n\t\t\t\t\t\t\t\t\t\t\t\t<label for=\"form-field-message\" class=\"elementor-field-label\">\n\t\t\t\t\t\t\t\tMessage\t\t\t\t\t\t\t<\/label>\n\t\t\t\t\t\t<textarea class=\"elementor-field-textual elementor-field  elementor-size-md\" name=\"form_fields[message]\" id=\"form-field-message\" rows=\"8\" placeholder=\"Tell us more about the tour or activity you are interested in\" required=\"required\"><\/textarea>\t\t\t\t<\/div>\n\t\t\t\t\t\t\t\t<div class=\"elementor-field-group elementor-column elementor-field-type-submit elementor-col-100 e-form__buttons\">\n\t\t\t\t\t<button class=\"elementor-button elementor-size-sm\" type=\"submit\">\n\t\t\t\t\t\t<span class=\"elementor-button-content-wrapper\">\n\t\t\t\t\t\t\t\t\t\t\t\t\t\t\t\t\t\t\t\t\t\t<span class=\"elementor-button-text\">Send<\/span>\n\t\t\t\t\t\t\t\t\t\t\t\t\t<\/span>\n\t\t\t\t\t<\/button>\n\t\t\t\t<\/div>\n\t\t\t<\/div>\n\t\t<\/form>\n\t\t\t\t\t\t<\/div>\n\t\t\t\t<\/div>\n\t\t\t\t<\/div>\n\t\t\t\t<\/div>\n\t\t\t\t\t<\/div>\n\t\t\t\t<\/div>\n\t\t\t\t<\/div>\n\t\t","protected":false},"excerpt":{"rendered":"<p>Accueil<br \/>\nContactez-Nous<br \/>\nJoindre \u00e0 notre \u00e9quipe pour obtenir des conseils d'experts pour votre prochain voyage de l'exp\u00e9rience.<\/p>\n<p>E-mail<br \/>\ninfo@vetatourism.com<\/p>\n<p>T\u00e9l\u00e9phone<br \/>\n+90 532 2519987<\/p>\n<p>adresse<br \/>\nKemer Liman\u0131 Merkez, <\/p>","protected":false},"author":1,"featured_media":0,"parent":0,"menu_order":0,"comment_status":"closed","ping_status":"closed","template":"elementor_header_footer","meta":{"footnotes":""},"class_list":["post-11127","page","type-page","status-publish","hentry"],"_links":{"self":[{"href":"https:\/\/vetatourism.com\/fr\/wp-json\/wp\/v2\/pages\/11127","targetHints":{"allow":["GET"]}}],"collection":[{"href":"https:\/\/vetatourism.com\/fr\/wp-json\/wp\/v2\/pages"}],"about":[{"href":"https:\/\/vetatourism.com\/fr\/wp-json\/wp\/v2\/types\/page"}],"author":[{"embeddable":true,"href":"https:\/\/vetatourism.com\/fr\/wp-json\/wp\/v2\/users\/1"}],"replies":[{"embeddable":true,"href":"https:\/\/vetatourism.com\/fr\/wp-json\/wp\/v2\/comments?post=11127"}],"version-history":[{"count":87,"href":"https:\/\/vetatourism.com\/fr\/wp-json\/wp\/v2\/pages\/11127\/revisions"}],"predecessor-version":[{"id":15039,"href":"https:\/\/vetatourism.com\/fr\/wp-json\/wp\/v2\/pages\/11127\/revisions\/15039"}],"wp:attachment":[{"href":"https:\/\/vetatourism.com\/fr\/wp-json\/wp\/v2\/media?parent=11127"}],"curies":[{"name":"wp","href":"https:\/\/api.w.org\/{rel}","templated":true}]}}