{"id":16275,"date":"2026-02-27T07:03:06","date_gmt":"2026-02-27T07:03:06","guid":{"rendered":"https:\/\/vetatourism.com\/?post_type=product&#038;p=16275"},"modified":"2026-04-25T19:13:08","modified_gmt":"2026-04-25T19:13:08","slug":"blue-cave-bay-of-kotor-yacht-tour","status":"publish","type":"product","link":"https:\/\/vetatourism.com\/tours\/blue-cave-bay-of-kotor-yacht-tour","title":{"rendered":"La Gruta azul &amp; la Bah\u00eda de Kotor Tour en Yate"},"content":{"rendered":"<p>Descubrir que la mayor\u00eda de Montenegro ic\u00f3nico tesoros costeros durante una inolvidable <strong>La Gruta azul &amp; la Bah\u00eda de Kotor Yate de Experiencia<\/strong> \u2014 una combinaci\u00f3n perfecta de aventura, la relajaci\u00f3n, y la impresionante Adri\u00e1tico paisaje.<\/p>\n<p>Crucero a trav\u00e9s de las cristalinas aguas a bordo de un <strong>yate de lujo moderno<\/strong> mientras que la exploraci\u00f3n de cuevas ocultas, acantilados, monumentos hist\u00f3ricos, y espectaculares vistas panor\u00e1micas de la hermosa Bah\u00eda de Kotor.<\/p>\n<p>Nadar en el interior de la famosa <strong>La Gruta Azul<\/strong>donde la luz del sol se refleja a trav\u00e9s de la mar de la creaci\u00f3n m\u00e1gica azul intenso de los colores. Rel\u00e1jese a bordo, tomar fotos impresionantes, o disfrutar de emocionantes saltos de acantilado en las aguas pr\u00edstinas.<\/p>\n<ul>\n<li>\ud83d\udd35 <strong>La Gruta Azul<\/strong> \u2013 Nadar en el interior de Montenegro famosa cueva del mar lleno de azul intenso de los reflejos de la luz.<\/li>\n<li>\ud83d\udea4 <strong>Yate De Lujo De Crucero<\/strong> \u2013 Disfrutar de un paseo c\u00f3modo y suave a trav\u00e9s de las cristalinas aguas del Adri\u00e1tico.<\/li>\n<li>\ud83c\udfde\ufe0f <strong>La bah\u00eda de Kotor<\/strong> \u2013 Crucero a trav\u00e9s de uno de los m\u00e1s hermosos del Mediterr\u00e1neo paisajes costeros.<\/li>\n<li>\ud83d\udcf8 <strong>Las Paradas<\/strong> \u2013 Captura de unas vistas espectaculares de los acantilados, cuevas y costeros hist\u00f3ricos monumentos.<\/li>\n<li>\ud83d\udc2c <strong>Los Delfines<\/strong> \u2013 Suerte, los hu\u00e9spedes pueden ver delfines nadando al lado de la embarcaci\u00f3n.<\/li>\n<\/ul>\n<p>Este yate de experiencia es perfecto para parejas, familias y viajeros que deseen explorar Montenegro de la l\u00ednea de costa en una forma \u00fanica e inolvidable.<\/p>\n<p>&nbsp;<\/p>\n<hr \/>\n<p>&nbsp;<\/p>\n<div class=\"tour-content-what-included\">\n<h4 id=\"whats-included\">\u00bfQu\u00e9 est\u00e1 Incluido<\/h4>\n<ul style=\"column-count: 2;\">\n<li>Profesional de capit\u00e1n y experiencia de la tripulaci\u00f3n<\/li>\n<li>C\u00f3modo yate de lujo de crucero<\/li>\n<li>Audio multiling\u00fce gu\u00eda<\/li>\n<li>Visitar y nadar parada en la Cueva Azul<\/li>\n<li>Los chalecos salvavidas y equipo de seguridad<\/li>\n<li>Crucero panor\u00e1mico por la Bah\u00eda de Kotor<\/li>\n<li>Foto panor\u00e1mica y las paradas tur\u00edsticas<\/li>\n<li>Los costos de combustible y los gastos portuarios incluidos<\/li>\n<\/ul>\n<p>&nbsp;<\/p>\n<\/div>\n<p>&nbsp;<\/p>\n<hr \/>\n<p>&nbsp;<\/p>\n<div class=\"tour-content-add-information\">\n<h4>Informaci\u00f3n Adicional<\/h4>\n<ul>\n<li>C\u00f3modo, moderno yate con sombreados y \u00e1reas abiertas<\/li>\n<li>La nataci\u00f3n deja de depender del clima y las condiciones del mar<\/li>\n<li>Multiling\u00fce audio gu\u00eda disponible a bordo<\/li>\n<li>Adecuado para familias y grupos de todas las edades<\/li>\n<\/ul>\n<p>&nbsp;<\/p>\n<\/div>\n<hr \/>\n<p>&nbsp;<\/p>\n<div class=\"tour-content-cancell-policy\">\n<p><strong>Qu\u00e9 Llevar<\/strong><\/p>\n<ul style=\"column-count: 2;\">\n<li>Trajes de ba\u00f1o y toalla \ud83e\ude71<\/li>\n<li>Protector solar y gafas de sol \ud83d\udd76\ufe0f<\/li>\n<li>Sombrero o gorra \ud83e\udde2<\/li>\n<li>Impermeable de la caja del tel\u00e9fono \ud83d\udcf1<\/li>\n<li>Ropa c\u00f3moda<\/li>\n<li>Algo de dinero para extras \ud83d\udcb3<\/li>\n<\/ul>\n<\/div>","protected":false},"excerpt":{"rendered":"<p>Descubrir que la mayor\u00eda de Montenegro ic\u00f3nico tesoros costeros durante un inolvidable Blue Cave &amp; Bah\u00eda de Kotor Yate de Experiencia \u2014 una combinaci\u00f3n perfecta de aventura, la relajaci\u00f3n, y la impresionante Adri\u00e1tico paisaje.<br \/>\nCruise across <\/p>","protected":false},"featured_media":16168,"comment_status":"open","ping_status":"closed","template":"","meta":[],"product_brand":[],"product_cat":[],"product_tag":[197],"class_list":{"0":"post-16275","1":"product","2":"type-product","3":"status-publish","4":"has-post-thumbnail","6":"product_tag--most-booked","7":"pa_destination-montenegro","9":"first","10":"instock","11":"shipping-taxable","12":"purchasable","13":"product-type-tour_phys"},"_links":{"self":[{"href":"https:\/\/vetatourism.com\/es\/wp-json\/wp\/v2\/product\/16275","targetHints":{"allow":["GET"]}}],"collection":[{"href":"https:\/\/vetatourism.com\/es\/wp-json\/wp\/v2\/product"}],"about":[{"href":"https:\/\/vetatourism.com\/es\/wp-json\/wp\/v2\/types\/product"}],"replies":[{"embeddable":true,"href":"https:\/\/vetatourism.com\/es\/wp-json\/wp\/v2\/comments?post=16275"}],"wp:featuredmedia":[{"embeddable":true,"href":"https:\/\/vetatourism.com\/es\/wp-json\/wp\/v2\/media\/16168"}],"wp:attachment":[{"href":"https:\/\/vetatourism.com\/es\/wp-json\/wp\/v2\/media?parent=16275"}],"wp:term":[{"taxonomy":"product_brand","embeddable":true,"href":"https:\/\/vetatourism.com\/es\/wp-json\/wp\/v2\/product_brand?post=16275"},{"taxonomy":"product_cat","embeddable":true,"href":"https:\/\/vetatourism.com\/es\/wp-json\/wp\/v2\/product_cat?post=16275"},{"taxonomy":"product_tag","embeddable":true,"href":"https:\/\/vetatourism.com\/es\/wp-json\/wp\/v2\/product_tag?post=16275"}],"curies":[{"name":"wp","href":"https:\/\/api.w.org\/{rel}","templated":true}]}}