{"id":16141,"date":"2026-02-24T13:11:00","date_gmt":"2026-02-24T13:11:00","guid":{"rendered":"https:\/\/vetatourism.com\/?post_type=product&#038;p=16141"},"modified":"2026-04-18T16:00:06","modified_gmt":"2026-04-18T16:00:06","slug":"tivat-kotor-boka-bay-full-day-luxury-guided-cruise-with-swim-stop","status":"publish","type":"product","link":"https:\/\/vetatourism.com\/tours\/tivat-kotor-boka-bay-full-day-luxury-guided-cruise-with-swim-stop","title":{"rendered":"Tivat \/ Kotor: la Bah\u00eda de Boka de un D\u00eda Completo de Lujo Guiada Crucero con Parada de Nataci\u00f3n"},"content":{"rendered":"<p>Escape a la belleza atemporal de Montenegro en un inolvidable <strong>La Bah\u00eda De Boka De Un D\u00eda Completo De Crucero<\/strong> \u2014 una mezcla perfecta de relajaci\u00f3n, el descubrimiento, y la impresionante Adri\u00e1tico paisaje.<\/p>\n<p>Saliendo desde <strong>Tivat o Kotor<\/strong>este premium guiada en barco de la experiencia se lleva a trav\u00e9s de la magn\u00edfica <strong>UNESCO que cotiza en la Bah\u00eda de Kotor<\/strong>, a menudo es considerada una de las bah\u00edas m\u00e1s bellas del mundo. Rodeado de espectaculares monta\u00f1as y medieval ciudades costeras, podr\u00e1 explorar los fiordos, como paisajes accesibles s\u00f3lo por mar.<\/p>\n<p>Rel\u00e1jese a bordo de un c\u00f3modo moderno barco, mientras que su gu\u00eda profesional comparte historias fascinantes acerca de Montenegro mar\u00edtima de tradiciones, pueblos hist\u00f3ricos y espacios culturales que dieron forma a esta extraordinaria regi\u00f3n.<\/p>\n<ul>\n<li>\ud83c\udf04 <strong>La bah\u00eda de Kotor<\/strong> \u2013 Explorar protegido por la UNESCO de la bah\u00eda del mar y admirar el espectacular paisaje de monta\u00f1a.<\/li>\n<li>\ud83d\udea4 <strong>Salida desde Tivat o Kotor<\/strong> \u2013 F\u00e1cil acceso a puntos de partida para un suave y agradable viaje.<\/li>\n<li>\ud83c\udf0a <strong>Adri\u00e1tico Parada De Nataci\u00f3n<\/strong> \u2013 Disfrutar de un refrescante nadar en las cristalinas aguas de color turquesa.<\/li>\n<li>\ud83c\udfd8\ufe0f <strong>Pueblos De La Costa<\/strong> \u2013 Descubrir los pintorescos pueblos hist\u00f3ricos y bah\u00edas escondidas a lo largo de la costa.<\/li>\n<li>\ud83d\udcf8 <strong>Vistas Panor\u00e1micas<\/strong> \u2013 Un paisaje impresionante y perfecto oportunidades de la fotograf\u00eda durante todo el crucero.<\/li>\n<\/ul>\n<p>Este relajante de d\u00eda completo de crucero es ideal para parejas, familias y viajeros que buscan experimentar Montenegro de la costa, de la belleza en un c\u00f3modo y memorables.<\/p>\n<p>&nbsp;<\/p>\n<hr \/>\n<p>&nbsp;<\/p>\n<div class=\"tour-content-what-included\">\n<h4 id=\"whats-included\">\u00bfQu\u00e9 est\u00e1 Incluido<\/h4>\n<ul style=\"column-count: 2;\">\n<li>Con licencia profesional capit\u00e1n y experiencia de la tripulaci\u00f3n<\/li>\n<li>Experto gu\u00eda de habla inglesa (multiling\u00fce opciones disponible)<\/li>\n<li>C\u00f3modo de d\u00eda completo paseo en barco por la Bah\u00eda de Boka<\/li>\n<li>Cuidadosamente seleccionados de nataci\u00f3n parada<\/li>\n<li>Los chalecos salvavidas y completa de equipos de seguridad<\/li>\n<li>Los costos de combustible y los gastos portuarios incluidos<\/li>\n<li>Visita panor\u00e1mica de la experiencia<\/li>\n<\/ul>\n<p>&nbsp;<\/p>\n<\/div>\n<p>&nbsp;<\/p>\n<hr \/>\n<p>&nbsp;<\/p>\n<div class=\"tour-content-add-information\">\n<h4>Informaci\u00f3n Adicional<\/h4>\n<ul>\n<li>Salida desde Tivat o Kotor, dependiendo de la disponibilidad<\/li>\n<li>De d\u00eda completo la experiencia de cruceros<\/li>\n<li>La nataci\u00f3n deja de depender del clima y las condiciones del mar<\/li>\n<li>Adecuado para familias y grupos de todas las edades<\/li>\n<\/ul>\n<p>&nbsp;<\/p>\n<\/div>\n<hr \/>\n<p>&nbsp;<\/p>\n<div class=\"tour-content-cancell-policy\">\n<p><strong>Qu\u00e9 Llevar<\/strong><\/p>\n<ul style=\"column-count: 2;\">\n<li>Protector solar y gafas de sol \ud83d\udd76\ufe0f<\/li>\n<li>Trajes de ba\u00f1o y toalla \ud83e\ude71<\/li>\n<li>Sombrero o gorra \ud83e\udde2<\/li>\n<li>C\u00e1mara o un tel\u00e9fono \ud83d\udcf1<\/li>\n<li>Ropa c\u00f3moda<\/li>\n<li>Algo de dinero para extras \ud83d\udcb3<\/li>\n<\/ul>\n<\/div>","protected":false},"excerpt":{"rendered":"<p>Escape a la belleza atemporal de Montenegro en una inolvidable de la Bah\u00eda de Boka Completo Crucero de D\u00eda \u2014 una mezcla perfecta de relajaci\u00f3n, el descubrimiento, y la impresionante Adri\u00e1tico paisaje.<br \/>\nDeparting from Tivat or Kotor, <\/p>","protected":false},"featured_media":16153,"comment_status":"open","ping_status":"closed","template":"","meta":[],"product_brand":[],"product_cat":[],"product_tag":[],"class_list":{"0":"post-16141","1":"product","2":"type-product","3":"status-publish","4":"has-post-thumbnail","6":"pa_destination-montenegro","8":"first","9":"instock","10":"shipping-taxable","11":"purchasable","12":"product-type-tour_phys"},"_links":{"self":[{"href":"https:\/\/vetatourism.com\/es\/wp-json\/wp\/v2\/product\/16141","targetHints":{"allow":["GET"]}}],"collection":[{"href":"https:\/\/vetatourism.com\/es\/wp-json\/wp\/v2\/product"}],"about":[{"href":"https:\/\/vetatourism.com\/es\/wp-json\/wp\/v2\/types\/product"}],"replies":[{"embeddable":true,"href":"https:\/\/vetatourism.com\/es\/wp-json\/wp\/v2\/comments?post=16141"}],"wp:featuredmedia":[{"embeddable":true,"href":"https:\/\/vetatourism.com\/es\/wp-json\/wp\/v2\/media\/16153"}],"wp:attachment":[{"href":"https:\/\/vetatourism.com\/es\/wp-json\/wp\/v2\/media?parent=16141"}],"wp:term":[{"taxonomy":"product_brand","embeddable":true,"href":"https:\/\/vetatourism.com\/es\/wp-json\/wp\/v2\/product_brand?post=16141"},{"taxonomy":"product_cat","embeddable":true,"href":"https:\/\/vetatourism.com\/es\/wp-json\/wp\/v2\/product_cat?post=16141"},{"taxonomy":"product_tag","embeddable":true,"href":"https:\/\/vetatourism.com\/es\/wp-json\/wp\/v2\/product_tag?post=16141"}],"curies":[{"name":"wp","href":"https:\/\/api.w.org\/{rel}","templated":true}]}}