{"id":16134,"date":"2026-02-24T12:48:20","date_gmt":"2026-02-24T12:48:20","guid":{"rendered":"https:\/\/vetatourism.com\/?post_type=product&#038;p=16134"},"modified":"2026-03-05T06:19:16","modified_gmt":"2026-03-05T06:19:16","slug":"tara-river-rafting-adventure-montenegro","status":"publish","type":"product","link":"https:\/\/vetatourism.com\/tours\/tara-river-rafting-adventure-montenegro","title":{"rendered":"Rafting En El R\u00edo Tara Aventura \u2014 Montenegro"},"content":{"rendered":"<p>Emb\u00e1rcate en una aventura inolvidable a trav\u00e9s del coraz\u00f3n de Montenegro de naturaleza virgen, con una gran <strong>Rafting En El R\u00edo Tara Experiencia<\/strong> \u2014 una mezcla perfecta de adrenalina, paisajes impresionantes, y la naturaleza aut\u00e9ntica de descubrimiento.<\/p>\n<p>Su viaje se lleva a cabo en el legendario R\u00edo Tara, que fluye a trav\u00e9s de <strong>Ca\u00f1\u00f3n m\u00e1s profundo de europa<\/strong> y uno de los m\u00e1s espectaculares paisajes naturales. Conocido como el <strong>\"L\u00e1grima de Europa\"<\/strong> por su excepcional pureza del agua, el R\u00edo Tara ofrece aguas cristalinas color turquesa rodeada de acantilados, bosques frondosos, cascadas, y escondidas playas naturales.<\/p>\n<p>Guiado por profesionales con experiencia, patrones, se desplazar\u00e1 emocionantes r\u00e1pidos mezclado con fines pac\u00edficos esc\u00e9nica secciones de decisiones en esta aventura perfecta tanto para principiantes como para experimentados exploradores.<\/p>\n<ul>\n<li>\ud83c\udfde\ufe0f <strong>El Ca\u00f1\u00f3n De Tara<\/strong> \u2013 Balsa a trav\u00e9s de Europa del ca\u00f1\u00f3n m\u00e1s profundo y descubrir uno de Montenegro m\u00e1s impresionantes maravillas naturales.<\/li>\n<li>\ud83c\udf3f <strong>Protegida por la UNESCO en la Naturaleza<\/strong> \u2013 Explorar conserva un entorno natural lleno de bosques, barrancos y cascadas.<\/li>\n<li>\ud83d\udca7 <strong>Aguas Cristalinas<\/strong> \u2013 La experiencia de la pura turquesa del r\u00edo conocido como la \"L\u00e1grima de Europa\".<\/li>\n<li>\ud83d\udea3 <strong>Emocionantes R\u00e1pidos<\/strong> \u2013 Disfrutar de un perfecto equilibrio entre los emocionantes r\u00e1pidos y relajante esc\u00e9nica de rafting.<\/li>\n<li>\ud83d\udcf8 <strong>De La Nataci\u00f3n Y De Las Paradas<\/strong> \u2013 Tomar descansos en la naturaleza virgen, para nadar y fotos inolvidables.<\/li>\n<\/ul>\n<p>Esta aventura rafting es perfecto para familias, parejas y amantes de la aventura que buscan la experiencia de Montenegro belleza salvaje en una forma \u00fanica e inolvidable.<\/p>\n<p>&nbsp;<\/p>\n<hr \/>\n<p>&nbsp;<\/p>\n<div class=\"tour-content-what-included\">\n<h4 id=\"whats-included\">\u00bfQu\u00e9 est\u00e1 Incluido<\/h4>\n<ul style=\"column-count: 2;\">\n<li>La licencia profesional de gu\u00eda de rafting y briefing de seguridad<\/li>\n<li>Completa el equipo de rafting (casco, traje de neopreno, chaleco salvavidas, remo)<\/li>\n<li>Moderno barco que transporta en balsa<\/li>\n<li>El equipo de seguridad y de seguros<\/li>\n<li>Esc\u00e9nica experiencia de rafting por el Ca\u00f1\u00f3n del Tara<\/li>\n<li>La nataci\u00f3n y de las paradas<\/li>\n<li>Los impuestos locales y el r\u00edo permisos incluidos<\/li>\n<li>Paquetes opcionales pueden incluir la transferencia o comidas<\/li>\n<\/ul>\n<p>&nbsp;<\/p>\n<\/div>\n<p>&nbsp;<\/p>\n<hr \/>\n<p>&nbsp;<\/p>\n<div class=\"tour-content-add-information\">\n<h4>Informaci\u00f3n Adicional<\/h4>\n<ul>\n<li>Adecuado para los principiantes y experimentados vigas<\/li>\n<li>Gu\u00edas profesionales para garantizar una experiencia segura y agradable<\/li>\n<li>La ruta y el rafting condiciones pueden variar dependiendo del clima y del nivel del agua<\/li>\n<li>Familiar de la actividad<\/li>\n<\/ul>\n<p>&nbsp;<\/p>\n<\/div>\n<hr \/>\n<p>&nbsp;<\/p>\n<div class=\"tour-content-cancell-policy\">\n<p><strong>Qu\u00e9 Llevar<\/strong><\/p>\n<ul style=\"column-count: 2;\">\n<li>Trajes de ba\u00f1o y toalla \ud83e\ude71<\/li>\n<li>Ropa y zapatos c\u00f3modos<\/li>\n<li>Protector solar y gafas de sol \ud83d\udd76\ufe0f<\/li>\n<li>Impermeable de la caja del tel\u00e9fono \ud83d\udcf1<\/li>\n<li>Extra seca la ropa<\/li>\n<li>Algo de dinero para extras \ud83d\udcb3<\/li>\n<\/ul>\n<\/div>","protected":false},"excerpt":{"rendered":"<p>Embark on an unforgettable adventure through the heart of Montenegro\u2019s untouched wilderness with an exciting Tara River Rafting Experience \u2014 a perfect mix of adrenaline, breathtaking scenery, and authentic nature <\/p>","protected":false},"featured_media":16135,"comment_status":"open","ping_status":"closed","template":"","meta":[],"product_brand":[],"product_cat":[],"product_tag":[],"class_list":{"0":"post-16134","1":"product","2":"type-product","3":"status-publish","4":"has-post-thumbnail","6":"pa_destination-montenegro","8":"first","9":"instock","10":"shipping-taxable","11":"purchasable","12":"product-type-tour_phys"},"_links":{"self":[{"href":"https:\/\/vetatourism.com\/es\/wp-json\/wp\/v2\/product\/16134","targetHints":{"allow":["GET"]}}],"collection":[{"href":"https:\/\/vetatourism.com\/es\/wp-json\/wp\/v2\/product"}],"about":[{"href":"https:\/\/vetatourism.com\/es\/wp-json\/wp\/v2\/types\/product"}],"replies":[{"embeddable":true,"href":"https:\/\/vetatourism.com\/es\/wp-json\/wp\/v2\/comments?post=16134"}],"wp:featuredmedia":[{"embeddable":true,"href":"https:\/\/vetatourism.com\/es\/wp-json\/wp\/v2\/media\/16135"}],"wp:attachment":[{"href":"https:\/\/vetatourism.com\/es\/wp-json\/wp\/v2\/media?parent=16134"}],"wp:term":[{"taxonomy":"product_brand","embeddable":true,"href":"https:\/\/vetatourism.com\/es\/wp-json\/wp\/v2\/product_brand?post=16134"},{"taxonomy":"product_cat","embeddable":true,"href":"https:\/\/vetatourism.com\/es\/wp-json\/wp\/v2\/product_cat?post=16134"},{"taxonomy":"product_tag","embeddable":true,"href":"https:\/\/vetatourism.com\/es\/wp-json\/wp\/v2\/product_tag?post=16134"}],"curies":[{"name":"wp","href":"https:\/\/api.w.org\/{rel}","templated":true}]}}