{"id":14171,"date":"2026-02-01T08:52:26","date_gmt":"2026-02-01T08:52:26","guid":{"rendered":"https:\/\/vetatourism.com\/?post_type=product&#038;p=14171"},"modified":"2026-02-24T12:12:47","modified_gmt":"2026-02-24T12:12:47","slug":"pirate-boat-trip-gonster-from-antalya-all-inclusive","status":"publish","type":"product","link":"https:\/\/vetatourism.com\/tours\/pirate-boat-trip-gonster-from-antalya-all-inclusive","title":{"rendered":"Barco Pirata Viaje Gonster Desde Antalya \u2013 Todo Incluido"},"content":{"rendered":"<p class=\"\" data-start=\"882\" data-end=\"1040\">Prep\u00e1rate para un d\u00eda inolvidable en el mar, con la <strong data-start=\"937\" data-end=\"965\">Gonster<\/strong> <strong data-start=\"937\" data-end=\"965\">Barco Pirata Tour<\/strong> \u2014 la mezcla perfecta de emoci\u00f3n, naturaleza y relax Mediterr\u00e1neo vibraciones.<\/p>\n<p class=\"\" data-start=\"1042\" data-end=\"1335\">Su viaje comienza en Kemer Marina, donde a bordo del Gonster, un estilo pirata barco lleno de car\u00e1cter. A medida que navega a lo largo de la hermosa costa, la tripulaci\u00f3n se mantenga la atm\u00f3sfera animada, con m\u00fasica, baile, tem\u00e1ticos y de entretenimiento \u2014 perfecto para familias, amigos y amantes de la aventura!<\/p>\n<p class=\"\" data-start=\"1337\" data-end=\"1408\">Usted va a visitar tres espectaculares bah\u00edas, perfecto para nadar y relajarse:<\/p>\n<ul>\n<li data-start=\"1410\" data-end=\"1559\">\ud83c\udfdb\ufe0f <strong data-start=\"1414\" data-end=\"1430\">Phaselis Bay<\/strong> \u2013 Nadar cerca de las antiguas ruinas de la Licia de la ciudad de Phaselis. Un lugar donde la historia se funde con la naturaleza en un ambiente tranquilo y tranquilo.<\/li>\n<li data-start=\"1561\" data-end=\"1673\">\ud83c\udfdd\ufe0f <strong data-start=\"1565\" data-end=\"1579\">El Cielo De La Bah\u00eda De<\/strong> \u2013 Una joya escondida rodeada de exuberante naturaleza y aguas cristalinas, ideal para una tranquila y pintoresca nadar.<\/li>\n<li data-start=\"1675\" data-end=\"1791\">\ud83c\udf0a <strong data-start=\"1678\" data-end=\"1695\">Moonlight Bay<\/strong> \u2013 Un popular y pintoresco parada cerca de Kemer, donde podr\u00e1 relajarse, tomar fotos, o disfrutar del mar.<\/li>\n<li data-start=\"1793\" data-end=\"1936\">\ud83e\udd9c <strong data-start=\"1796\" data-end=\"1811\">Cueva Del Pirata<\/strong> \u2013 Crucero por el pasado de esta misteriosa cueva del mar lleno de piratas y leyendas incre\u00edbles formaciones rocosas \u2014 no olvides tu c\u00e1mara!<\/li>\n<\/ul>\n<p class=\"\" data-start=\"1938\" data-end=\"2123\">Durante el crucero, podr\u00e1 disfrutar de un delicioso almuerzo servido a bordo, con <strong data-start=\"2009\" data-end=\"2033\">bebida incluida<\/strong> a lo largo del d\u00eda. Hay un mont\u00f3n de espacio para tomar el sol, bailar, o simplemente disfrutar de la vista.<\/p>\n<p class=\"\" data-start=\"2125\" data-end=\"2273\">Perfecto para familias con ni\u00f1os, parejas, o cualquier persona que ama la diversi\u00f3n en el agua \u2014 el Barco Pirata Gonster ofrece un d\u00eda lleno de recuerdos inolvidables!<\/p>\n<p>&nbsp;<\/p>\n<hr \/>\n<p>&nbsp;<\/p>\n<div class=\"tour-content-what-included\">\n<h4 id=\"whats-included\">\u00bfQu\u00e9 est\u00e1 Incluido<\/h4>\n<ul style=\"column-count: 2;\">\n<li>Excursi\u00f3n de un d\u00eda completo en barco con tem\u00e1tica pirata, m\u00fasica y espect\u00e1culos en directo<\/li>\n<li>La excursi\u00f3n dura aproximadamente 5-6 horas<\/li>\n<li>El almuerzo y los refrescos est\u00e1n incluidos y se sirven a bordo<\/li>\n<li>El barco ofrece tanto zonas de sombra para sentarse como cubiertas abiertas para tomar el sol.<\/li>\n<li>Recorrido familiar apto para ni\u00f1os y adultos<\/li>\n<li>La ruta de la nataci\u00f3n y las paradas podr\u00edan cambiar dependiendo de la mar y las condiciones clim\u00e1ticas<\/li>\n<li>Los ni\u00f1os que viajen gratis no dispondr\u00e1n de un asiento individual en el autob\u00fas de enlace; si el autob\u00fas est\u00e1 lleno, deber\u00e1n sentarse en el regazo de un tutor o reservar un asiento individual.<\/li>\n<\/ul>\n<p>&nbsp;<\/p>\n<\/div>\n<p>&nbsp;<\/p>\n<hr \/>\n<p>&nbsp;<\/p>\n<div class=\"tour-content-add-information\">\n<h4>Informaci\u00f3n Adicional<\/h4>\n<ul>\n<li>Tour duraci\u00f3n: 5-6 horas<\/li>\n<li>El barco tiene tanto de sombra y zonas para tomar el sol<\/li>\n<li>Los ni\u00f1os que asisten a la libre voluntad no tiene un asiento en el autob\u00fas. Si el autob\u00fas est\u00e1 lleno, deben sentarse en un guardi\u00e1n de la vuelta, o un asiento separado debe ser comprado al momento de la reserva.<\/li>\n<\/ul>\n<p>&nbsp;<\/p>\n<\/div>\n<hr \/>\n<p>&nbsp;<\/p>\n<div class=\"tour-content-cancell-policy\">\n<p><strong>Qu\u00e9 Llevar<\/strong><\/p>\n<ul style=\"column-count: 2;\">\n<li>Protector solar y gafas de sol <img decoding=\"async\" class=\"emoji\" role=\"img\" draggable=\"false\" src=\"https:\/\/s.w.org\/images\/core\/emoji\/17.0.2\/svg\/1f576.svg\" alt=\"\ud83d\udd76\ufe0f\" \/><\/li>\n<li>Sombrero o gorra <img decoding=\"async\" class=\"emoji\" role=\"img\" draggable=\"false\" src=\"https:\/\/s.w.org\/images\/core\/emoji\/17.0.2\/svg\/1f9e2.svg\" alt=\"\ud83e\udde2\" \/><\/li>\n<li>Trajes de ba\u00f1o y toalla <img decoding=\"async\" class=\"emoji\" role=\"img\" draggable=\"false\" src=\"https:\/\/s.w.org\/images\/core\/emoji\/17.0.2\/svg\/1fa71.svg\" alt=\"\ud83e\ude71\" \/><\/li>\n<li>Impermeable de la caja del tel\u00e9fono o la c\u00e1mara \ud83d\udcf1<\/li>\n<li>Algo de dinero en efectivo para souvenirs o extras <img decoding=\"async\" class=\"emoji\" role=\"img\" draggable=\"false\" src=\"https:\/\/s.w.org\/images\/core\/emoji\/17.0.2\/svg\/1f4b3.svg\" alt=\"\ud83d\udcb3\" \/><\/li>\n<\/ul>\n<\/div>","protected":false},"excerpt":{"rendered":"<p>Prep\u00e1rate para un d\u00eda inolvidable en el mar, con la Gonster Barco Pirata Tour \u2014 la mezcla perfecta de emoci\u00f3n, naturaleza y relax Mediterr\u00e1neo vibraciones.<br \/>\nSu viaje comienza en <\/p>","protected":false},"featured_media":14172,"comment_status":"open","ping_status":"closed","template":"","meta":[],"product_brand":[],"product_cat":[15],"product_tag":[],"class_list":{"0":"post-14171","1":"product","2":"type-product","3":"status-publish","4":"has-post-thumbnail","6":"tour_phys-tours","7":"product_cat-non-classe","8":"pa_activity-pirate-boat-tours","9":"pa_destination-antalya","11":"first","12":"instock","13":"shipping-taxable","14":"purchasable","15":"product-type-tour_phys"},"_links":{"self":[{"href":"https:\/\/vetatourism.com\/es\/wp-json\/wp\/v2\/product\/14171","targetHints":{"allow":["GET"]}}],"collection":[{"href":"https:\/\/vetatourism.com\/es\/wp-json\/wp\/v2\/product"}],"about":[{"href":"https:\/\/vetatourism.com\/es\/wp-json\/wp\/v2\/types\/product"}],"replies":[{"embeddable":true,"href":"https:\/\/vetatourism.com\/es\/wp-json\/wp\/v2\/comments?post=14171"}],"wp:featuredmedia":[{"embeddable":true,"href":"https:\/\/vetatourism.com\/es\/wp-json\/wp\/v2\/media\/14172"}],"wp:attachment":[{"href":"https:\/\/vetatourism.com\/es\/wp-json\/wp\/v2\/media?parent=14171"}],"wp:term":[{"taxonomy":"product_brand","embeddable":true,"href":"https:\/\/vetatourism.com\/es\/wp-json\/wp\/v2\/product_brand?post=14171"},{"taxonomy":"product_cat","embeddable":true,"href":"https:\/\/vetatourism.com\/es\/wp-json\/wp\/v2\/product_cat?post=14171"},{"taxonomy":"product_tag","embeddable":true,"href":"https:\/\/vetatourism.com\/es\/wp-json\/wp\/v2\/product_tag?post=14171"}],"curies":[{"name":"wp","href":"https:\/\/api.w.org\/{rel}","templated":true}]}}