{"id":14160,"date":"2026-02-01T08:47:15","date_gmt":"2026-02-01T08:47:15","guid":{"rendered":"https:\/\/vetatourism.com\/?post_type=product&#038;p=14160"},"modified":"2026-04-08T17:48:38","modified_gmt":"2026-04-08T17:48:38","slug":"pirate-boat-trip-red-dragon-from-antalya-with-lunch","status":"publish","type":"product","link":"https:\/\/vetatourism.com\/tours\/pirate-boat-trip-red-dragon-from-antalya-with-lunch","title":{"rendered":"Barco Pirata Viaje Drag\u00f3n Rojo Desde Antalya Con Almuerzo"},"content":{"rendered":"<p class=\"\" data-start=\"259\" data-end=\"526\">Navegar en un d\u00eda perfecto con la <strong data-start=\"292\" data-end=\"321\">Kemer pirate Boat Tour<\/strong>, donde el brillante azul del mar se encuentra el relax, la diversi\u00f3n, y las maravillas naturales. Si usted est\u00e1 tomando el sol en la amplia terraza, nadar en aguas cristalinas, o explorar calas escondidas, este tour lo tiene todo.<\/p>\n<p class=\"\" data-start=\"528\" data-end=\"757\">Su viaje comienza en <strong data-start=\"551\" data-end=\"567\">Kemer Marina<\/strong>, where you\u2019ll board a pirate boat equipped for comfort and style. The boat will cruise along the scenic coastline, stopping at <strong data-start=\"700\" data-end=\"727\">tres impresionantes bah\u00edas<\/strong> para la nataci\u00f3n y la exploraci\u00f3n:<\/p>\n<ul>\n<li data-start=\"761\" data-end=\"943\">\ud83c\udfdb\ufe0f <strong data-start=\"765\" data-end=\"781\">Phaselis Bay<\/strong>: Nadar cerca de las antiguas ruinas de la Licia de la ciudad de Phaselis. Este lugar \u00fanico que combina la historia y la naturaleza, rodeado de pinos y tranquilo, de aguas claras.<\/li>\n<li data-start=\"946\" data-end=\"1081\"><strong>\ud83c\udfdd\ufe0f El Cielo De La Bah\u00eda De<\/strong>: Un para\u00edso aislado conocido por su profundo azul del mar y la belleza virgen \u2014 perfecto para una estancia pac\u00edfica nadar.<\/li>\n<li data-start=\"1084\" data-end=\"1229\">\ud83c\udf0a <strong data-start=\"1087\" data-end=\"1119\">Moonlight Bay<\/strong>: Un lugar favorito cerca de Kemer, con un ambiente relajado, ideal para nadar, tomar el sol y tomar fotos incre\u00edbles.<\/li>\n<li data-start=\"1232\" data-end=\"1420\">\ud83c\udff4\u2620\ufe0f <strong data-start=\"1238\" data-end=\"1271\">Cueva Del Pirata<\/strong>: Crucero por el pasado de esta misteriosa cueva del mar, donde pirata leyendas a\u00fan resuenan. Una gran oportunidad para tomar fotos con impresionantes formaciones rocosas y aguas azul profundo.<\/li>\n<\/ul>\n<p class=\"\" data-start=\"1422\" data-end=\"1692\">Mientras disfruta del paisaje, la tripulaci\u00f3n se mantenga el buen rollo que se va con la m\u00fasica y opcional luz de entretenimiento. Habr\u00e1 tiempo para disfrutar de <strong data-start=\"1564\" data-end=\"1581\">almuerzo a bordo<\/strong> (dependiendo del paquete), as\u00ed como un mont\u00f3n de oportunidades para relajarse, tomar el sol, o simplemente disfrutar de las vistas.<\/p>\n<p class=\"\" data-start=\"1694\" data-end=\"1818\">Perfect for couples, groups, families, or solo travelers \u2014 this pirate boat is one of the most enjoyable day tours.<\/p>\n<p>&nbsp;<\/p>\n<hr \/>\n<p>&nbsp;<\/p>\n<div class=\"tour-content-what-included\">\n<h4 id=\"whats-included\">\u00bfQu\u00e9 est\u00e1 Incluido<\/h4>\n<ul style=\"column-count: 2;\">\n<li>Full-day pirate boat tour departing from Kemer Marina<\/li>\n<li>Amplio y moderno catamar\u00e1n con sombra y zonas para tomar el sol<\/li>\n<li>Varios de nataci\u00f3n deja en claro, en bah\u00edas de color turquesa<\/li>\n<li>Ambiente relajado con m\u00fasica ligera a bordo<\/li>\n<li>La ruta de la nataci\u00f3n y las paradas podr\u00edan cambiar dependiendo de la mar y las condiciones clim\u00e1ticas<\/li>\n<li>Adecuado para parejas, familias, grupos y viajeros individuales<\/li>\n<\/ul>\n<p>&nbsp;<\/p>\n<\/div>\n<hr \/>\n<div class=\"tour-content-add-information\">\n<h4>Informaci\u00f3n Adicional<\/h4>\n<ul>\n<li>Tour duraci\u00f3n: 5-6 horas<\/li>\n<li>the pirate boat has both shaded and sunbathing areas<\/li>\n<li>Los ni\u00f1os que asisten a la libre voluntad no tiene un asiento en el autob\u00fas. Si el autob\u00fas est\u00e1 lleno, deben sentarse en un guardi\u00e1n de la vuelta, o un asiento separado debe ser comprado al momento de la reserva.<\/li>\n<\/ul>\n<p>&nbsp;<\/p>\n<\/div>\n<hr \/>\n<p>&nbsp;<\/p>\n<div class=\"tour-content-cancell-policy\">\n<p><strong>Qu\u00e9 Llevar<\/strong><\/p>\n<ul style=\"column-count: 2;\">\n<li>Protector solar y gafas de sol <img decoding=\"async\" class=\"emoji\" role=\"img\" draggable=\"false\" src=\"https:\/\/s.w.org\/images\/core\/emoji\/17.0.2\/svg\/1f576.svg\" alt=\"\ud83d\udd76\ufe0f\" \/><\/li>\n<li>Sombrero o gorra <img decoding=\"async\" class=\"emoji\" role=\"img\" draggable=\"false\" src=\"https:\/\/s.w.org\/images\/core\/emoji\/17.0.2\/svg\/1f9e2.svg\" alt=\"\ud83e\udde2\" \/><\/li>\n<li>Trajes de ba\u00f1o y toalla <img decoding=\"async\" class=\"emoji\" role=\"img\" draggable=\"false\" src=\"https:\/\/s.w.org\/images\/core\/emoji\/17.0.2\/svg\/1fa71.svg\" alt=\"\ud83e\ude71\" \/><\/li>\n<li>Impermeable de la caja del tel\u00e9fono o la c\u00e1mara \ud83d\udcf1<\/li>\n<li>Algo de dinero en efectivo para souvenirs o extras <img decoding=\"async\" class=\"emoji\" role=\"img\" draggable=\"false\" src=\"https:\/\/s.w.org\/images\/core\/emoji\/17.0.2\/svg\/1f4b3.svg\" alt=\"\ud83d\udcb3\" \/><\/li>\n<\/ul>\n<\/div>","protected":false},"excerpt":{"rendered":"<p>Sail into a perfect day with the Kemer pirate Boat Tour, where the sparkling blue sea meets relaxation, fun, and natural wonders. Whether you\u2019re sunbathing on the spacious deck, swimming <\/p>","protected":false},"featured_media":16565,"comment_status":"open","ping_status":"closed","template":"","meta":[],"product_brand":[],"product_cat":[],"product_tag":[],"class_list":{"0":"post-14160","1":"product","2":"type-product","3":"status-publish","4":"has-post-thumbnail","6":"tour_phys-tours","7":"pa_activity-pirate-boat-tours","8":"pa_destination-antalya","10":"first","11":"instock","12":"shipping-taxable","13":"purchasable","14":"product-type-tour_phys"},"_links":{"self":[{"href":"https:\/\/vetatourism.com\/es\/wp-json\/wp\/v2\/product\/14160","targetHints":{"allow":["GET"]}}],"collection":[{"href":"https:\/\/vetatourism.com\/es\/wp-json\/wp\/v2\/product"}],"about":[{"href":"https:\/\/vetatourism.com\/es\/wp-json\/wp\/v2\/types\/product"}],"replies":[{"embeddable":true,"href":"https:\/\/vetatourism.com\/es\/wp-json\/wp\/v2\/comments?post=14160"}],"wp:featuredmedia":[{"embeddable":true,"href":"https:\/\/vetatourism.com\/es\/wp-json\/wp\/v2\/media\/16565"}],"wp:attachment":[{"href":"https:\/\/vetatourism.com\/es\/wp-json\/wp\/v2\/media?parent=14160"}],"wp:term":[{"taxonomy":"product_brand","embeddable":true,"href":"https:\/\/vetatourism.com\/es\/wp-json\/wp\/v2\/product_brand?post=14160"},{"taxonomy":"product_cat","embeddable":true,"href":"https:\/\/vetatourism.com\/es\/wp-json\/wp\/v2\/product_cat?post=14160"},{"taxonomy":"product_tag","embeddable":true,"href":"https:\/\/vetatourism.com\/es\/wp-json\/wp\/v2\/product_tag?post=14160"}],"curies":[{"name":"wp","href":"https:\/\/api.w.org\/{rel}","templated":true}]}}