{"id":14138,"date":"2026-02-01T07:42:08","date_gmt":"2026-02-01T07:42:08","guid":{"rendered":"https:\/\/vetatourism.com\/?post_type=product&#038;p=14138"},"modified":"2026-02-27T06:12:09","modified_gmt":"2026-02-27T06:12:09","slug":"antalya-city-tour-from-kemer-old-town-waterfalls","status":"publish","type":"product","link":"https:\/\/vetatourism.com\/tours\/antalya-city-tour-from-kemer-old-town-waterfalls","title":{"rendered":"Antalya Tour De La Ciudad De Kemer \u2013 Old Town Y Cascadas De Agua"},"content":{"rendered":"<p data-start=\"328\" data-end=\"697\">Descubra lo mejor de <strong data-start=\"354\" data-end=\"395\"><span class=\"hover:entity-accent entity-underline inline cursor-pointer align-baseline\"><span class=\"whitespace-normal\">Antalya<\/span><\/span><\/strong> en esta inolvidable visita guiada de d\u00eda completo que combina a la perfecci\u00f3n historia, naturaleza y relax. Desde antiguas calles y cascadas hasta un pintoresco paseo en barco por la costa mediterr\u00e1nea, esta experiencia est\u00e1 dise\u00f1ada para mostrarle los lugares m\u00e1s emblem\u00e1ticos de Antalya, todo en un d\u00eda perfectamente planificado.<\/p>\n<p data-start=\"699\" data-end=\"1136\">Su viaje comienza con una c\u00f3moda recogida en el hotel con aire acondicionado antes de dirigirse al coraz\u00f3n de la ciudad. Pasee por <strong data-start=\"826\" data-end=\"867\"><span class=\"hover:entity-accent entity-underline inline cursor-pointer align-baseline\"><span class=\"whitespace-normal\">Kalei\u00e7i<\/span><\/span><\/strong>, Visite el casco antiguo de Antalya, donde la historia romana, bizantina y otomana cobra vida. Pasee por lugares emblem\u00e1ticos como la Puerta de Adriano, el minarete de Yivli y la Torre del Reloj, y disfrute de tiempo libre para explorar las tiendas locales, los museos o los acogedores caf\u00e9s que se esconden a lo largo de las calles adoquinadas.<\/p>\n<p data-start=\"1138\" data-end=\"1398\">A continuaci\u00f3n, rel\u00e1jese en un pintoresco paseo en barco de una hora de duraci\u00f3n que sale del hist\u00f3rico Puerto Viejo. Navegue a lo largo de la dram\u00e1tica costa y admire las impresionantes vistas de los acantilados, las aguas turquesas y el mar Mediterr\u00e1neo, un momento perfecto para relajarse y capturar fotos inolvidables.<\/p>\n<p>&nbsp;<\/p>\n<hr \/>\n<p>&nbsp;<\/p>\n<div class=\"tour-content-what-included\">\n<h4 id=\"whats-included\">\u00bfQu\u00e9 est\u00e1 Incluido<\/h4>\n<ul style=\"column-count: 2;\">\n<li>Recogida en el Hotel en veh\u00edculo con aire acondicionado<\/li>\n<li>Explorar el casco antiguo (Kalei\u00e7i) y los monumentos hist\u00f3ricos<\/li>\n<li>1 hora de paseo en barco desde el Puerto Antiguo<\/li>\n<li>Almuerzo tradicional turco en restaurante local<\/li>\n<li>Visita Alto Y Bajo Cascadas De D\u00fcden<\/li>\n<li>Parada en un taller local de orfebrer\u00eda<\/li>\n<li>Traslado de regreso al hotel<\/li>\n<\/ul>\n<\/div>\n<p>&nbsp;<\/p>\n<hr \/>\n<p>&nbsp;<\/p>\n<div class=\"tour-content-add-information\">\n<h4>Informaci\u00f3n Adicional<\/h4>\n<ul>\n<li>Vista de Viaje en Barco: vamos a tener una hora de turismo paseo en barco desde Antalya antiguo de la ciudad puerto.<\/li>\n<li>El itinerario puede variar dependiendo de los niveles de multitud y el clima para la mejor experiencia.<\/li>\n<li>No es adecuado para usuarios de sillas de ruedas.<\/li>\n<li>Los ni\u00f1os (entradas gratis) no se han separado de los asientos en el autob\u00fas. Si el asiento es necesario, un ni\u00f1o debe comprar el boleto.<\/li>\n<\/ul>\n<p>&nbsp;<\/p>\n<\/div>\n<hr \/>\n<p>&nbsp;<\/p>\n<div class=\"tour-content-cancell-policy\">\n<p><strong>Qu\u00e9 Llevar<\/strong><\/p>\n<ul style=\"column-count: 2;\">\n<li>Zapatos c\u00f3modos para caminar \ud83d\udc5f<\/li>\n<li>Gafas de sol y sombrero para el sol \ud83d\udd76\ufe0f<\/li>\n<li>Protector solar \ud83e\uddf4<\/li>\n<li>Ropa c\u00f3moda \ud83d\udc55<\/li>\n<li>Dinero para extras opcionales <img decoding=\"async\" class=\"emoji\" role=\"img\" draggable=\"false\" src=\"https:\/\/s.w.org\/images\/core\/emoji\/17.0.2\/svg\/1f4b3.svg\" alt=\"\ud83d\udcb3\" \/><\/li>\n<\/ul>\n<\/div>","protected":false},"excerpt":{"rendered":"<p>Discover the very best of Antalya on this unforgettable full-day guided tour that perfectly blends history, nature, and relaxation. From ancient streets and cascading waterfalls to a scenic boat trip <\/p>","protected":false},"featured_media":15814,"comment_status":"open","ping_status":"closed","template":"","meta":[],"product_brand":[],"product_cat":[15],"product_tag":[],"class_list":{"0":"post-14138","1":"product","2":"type-product","3":"status-publish","4":"has-post-thumbnail","6":"tour_phys-tours","7":"product_cat-non-classe","8":"pa_destination-kemer","10":"first","11":"instock","12":"shipping-taxable","13":"purchasable","14":"product-type-tour_phys"},"_links":{"self":[{"href":"https:\/\/vetatourism.com\/es\/wp-json\/wp\/v2\/product\/14138","targetHints":{"allow":["GET"]}}],"collection":[{"href":"https:\/\/vetatourism.com\/es\/wp-json\/wp\/v2\/product"}],"about":[{"href":"https:\/\/vetatourism.com\/es\/wp-json\/wp\/v2\/types\/product"}],"replies":[{"embeddable":true,"href":"https:\/\/vetatourism.com\/es\/wp-json\/wp\/v2\/comments?post=14138"}],"wp:featuredmedia":[{"embeddable":true,"href":"https:\/\/vetatourism.com\/es\/wp-json\/wp\/v2\/media\/15814"}],"wp:attachment":[{"href":"https:\/\/vetatourism.com\/es\/wp-json\/wp\/v2\/media?parent=14138"}],"wp:term":[{"taxonomy":"product_brand","embeddable":true,"href":"https:\/\/vetatourism.com\/es\/wp-json\/wp\/v2\/product_brand?post=14138"},{"taxonomy":"product_cat","embeddable":true,"href":"https:\/\/vetatourism.com\/es\/wp-json\/wp\/v2\/product_cat?post=14138"},{"taxonomy":"product_tag","embeddable":true,"href":"https:\/\/vetatourism.com\/es\/wp-json\/wp\/v2\/product_tag?post=14138"}],"curies":[{"name":"wp","href":"https:\/\/api.w.org\/{rel}","templated":true}]}}