{"id":14128,"date":"2026-02-01T07:19:26","date_gmt":"2026-02-01T07:19:26","guid":{"rendered":"https:\/\/vetatourism.com\/?post_type=product&#038;p=14128"},"modified":"2026-02-27T06:12:44","modified_gmt":"2026-02-27T06:12:44","slug":"kemer-suluada-island-sunset-boat-trip-tour-with-dinner","status":"publish","type":"product","link":"https:\/\/vetatourism.com\/tours\/kemer-suluada-island-sunset-boat-trip-tour-with-dinner","title":{"rendered":"Kemer: Suluada Isla De La Puesta De Sol Paseo En Barco Con Cena"},"content":{"rendered":"<p>Su viaje comienza con un <strong>c\u00f3modo transferencia de Kemer, a Adrasan<\/strong>. De Adrasan, zarpamos a <strong>Suluada<\/strong>, a menudo llamado <em>las Maldivas del Mediterr\u00e1neo<\/em> debido a sus arenas blancas y aguas de color turquesa.<\/p>\n<p>A lo largo del d\u00eda, usted podr\u00e1:<\/p>\n<ul>\n<li>Nadar en bah\u00edas impecables<\/li>\n<li>Disfrute de la paz y la tranquilidad del mar<\/li>\n<li>Captura impresionantes vistas de la puesta en<\/li>\n<li>\"A medida que el sol se pone sobre el mar turquesa, disfrutar de una cena rom\u00e1ntica a bordo, rodeado por los m\u00e1gicos colores del Mediterr\u00e1neo crep\u00fasculo\".<\/li>\n<li>Este tour es perfecto para <strong>los amantes de la naturaleza, de las parejas, y los entusiastas de la fotograf\u00eda<\/strong>.<\/li>\n<\/ul>\n<div class=\"tour-content-add-information\">\n<p>&nbsp;<\/p>\n<hr \/>\n<p>&nbsp;<\/p>\n<div class=\"tour-content-what-included\">\n<h4 id=\"whats-included\">\u00bfQu\u00e9 est\u00e1 Incluido<\/h4>\n<ul style=\"column-count: 2;\">\n<li>Puesta de sol paseo en barco con la transferencia de Kemer, a Adrasan<\/li>\n<li>Crucero a Suluada con la nataci\u00f3n se detiene en bah\u00edas tranquilas<\/li>\n<li>Cena rom\u00e1ntica a bordo durante la puesta de sol<\/li>\n<li>Ambiente tranquilo y relajante, ideal para parejas<\/li>\n<li>La ruta y el tiempo puede variar dependiendo de la mar y las condiciones clim\u00e1ticas<\/li>\n<\/ul>\n<\/div>\n<p>&nbsp;<\/p>\n<\/div>\n<hr \/>\n<p>&nbsp;<\/p>\n<div class=\"tour-content-add-information\">\n<h4>Informaci\u00f3n Adicional<\/h4>\n<ul>\n<li>Este es un atardecer en un paseo en barco con la transferencia de Kemer, a Adrasan incluido<\/li>\n<li>La nataci\u00f3n paradas son el clima y el mar-la condici\u00f3n de dependiente<\/li>\n<li>La cena se sirve a bordo durante la puesta de sol, creando un ambiente rom\u00e1ntico<\/li>\n<li>El tour es ideal para parejas, amantes de la naturaleza y los entusiastas de la fotograf\u00eda<\/li>\n<li>La ruta y el tiempo puede variar dependiendo de la mar y las condiciones clim\u00e1ticas<\/li>\n<\/ul>\n<p>&nbsp;<\/p>\n<\/div>\n<hr \/>\n<p>&nbsp;<\/p>\n<div class=\"tour-content-cancell-policy\">\n<p><strong>Qu\u00e9 Llevar<\/strong><\/p>\n<ul style=\"column-count: 2;\">\n<li>Traje de ba\u00f1o y toalla<img decoding=\"async\" class=\"emoji\" role=\"img\" draggable=\"false\" src=\"https:\/\/s.w.org\/images\/core\/emoji\/17.0.2\/svg\/1fa71.svg\" alt=\"\ud83e\ude71\" \/><\/li>\n<li>Gafas de sol y crema solar \ud83d\udd76\ufe0f<\/li>\n<li>Dinero para gastos personales\u00a0<img decoding=\"async\" class=\"emoji\" role=\"img\" draggable=\"false\" src=\"https:\/\/s.w.org\/images\/core\/emoji\/17.0.2\/svg\/1f4b3.svg\" alt=\"\ud83d\udcb3\" \/><\/li>\n<\/ul>\n<\/div>","protected":false},"excerpt":{"rendered":"<p>Your journey begins with a comfortable transfer from Kemer to Adrasan. From Adrasan, we set sail to Suluada, often called the Maldives of the Mediterranean due to its white sands <\/p>","protected":false},"featured_media":14129,"comment_status":"open","ping_status":"closed","template":"","meta":[],"product_brand":[],"product_cat":[],"product_tag":[],"class_list":{"0":"post-14128","1":"product","2":"type-product","3":"status-publish","4":"has-post-thumbnail","6":"tour_phys-tours","7":"pa_destination-kemer","9":"first","10":"instock","11":"shipping-taxable","12":"purchasable","13":"product-type-tour_phys"},"_links":{"self":[{"href":"https:\/\/vetatourism.com\/es\/wp-json\/wp\/v2\/product\/14128","targetHints":{"allow":["GET"]}}],"collection":[{"href":"https:\/\/vetatourism.com\/es\/wp-json\/wp\/v2\/product"}],"about":[{"href":"https:\/\/vetatourism.com\/es\/wp-json\/wp\/v2\/types\/product"}],"replies":[{"embeddable":true,"href":"https:\/\/vetatourism.com\/es\/wp-json\/wp\/v2\/comments?post=14128"}],"wp:featuredmedia":[{"embeddable":true,"href":"https:\/\/vetatourism.com\/es\/wp-json\/wp\/v2\/media\/14129"}],"wp:attachment":[{"href":"https:\/\/vetatourism.com\/es\/wp-json\/wp\/v2\/media?parent=14128"}],"wp:term":[{"taxonomy":"product_brand","embeddable":true,"href":"https:\/\/vetatourism.com\/es\/wp-json\/wp\/v2\/product_brand?post=14128"},{"taxonomy":"product_cat","embeddable":true,"href":"https:\/\/vetatourism.com\/es\/wp-json\/wp\/v2\/product_cat?post=14128"},{"taxonomy":"product_tag","embeddable":true,"href":"https:\/\/vetatourism.com\/es\/wp-json\/wp\/v2\/product_tag?post=14128"}],"curies":[{"name":"wp","href":"https:\/\/api.w.org\/{rel}","templated":true}]}}