{"id":14119,"date":"2026-02-01T07:14:28","date_gmt":"2026-02-01T07:14:28","guid":{"rendered":"https:\/\/vetatourism.com\/?post_type=product&#038;p=14119"},"modified":"2026-04-08T19:41:44","modified_gmt":"2026-04-08T19:41:44","slug":"olympos-teleferik-cable-car-to-tahtali-mountain-2365m-from-kemer","status":"publish","type":"product","link":"https:\/\/vetatourism.com\/tours\/olympos-teleferik-cable-car-to-tahtali-mountain-2365m-from-kemer","title":{"rendered":"Olympos Teleferik telef\u00e9rico a Tahtal\u0131 de Monta\u00f1a (2365m) de Kemer"},"content":{"rendered":"<p>Prep\u00e1rate para una impresionante aventura en la monta\u00f1a con el Tahtal\u0131 telef\u00e9rico de Monta\u00f1a del Tour. Despu\u00e9s de la recogida desde su hotel, disfrutar de una c\u00f3moda unidad a trav\u00e9s de los paisajes Beyda\u011flar\u0131 Parque Nacional. A su llegada a la baja de la estaci\u00f3n del telef\u00e9rico, a bordo de un moderno cabina para un 10-12 minutos de subida a la cumbre.<\/p>\n<p>Como llegar a 2,365 metros, admirar las espectaculares vistas de las monta\u00f1as cubiertas de pinos y el azul turquesa de la costa abajo. En la parte superior, tendr\u00e1 alrededor de una hora de tiempo libre para disfrutar del aire fresco de la monta\u00f1a, visita a las plataformas de observaci\u00f3n, tomar fotos, navegar por las tiendas de souvenirs, o relajarse en la cumbre de la cafeter\u00eda.<\/p>\n<p>Despu\u00e9s de su tiempo en la cima, descendemos por el telef\u00e9rico y el regreso a su hotel con recuerdos inolvidables y unas impresionantes fotos desde arriba de las nubes.<\/p>\n<div class=\"tour-content-what-included\"><\/div>\n<hr \/>\n<p>&nbsp;<\/p>\n<div class=\"tour-content-what-included\">\n<h4 id=\"whats-included\">\u00bfQu\u00e9 est\u00e1 Incluido<\/h4>\n<ul style=\"column-count: 2;\">\n<li>Cable car tour with hotel pickup from Kemer hotels<\/li>\n<li>Viaje esc\u00e9nico a trav\u00e9s de Beyda\u011flar\u0131 Parque Nacional<\/li>\n<li>Aproximadamente 10-12 minutos en telef\u00e9rico a la cumbre<\/li>\n<li>Alrededor de 1 hora de tiempo libre en la parte superior<\/li>\n<li>El clima en la cumbre puede ser m\u00e1s fr\u00edo que en el nivel del mar<\/li>\n<li>Children 3-11 do have a separate seat on the transfer bus<\/li>\n<\/ul>\n<\/div>\n<p>&nbsp;<\/p>\n<hr \/>\n<p>&nbsp;<\/p>\n<div class=\"tour-content-add-information\">\n<h4>Informaci\u00f3n Adicional<\/h4>\n<ul>\n<li style=\"list-style-type: none;\">\n<ul>\n<li>Babies 0-2 are for free<\/li>\n<li>Children 3-11 are extra and will\u00a0 have a separate seat on the bus. If the bus is full.<\/li>\n<\/ul>\n<\/li>\n<\/ul>\n<p>&nbsp;<\/p>\n<\/div>\n<hr \/>\n<p>&nbsp;<\/p>\n<div class=\"tour-content-cancell-policy\">\n<p><strong>Qu\u00e9 Llevar<\/strong><\/p>\n<ul style=\"column-count: 2;\">\n<li>Chaqueta o un su\u00e9ter (que puede ser m\u00e1s fresco en la parte superior) \ud83e\udde5<\/li>\n<li>Zapatos c\u00f3modos \ud83d\udc5f<\/li>\n<li>C\u00e1mara o smartphone \ud83d\udcf1<\/li>\n<li>Gafas de sol \ud83d\udd76\ufe0f<\/li>\n<\/ul>\n<\/div>","protected":false},"excerpt":{"rendered":"<p>Get ready for a stunning mountain adventure with the Tahtal\u0131 Mountain Cable Car Tour. After pickup from your hotel, enjoy a comfortable drive through the scenic Beyda\u011flar\u0131 National Park. Upon <\/p>","protected":false},"featured_media":14120,"comment_status":"open","ping_status":"closed","template":"","meta":[],"product_brand":[],"product_cat":[],"product_tag":[],"class_list":{"0":"post-14119","1":"product","2":"type-product","3":"status-publish","4":"has-post-thumbnail","6":"tour_phys-tours","7":"pa_destination-kemer","9":"first","10":"instock","11":"shipping-taxable","12":"purchasable","13":"product-type-tour_phys"},"_links":{"self":[{"href":"https:\/\/vetatourism.com\/es\/wp-json\/wp\/v2\/product\/14119","targetHints":{"allow":["GET"]}}],"collection":[{"href":"https:\/\/vetatourism.com\/es\/wp-json\/wp\/v2\/product"}],"about":[{"href":"https:\/\/vetatourism.com\/es\/wp-json\/wp\/v2\/types\/product"}],"replies":[{"embeddable":true,"href":"https:\/\/vetatourism.com\/es\/wp-json\/wp\/v2\/comments?post=14119"}],"wp:featuredmedia":[{"embeddable":true,"href":"https:\/\/vetatourism.com\/es\/wp-json\/wp\/v2\/media\/14120"}],"wp:attachment":[{"href":"https:\/\/vetatourism.com\/es\/wp-json\/wp\/v2\/media?parent=14119"}],"wp:term":[{"taxonomy":"product_brand","embeddable":true,"href":"https:\/\/vetatourism.com\/es\/wp-json\/wp\/v2\/product_brand?post=14119"},{"taxonomy":"product_cat","embeddable":true,"href":"https:\/\/vetatourism.com\/es\/wp-json\/wp\/v2\/product_cat?post=14119"},{"taxonomy":"product_tag","embeddable":true,"href":"https:\/\/vetatourism.com\/es\/wp-json\/wp\/v2\/product_tag?post=14119"}],"curies":[{"name":"wp","href":"https:\/\/api.w.org\/{rel}","templated":true}]}}