{"id":14109,"date":"2026-02-01T06:58:39","date_gmt":"2026-02-01T06:58:39","guid":{"rendered":"https:\/\/vetatourism.com\/?post_type=product&#038;p=14109"},"modified":"2026-03-09T05:46:01","modified_gmt":"2026-03-09T05:46:01","slug":"olympos-teleferik-sunset-tour-with-dinner-at-2365m-from-antalya","status":"publish","type":"product","link":"https:\/\/vetatourism.com\/tours\/olympos-teleferik-sunset-tour-with-dinner-at-2365m-from-antalya","title":{"rendered":"Olympos Teleferik Sunset Tour con una Cena en 2365m de Antalya"},"content":{"rendered":"<p>Descubre la magia de la puesta de sol en la Tahtal\u0131 puesta de sol telef\u00e9rico Tour de Kemer. Su viaje comienza con la recogida en el hotel y un coche a la parte inferior del telef\u00e9rico de la estaci\u00f3n de 726 metros de altitud. A partir de ah\u00ed, disfrutar de un hermoso recorrido de 12 minutos de viaje en una de las m\u00e1s largas del mundo, las l\u00edneas de telef\u00e9rico a la cumbre de Tahtal\u0131 Monta\u00f1a a 2365 metros.<\/p>\n<p>En la parte superior, disfrutar de las impresionantes vistas de la costa Mediterr\u00e1nea y las monta\u00f1as circundantes. Como el sol comienza a ponerse, el cielo se llena de colores vibrantes\u2014la creaci\u00f3n de un inolvidable momento. Relajarse en el aire fresco de la monta\u00f1a, complemento hermosas fotos, y disfrutar de la atm\u00f3sfera tranquila.<\/p>\n<p>Disfrute de una deliciosa cena acompa\u00f1ada de m\u00fasica en vivo en la cumbre de la cafeter\u00eda. Despu\u00e9s de la puesta de sol y de la comida, descenso en telef\u00e9rico y regreso a su hotel con recuerdos m\u00e1gicos de este sereno de la noche por encima de las nubes.<\/p>\n<div class=\"tour-content-what-included\"><\/div>\n<hr \/>\n<p>&nbsp;<\/p>\n<div class=\"tour-content-what-included\">\n<h4 id=\"whats-included\">\u00bfQu\u00e9 est\u00e1 Incluido<\/h4>\n<ul style=\"column-count: 2;\">\n<li>Puesta de sol telef\u00e9rico de gira con la recogida en el hotel de Kemer<\/li>\n<li>Esc\u00e9nica de 12 minutos en telef\u00e9rico a Tahtal\u0131 de la cumbre de Monta\u00f1a<\/li>\n<li>Cena con m\u00fasica en vivo incluida en la cumbre de caf\u00e9<\/li>\n<li>Temperaturas m\u00e1s fr\u00edas son comunes en la parte superior, especialmente despu\u00e9s de la puesta de sol<\/li>\n<li>Las condiciones clim\u00e1ticas pueden afectar la visibilidad y el momento<\/li>\n<li>Los ni\u00f1os que asisten a gratis no tiene un asiento en el bus de transferencia<\/li>\n<\/ul>\n<\/div>\n<p>&nbsp;<\/p>\n<hr \/>\n<p>&nbsp;<\/p>\n<div class=\"tour-content-add-information\">\n<h4>Informaci\u00f3n Adicional<\/h4>\n<ul>\n<li>Los ni\u00f1os que asisten a la libre voluntad no tiene un asiento en el autob\u00fas. Si el autob\u00fas est\u00e1 lleno, deben sentarse en un guardi\u00e1n de la vuelta, o un asiento separado debe ser comprado al momento de la reserva.<\/li>\n<\/ul>\n<p>&nbsp;<\/p>\n<\/div>\n<hr \/>\n<p>&nbsp;<\/p>\n<div class=\"tour-content-cancell-policy\">\n<p><strong>Qu\u00e9 Llevar<\/strong><\/p>\n<ul style=\"column-count: 2;\">\n<li>Chaqueta ligera (puede ser fr\u00edo en la parte superior) \ud83e\udde5<\/li>\n<li>Zapatos c\u00f3modos \ud83d\udc5f<\/li>\n<li>C\u00e1mara o smartphone \ud83d\udcf1<\/li>\n<\/ul>\n<\/div>","protected":false},"excerpt":{"rendered":"<p>Discover the magic of sunset on the Tahtal\u0131 Sunset Cable Car Tour from Kemer. Your journey begins with a hotel pickup and a drive to the lower cable car station <\/p>","protected":false},"featured_media":14110,"comment_status":"open","ping_status":"closed","template":"","meta":[],"product_brand":[],"product_cat":[15],"product_tag":[],"class_list":{"0":"post-14109","1":"product","2":"type-product","3":"status-publish","4":"has-post-thumbnail","6":"product_cat-non-classe","7":"pa_destination-antalya","9":"first","10":"instock","11":"shipping-taxable","12":"purchasable","13":"product-type-tour_phys"},"_links":{"self":[{"href":"https:\/\/vetatourism.com\/es\/wp-json\/wp\/v2\/product\/14109","targetHints":{"allow":["GET"]}}],"collection":[{"href":"https:\/\/vetatourism.com\/es\/wp-json\/wp\/v2\/product"}],"about":[{"href":"https:\/\/vetatourism.com\/es\/wp-json\/wp\/v2\/types\/product"}],"replies":[{"embeddable":true,"href":"https:\/\/vetatourism.com\/es\/wp-json\/wp\/v2\/comments?post=14109"}],"wp:featuredmedia":[{"embeddable":true,"href":"https:\/\/vetatourism.com\/es\/wp-json\/wp\/v2\/media\/14110"}],"wp:attachment":[{"href":"https:\/\/vetatourism.com\/es\/wp-json\/wp\/v2\/media?parent=14109"}],"wp:term":[{"taxonomy":"product_brand","embeddable":true,"href":"https:\/\/vetatourism.com\/es\/wp-json\/wp\/v2\/product_brand?post=14109"},{"taxonomy":"product_cat","embeddable":true,"href":"https:\/\/vetatourism.com\/es\/wp-json\/wp\/v2\/product_cat?post=14109"},{"taxonomy":"product_tag","embeddable":true,"href":"https:\/\/vetatourism.com\/es\/wp-json\/wp\/v2\/product_tag?post=14109"}],"curies":[{"name":"wp","href":"https:\/\/api.w.org\/{rel}","templated":true}]}}