{"id":14090,"date":"2026-02-01T06:47:51","date_gmt":"2026-02-01T06:47:51","guid":{"rendered":"https:\/\/vetatourism.com\/?post_type=product&#038;p=14090"},"modified":"2026-03-09T05:46:14","modified_gmt":"2026-03-09T05:46:14","slug":"kemer-turkish-bath-hamam-traditional-spa-experience","status":"publish","type":"product","link":"https:\/\/vetatourism.com\/tours\/kemer-turkish-bath-hamam-traditional-spa-experience","title":{"rendered":"Kemer Ba\u00f1o Turco Hammam &amp; Spa Tradicional Experiencia"},"content":{"rendered":"<p>El tour comienza con un <strong data-start=\"948\" data-end=\"976\">c\u00f3modo recogida en el hotel<\/strong> desde cualquier lugar en Kemer. Usted ser\u00e1 llevado a una tradicional casa de ba\u00f1os turcos, donde su bienestar viaje comienza.<\/p>\n<p>Empezar por pasar tiempo en la <strong data-start=\"1120\" data-end=\"1129\">sauna<\/strong> y <strong data-start=\"1134\" data-end=\"1148\">la sala de vapor<\/strong>, ayuda a abrir los poros y preparar su cuerpo. A continuaci\u00f3n, disfrutar de un <strong data-start=\"1214\" data-end=\"1248\">10 minutos de exfoliaci\u00f3n (peeling)<\/strong> para eliminar la piel muerta, seguido por un <strong data-start=\"1284\" data-end=\"1310\">10 minutos de masaje de espuma<\/strong> \u2014 un cl\u00e1sico ritual de vapor que deja tu piel suave como la seda.<\/p>\n<p>A continuaci\u00f3n, un <strong data-start=\"1382\" data-end=\"1395\">mascarilla de arcilla<\/strong> se aplica para limpiar y desintoxicar su cara. Despu\u00e9s de enjuagar, relajarse en la <strong data-start=\"1475\" data-end=\"1492\">piscina<\/strong> o relajarse hasta su tratamiento final \u2014 un <strong data-start=\"1533\" data-end=\"1571\">20 minutos de aromaterapia, masaje con aceite de<\/strong>dejando completamente renovado.<\/p>\n<p>Al final de la sesi\u00f3n, disfrutar de un ambiente c\u00e1lido <strong data-start=\"1649\" data-end=\"1664\">El t\u00e9 turco<\/strong> antes de ser trasladado de regreso a su hotel.<\/p>\n<p>Si vas a empezar tus vacaciones o sinuoso hacia abajo, esta experiencia es la forma ideal de cuidado para el cuerpo y la mente.<\/p>\n<div class=\"tour-content-what-included\"><\/div>\n<hr \/>\n<p>&nbsp;<\/p>\n<div class=\"tour-content-what-included\">\n<h4 id=\"whats-included\">\u00bfQu\u00e9 est\u00e1 Incluido<\/h4>\n<ul style=\"column-count: 2;\">\n<li>Turco tradicional experiencia con la recogida en el hotel de Kemer<\/li>\n<li>La duraci\u00f3n Total es de aproximadamente 2,5 a 3 horas<\/li>\n<li>Sauna y sala de vapor, de uso es ilimitado durante la visita<\/li>\n<li>Incluye exfoliaci\u00f3n, masaje de espuma, mascarilla y masaje de aromaterapia<\/li>\n<li>Apto para hombres y mujeres, personas, privado opciones disponibles bajo petici\u00f3n<\/li>\n<li>Los ni\u00f1os menores de 12 a\u00f1os podr\u00e1n asistir con la supervisi\u00f3n de los padres<\/li>\n<\/ul>\n<\/div>\n<p>&nbsp;<\/p>\n<hr \/>\n<p>&nbsp;<\/p>\n<div class=\"tour-content-add-information\">\n<h4>Informaci\u00f3n Adicional<\/h4>\n<ul>\n<li>Duraci\u00f3n: aprox. De 2.5 a 3 horas<\/li>\n<li>No hay l\u00edmite de tiempo para la sauna y sala de vapor<\/li>\n<li>Macho y hembra los hu\u00e9spedes son bienvenidos; privado opciones disponibles bajo petici\u00f3n<\/li>\n<li>Los ni\u00f1os menores de 12 a\u00f1os pueden unirse con la supervisi\u00f3n de los padres<\/li>\n<\/ul>\n<p>&nbsp;<\/p>\n<\/div>\n<hr \/>\n<p>&nbsp;<\/p>\n<div class=\"tour-content-cancell-policy\">\n<p><strong>Qu\u00e9 Llevar<\/strong><\/p>\n<ul style=\"column-count: 2;\">\n<li>Toalla (tambi\u00e9n puede ser proporcionada en el spa) \ud83e\uddfa<\/li>\n<li>Traje de ba\u00f1o<img decoding=\"async\" class=\"emoji\" role=\"img\" draggable=\"false\" src=\"https:\/\/s.w.org\/images\/core\/emoji\/17.0.2\/svg\/1fa71.svg\" alt=\"\ud83e\ude71\" \/><\/li>\n<li>Chanclas o zapatillas \ud83e\udd7f<\/li>\n<\/ul>\n<\/div>","protected":false},"excerpt":{"rendered":"<p>El tour comienza con un c\u00f3modo hotel de recogida desde cualquier lugar en Kemer. Usted ser\u00e1 llevado a una tradicional casa de ba\u00f1os turcos, donde su bienestar viaje comienza.<br \/>\nStart by spending time in <\/p>","protected":false},"featured_media":14091,"comment_status":"open","ping_status":"closed","template":"","meta":[],"product_brand":[],"product_cat":[15],"product_tag":[],"class_list":{"0":"post-14090","1":"product","2":"type-product","3":"status-publish","4":"has-post-thumbnail","6":"tour_phys-tours","7":"product_cat-non-classe","8":"pa_destination-kemer","10":"first","11":"instock","12":"shipping-taxable","13":"purchasable","14":"product-type-tour_phys"},"_links":{"self":[{"href":"https:\/\/vetatourism.com\/es\/wp-json\/wp\/v2\/product\/14090","targetHints":{"allow":["GET"]}}],"collection":[{"href":"https:\/\/vetatourism.com\/es\/wp-json\/wp\/v2\/product"}],"about":[{"href":"https:\/\/vetatourism.com\/es\/wp-json\/wp\/v2\/types\/product"}],"replies":[{"embeddable":true,"href":"https:\/\/vetatourism.com\/es\/wp-json\/wp\/v2\/comments?post=14090"}],"wp:featuredmedia":[{"embeddable":true,"href":"https:\/\/vetatourism.com\/es\/wp-json\/wp\/v2\/media\/14091"}],"wp:attachment":[{"href":"https:\/\/vetatourism.com\/es\/wp-json\/wp\/v2\/media?parent=14090"}],"wp:term":[{"taxonomy":"product_brand","embeddable":true,"href":"https:\/\/vetatourism.com\/es\/wp-json\/wp\/v2\/product_brand?post=14090"},{"taxonomy":"product_cat","embeddable":true,"href":"https:\/\/vetatourism.com\/es\/wp-json\/wp\/v2\/product_cat?post=14090"},{"taxonomy":"product_tag","embeddable":true,"href":"https:\/\/vetatourism.com\/es\/wp-json\/wp\/v2\/product_tag?post=14090"}],"curies":[{"name":"wp","href":"https:\/\/api.w.org\/{rel}","templated":true}]}}