{"id":14073,"date":"2026-02-01T06:27:48","date_gmt":"2026-02-01T06:27:48","guid":{"rendered":"https:\/\/vetatourism.com\/?post_type=product&#038;p=14073"},"modified":"2026-03-09T05:46:25","modified_gmt":"2026-03-09T05:46:25","slug":"kemer-quad-safari-tour-thrilling-off-road-adventure","status":"publish","type":"product","link":"https:\/\/vetatourism.com\/tours\/kemer-quad-safari-tour-thrilling-off-road-adventure","title":{"rendered":"Kemer Quad Safari Tour, Emocionante Aventura Off-Road"},"content":{"rendered":"<p>Prep\u00e1rate para un emocionante viaje a trav\u00e9s de las Monta\u00f1as de Tauro, con el <strong>Kemer Quad Safari<\/strong>. Despu\u00e9s de la recogida en su hotel, nos dirigiremos al campamento base, donde una breve charla de seguridad y prueba de unidad de prepararse para el viaje. No es necesario tener experiencia, y todo el equipo de seguridad se proporciona.<\/p>\n<p>Hop en su quad y empezar la aventura a lo largo de caminos forestales, caminos de tierra y caminos rocosos. Siente la emoci\u00f3n de ser splash a trav\u00e9s de zonas de limo y cabalgar sobre un terreno accidentado. A mitad de camino a trav\u00e9s de, tomar un breve descanso en un punto panor\u00e1mico con impresionantes vistas a la monta\u00f1a\u2014perfecto para las fotos y la relajaci\u00f3n.<\/p>\n<p>La segunda mitad de la gira se pone m\u00e1s emocionante con m\u00e1s empinados caminos y giros m\u00e1s cerrados. Despu\u00e9s de que el off-road de la diversi\u00f3n, refrescarse con un ba\u00f1o en un ca\u00f1\u00f3n antes de regresar a la base. A continuaci\u00f3n, ser\u00e1 redirigido a su hotel\u2014polvo, cansado y lleno de adrenalina alimentada por los recuerdos.<\/p>\n<p>Este tour es ideal para los amantes de la aventura que buscan explorar la naturaleza de una manera divertida y excitante.<\/p>\n<p>&nbsp;<\/p>\n<hr \/>\n<p>&nbsp;<\/p>\n<div class=\"tour-content-what-included\">\n<h4 id=\"whats-included\">\u00bfQu\u00e9 est\u00e1 Incluido<\/h4>\n<ul style=\"column-count: 2;\">\n<li>Quad safari tour con la recogida en el hotel de Kemer<\/li>\n<li>Sin licencia de conducir o se requiere experiencia previa<\/li>\n<li>Briefing de seguridad y equipo de protecci\u00f3n son siempre<\/li>\n<li>M\u00ednimo de conductor de edad es de 17 a\u00f1os<\/li>\n<li>Paseo tiene lugar en off-road y el terreno irregular<\/li>\n<li>El programa puede cambiar dependiendo del clima y las condiciones de la pista<\/li>\n<\/ul>\n<\/div>\n<p>&nbsp;<\/p>\n<hr \/>\n<p>&nbsp;<\/p>\n<div class=\"tour-content-add-information\">\n<h4>Informaci\u00f3n Adicional<\/h4>\n<ul>\n<li>No se requiere licencia de conducci\u00f3n<\/li>\n<li>Adecuado para los principiantes como para jinetes experimentados<\/li>\n<li>Tour consiste en un terreno desigual\u2014un buen balance se recomienda<\/li>\n<li>M\u00ednimo edad del conductor: 17<\/li>\n<li>El equipo de seguridad proporcionado<\/li>\n<\/ul>\n<p>&nbsp;<\/p>\n<\/div>\n<hr \/>\n<p>&nbsp;<\/p>\n<div class=\"tour-content-cancell-policy\">\n<p><strong>Qu\u00e9 Llevar<\/strong><\/p>\n<ul style=\"column-count: 2;\">\n<li>Zapatos c\u00f3modos y ropa \ud83d\udc55<\/li>\n<li>Protector solar \ud83e\uddf4<\/li>\n<li>Trajes de ba\u00f1o y toalla <img decoding=\"async\" class=\"emoji\" role=\"img\" draggable=\"false\" src=\"https:\/\/s.w.org\/images\/core\/emoji\/17.0.2\/svg\/1fa71.svg\" alt=\"\ud83e\ude71\" \/><\/li>\n<li>Dinero en efectivo para gastos extras <img decoding=\"async\" class=\"emoji\" role=\"img\" draggable=\"false\" src=\"https:\/\/s.w.org\/images\/core\/emoji\/17.0.2\/svg\/1f4b3.svg\" alt=\"\ud83d\udcb3\" \/><\/li>\n<\/ul>\n<\/div>","protected":false},"excerpt":{"rendered":"<p>Get ready for an exciting ride through the Taurus Mountains with the Kemer Quad Safari. After pickup from your hotel, you\u2019ll head to the base camp where a short safety <\/p>","protected":false},"featured_media":14074,"comment_status":"open","ping_status":"closed","template":"","meta":[],"product_brand":[],"product_cat":[15],"product_tag":[],"class_list":{"0":"post-14073","1":"product","2":"type-product","3":"status-publish","4":"has-post-thumbnail","6":"tour_phys-tours","7":"product_cat-non-classe","8":"pa_destination-kemer","10":"first","11":"instock","12":"shipping-taxable","13":"purchasable","14":"product-type-tour_phys"},"_links":{"self":[{"href":"https:\/\/vetatourism.com\/es\/wp-json\/wp\/v2\/product\/14073","targetHints":{"allow":["GET"]}}],"collection":[{"href":"https:\/\/vetatourism.com\/es\/wp-json\/wp\/v2\/product"}],"about":[{"href":"https:\/\/vetatourism.com\/es\/wp-json\/wp\/v2\/types\/product"}],"replies":[{"embeddable":true,"href":"https:\/\/vetatourism.com\/es\/wp-json\/wp\/v2\/comments?post=14073"}],"wp:featuredmedia":[{"embeddable":true,"href":"https:\/\/vetatourism.com\/es\/wp-json\/wp\/v2\/media\/14074"}],"wp:attachment":[{"href":"https:\/\/vetatourism.com\/es\/wp-json\/wp\/v2\/media?parent=14073"}],"wp:term":[{"taxonomy":"product_brand","embeddable":true,"href":"https:\/\/vetatourism.com\/es\/wp-json\/wp\/v2\/product_brand?post=14073"},{"taxonomy":"product_cat","embeddable":true,"href":"https:\/\/vetatourism.com\/es\/wp-json\/wp\/v2\/product_cat?post=14073"},{"taxonomy":"product_tag","embeddable":true,"href":"https:\/\/vetatourism.com\/es\/wp-json\/wp\/v2\/product_tag?post=14073"}],"curies":[{"name":"wp","href":"https:\/\/api.w.org\/{rel}","templated":true}]}}