{"id":14064,"date":"2026-02-01T06:10:02","date_gmt":"2026-02-01T06:10:02","guid":{"rendered":"https:\/\/vetatourism.com\/?post_type=product&#038;p=14064"},"modified":"2026-03-09T05:46:31","modified_gmt":"2026-03-09T05:46:31","slug":"olympos-chimera-yanartas-night-jeep-safari-from-kemer","status":"publish","type":"product","link":"https:\/\/vetatourism.com\/tours\/olympos-chimera-yanartas-night-jeep-safari-from-kemer","title":{"rendered":"Olympos &amp; Quimera (Yanarta\u015f) Noche De Safari En Jeep Desde Kemer"},"content":{"rendered":"<p>Escapar del calor del d\u00eda y unirse a nuestro <strong>Quimera Noche Jeep Safari<\/strong> desde Kemer\u2014una noche inolvidable tour combina la naturaleza, la historia y los sabores locales.<\/p>\n<p>Despu\u00e9s de la recogida en el hotel, disfrutar de un pintoresco paseo en Jeep por los pueblos locales, tales como Kuzdere, \u00c7amyuva, y Tekirova. Su primera parada es el pac\u00edfico <strong>\u00c7\u0131ral\u0131 Playa<\/strong>, donde tendr\u00e1s tiempo para nadar y relajarse en la l\u00ednea natural de costa.<\/p>\n<p>Siguiente, de la cabeza a <strong>Quimera hill (Yanarta\u015f)<\/strong>\u2014famoso por su <strong>llamas eternas<\/strong> naturalmente, que quemar todo el a\u00f1o debido a subterr\u00e1neo de gas. Despu\u00e9s de una corta subida a pie, tome su tiempo para experimentar este fuego m\u00e1gico fen\u00f3meno, especialmente impresionantes despu\u00e9s de la puesta del sol.<\/p>\n<p>Terminar la noche con una deliciosa cena en un encantador <strong>el restaurante riverside en Ulup\u0131nar<\/strong>. Elegir entre pescado a la plancha o pollo, ensalada fresca, arrancadores, y fruta de temporada\u2014todo incluido en el precio.<\/p>\n<p>Este tour ofrece una forma \u00fanica de ver la belleza oculta de la regi\u00f3n y es perfecto para parejas, familias y amantes de la naturaleza.<\/p>\n<div class=\"tour-content-what-included\">\n<h4 id=\"whats-included\"><\/h4>\n<\/div>\n<hr \/>\n<p>&nbsp;<\/p>\n<div class=\"tour-content-what-included\">\n<h4 id=\"whats-included\">\u00bfQu\u00e9 est\u00e1 Incluido<\/h4>\n<ul style=\"column-count: 2;\">\n<li>La tarde de Safari en Jeep tour con la recogida en el hotel de Kemer<\/li>\n<li>Pintoresco pueblo en coche y visitar a \u00c7\u0131ral\u0131 Playa<\/li>\n<li>Subida corta caminata para ver las llamas eternas de la Quimera (Yanarta\u015f)<\/li>\n<li>Cena en un restaurante junto al r\u00edo en Ulup\u0131nar se incluye<\/li>\n<li>Adecuado para familias, parejas y amantes de la naturaleza<\/li>\n<li>La ruta y el tiempo puede variar dependiendo del clima y las condiciones de la carretera<\/li>\n<\/ul>\n<\/div>\n<p>&nbsp;<\/p>\n<hr \/>\n<p>&nbsp;<\/p>\n<div class=\"tour-content-add-information\">\n<h4>Informaci\u00f3n Adicional<\/h4>\n<ul>\n<li>Esta es una noche de Safari en Jeep tour con la recogida en el hotel y dejar de Kemer<\/li>\n<li>El tour incluye luz de conducci\u00f3n off-road y una corta subida a pie para llegar a la Quimera (Yanarta\u015f)<\/li>\n<li>La nataci\u00f3n en \u00c7\u0131ral\u0131 Playa es opcional y sujeto a clima y las condiciones del mar<\/li>\n<li>La cena est\u00e1 incluido y se sirve en un restaurante junto al r\u00edo; la elecci\u00f3n de comidas son seleccionados en el sitio<\/li>\n<li>El itinerario y el tiempo puede variar dependiendo del clima, el tr\u00e1fico, o las condiciones de la carretera<\/li>\n<li>No recomendado para personas con graves problemas de movilidad debido a las irregularidades del terreno<\/li>\n<\/ul>\n<p>&nbsp;<\/p>\n<hr \/>\n<p>&nbsp;<\/p>\n<div class=\"tour-content-cancell-policy\">\n<p><strong>Qu\u00e9 Llevar<\/strong><\/p>\n<ul style=\"column-count: 2;\">\n<li>Una chaqueta ligera (noches pueden ser fr\u00edas) \ud83e\udde5<\/li>\n<li>C\u00f3moda, zapatos para caminar hasta la Quimera de la colina) \ud83d\udc5f<\/li>\n<li>Trajes de ba\u00f1o y toalla <img decoding=\"async\" class=\"emoji\" role=\"img\" draggable=\"false\" src=\"https:\/\/s.w.org\/images\/core\/emoji\/17.0.2\/svg\/1fa71.svg\" alt=\"\ud83e\ude71\" \/><\/li>\n<li>Agua y objetos personales \ud83c\udf92<\/li>\n<\/ul>\n<\/div>\n<\/div>","protected":false},"excerpt":{"rendered":"<p>Escapar del calor del d\u00eda y unirse a nuestra Quimera Noche de Safari en Jeep desde Kemer\u2014una noche inolvidable tour combina la naturaleza, la historia y los sabores locales.<br \/>\nAfter hotel pickup, enjoy a scenic <\/p>","protected":false},"featured_media":14065,"comment_status":"open","ping_status":"closed","template":"","meta":[],"product_brand":[],"product_cat":[15],"product_tag":[],"class_list":{"0":"post-14064","1":"product","2":"type-product","3":"status-publish","4":"has-post-thumbnail","6":"tour_phys-tours","7":"product_cat-non-classe","8":"pa_destination-kemer","10":"first","11":"instock","12":"shipping-taxable","13":"purchasable","14":"product-type-tour_phys"},"_links":{"self":[{"href":"https:\/\/vetatourism.com\/es\/wp-json\/wp\/v2\/product\/14064","targetHints":{"allow":["GET"]}}],"collection":[{"href":"https:\/\/vetatourism.com\/es\/wp-json\/wp\/v2\/product"}],"about":[{"href":"https:\/\/vetatourism.com\/es\/wp-json\/wp\/v2\/types\/product"}],"replies":[{"embeddable":true,"href":"https:\/\/vetatourism.com\/es\/wp-json\/wp\/v2\/comments?post=14064"}],"wp:featuredmedia":[{"embeddable":true,"href":"https:\/\/vetatourism.com\/es\/wp-json\/wp\/v2\/media\/14065"}],"wp:attachment":[{"href":"https:\/\/vetatourism.com\/es\/wp-json\/wp\/v2\/media?parent=14064"}],"wp:term":[{"taxonomy":"product_brand","embeddable":true,"href":"https:\/\/vetatourism.com\/es\/wp-json\/wp\/v2\/product_brand?post=14064"},{"taxonomy":"product_cat","embeddable":true,"href":"https:\/\/vetatourism.com\/es\/wp-json\/wp\/v2\/product_cat?post=14064"},{"taxonomy":"product_tag","embeddable":true,"href":"https:\/\/vetatourism.com\/es\/wp-json\/wp\/v2\/product_tag?post=14064"}],"curies":[{"name":"wp","href":"https:\/\/api.w.org\/{rel}","templated":true}]}}