{"id":14050,"date":"2026-02-01T06:08:59","date_gmt":"2026-02-01T06:08:59","guid":{"rendered":"https:\/\/vetatourism.com\/?post_type=product&#038;p=14050"},"modified":"2026-03-09T05:46:40","modified_gmt":"2026-03-09T05:46:40","slug":"kemer-jeep-safari-tour-explore-taurus-mountains","status":"publish","type":"product","link":"https:\/\/vetatourism.com\/tours\/kemer-jeep-safari-tour-explore-taurus-mountains","title":{"rendered":"Kemer Jeep Safari Tour \u2013 Explorar Las Monta\u00f1as De Taurus"},"content":{"rendered":"<p>Prep\u00e1rate para un viaje inolvidable en las Monta\u00f1as de Taurus con nuestro Kemer Jeep Safari tour! Esta emocionante experiencia de un d\u00eda que comienza con la recogida en el hotel en la ma\u00f1ana y nos lleva a las profundidades de la naturaleza con un mont\u00f3n de diversi\u00f3n, el paisaje y la aventura.<\/p>\n<p>Disfrutar de la conducci\u00f3n off-road a trav\u00e9s de polvo, barro de los caminos de monta\u00f1a, con las paradas en lugares como Kesmebogaz Ca\u00f1\u00f3n. A lo largo del camino, visita:<\/p>\n<p>Un gigante \u00e1rbol sic\u00f3moro<\/p>\n<p>Las ruinas de un castillo Bizantino<\/p>\n<p>Un pueblo tradicional, donde se puede conocer a los lugare\u00f1os y la experiencia de la hospitalidad turca<\/p>\n<p><strong>El tour se opera con 10 plazas Range Rover jeeps, impulsado por profesionales y conductores con experiencia para garantizar la seguridad y la emoci\u00f3n durante todo el d\u00eda<\/strong>.<\/p>\n<p>Recargue energ\u00edas con un delicioso almuerzo en un restaurante junto al r\u00edo, luego refrescarse con una piscina romper en un r\u00edo de monta\u00f1a. El d\u00eda termina con otra emocionante conducci\u00f3n off-road de regreso a su hotel, lleno de recuerdos y belleza natural.<\/p>\n<div class=\"tour-content-what-included\">\n<h4 id=\"whats-included\"><\/h4>\n<\/div>\n<hr \/>\n<p>&nbsp;<\/p>\n<div class=\"tour-content-what-included\">\n<h4 id=\"whats-included\">\u00bfQu\u00e9 est\u00e1 Incluido<\/h4>\n<ul style=\"column-count: 2;\">\n<li>D\u00eda completo de Safari en Jeep tour con la recogida en el hotel de Kemer<\/li>\n<li>La aventura Off-road a trav\u00e9s de las Monta\u00f1as de Tauro<\/li>\n<li>El Tour se opera con 10 plazas Range Rover jeeps<\/li>\n<li>El almuerzo y para nadar se incluyen<\/li>\n<li>Adecuado para las familias y los amantes de la aventura<\/li>\n<li>El programa puede variar dependiendo del clima y las condiciones de la carretera<\/li>\n<\/ul>\n<\/div>\n<p>&nbsp;<\/p>\n<hr \/>\n<p>&nbsp;<\/p>\n<div class=\"tour-content-add-information\">\n<h4>Informaci\u00f3n Adicional<\/h4>\n<ul>\n<li>Este es un d\u00eda completo de Safari en Jeep tour con la recogida en el hotel y dejar de Kemer<\/li>\n<li>El tour se lleva a cabo en 10 plazas Range Rover jeeps por experimentados conductores profesionales<\/li>\n<li>La ruta incluye la conducci\u00f3n off-road en polvo y las irregularidades de los caminos de monta\u00f1a<\/li>\n<li>Nadar en el r\u00edo en la monta\u00f1a es opcional y el tiempo lo permite<\/li>\n<li>El itinerario puede cambiar dependiendo del clima, de la carretera, o de las condiciones de seguridad<\/li>\n<li>No se recomienda para las mujeres embarazadas a los hu\u00e9spedes o personas con grave de la espalda o problemas de movilidad<\/li>\n<\/ul>\n<p>&nbsp;<\/p>\n<hr \/>\n<p>&nbsp;<\/p>\n<div class=\"tour-content-cancell-policy\">\n<p><strong>Qu\u00e9 Llevar<\/strong><\/p>\n<ul style=\"column-count: 2;\">\n<li>Gafas de sol y sombrero para el sol <img decoding=\"async\" class=\"emoji\" role=\"img\" draggable=\"false\" src=\"https:\/\/s.w.org\/images\/core\/emoji\/17.0.2\/svg\/1f576.svg\" alt=\"\ud83d\udd76\ufe0f\" \/><\/li>\n<li>Ropa c\u00f3moda y zapatos \ud83d\udc5f<\/li>\n<li>Trajes de ba\u00f1o y toalla <img decoding=\"async\" class=\"emoji\" role=\"img\" draggable=\"false\" src=\"https:\/\/s.w.org\/images\/core\/emoji\/17.0.2\/svg\/1fa71.svg\" alt=\"\ud83e\ude71\" \/><\/li>\n<li>Protector solar \ud83e\uddf4<\/li>\n<li>Agua y objetos personales \ud83c\udf92<\/li>\n<\/ul>\n<\/div>\n<\/div>","protected":false},"excerpt":{"rendered":"<p>Get ready for an unforgettable journey into the Taurus Mountains with our Kemer Jeep Safari tour! This exciting full-day experience starts with a hotel pickup in the morning and takes <\/p>","protected":false},"featured_media":14051,"comment_status":"open","ping_status":"closed","template":"","meta":[],"product_brand":[],"product_cat":[15],"product_tag":[],"class_list":{"0":"post-14050","1":"product","2":"type-product","3":"status-publish","4":"has-post-thumbnail","6":"tour_phys-tours","7":"product_cat-non-classe","8":"pa_destination-kemer","10":"first","11":"instock","12":"shipping-taxable","13":"purchasable","14":"product-type-tour_phys"},"_links":{"self":[{"href":"https:\/\/vetatourism.com\/es\/wp-json\/wp\/v2\/product\/14050","targetHints":{"allow":["GET"]}}],"collection":[{"href":"https:\/\/vetatourism.com\/es\/wp-json\/wp\/v2\/product"}],"about":[{"href":"https:\/\/vetatourism.com\/es\/wp-json\/wp\/v2\/types\/product"}],"replies":[{"embeddable":true,"href":"https:\/\/vetatourism.com\/es\/wp-json\/wp\/v2\/comments?post=14050"}],"wp:featuredmedia":[{"embeddable":true,"href":"https:\/\/vetatourism.com\/es\/wp-json\/wp\/v2\/media\/14051"}],"wp:attachment":[{"href":"https:\/\/vetatourism.com\/es\/wp-json\/wp\/v2\/media?parent=14050"}],"wp:term":[{"taxonomy":"product_brand","embeddable":true,"href":"https:\/\/vetatourism.com\/es\/wp-json\/wp\/v2\/product_brand?post=14050"},{"taxonomy":"product_cat","embeddable":true,"href":"https:\/\/vetatourism.com\/es\/wp-json\/wp\/v2\/product_cat?post=14050"},{"taxonomy":"product_tag","embeddable":true,"href":"https:\/\/vetatourism.com\/es\/wp-json\/wp\/v2\/product_tag?post=14050"}],"curies":[{"name":"wp","href":"https:\/\/api.w.org\/{rel}","templated":true}]}}