{"id":14041,"date":"2026-02-01T05:52:56","date_gmt":"2026-02-01T05:52:56","guid":{"rendered":"https:\/\/vetatourism.com\/?post_type=product&#038;p=14041"},"modified":"2026-03-09T05:46:52","modified_gmt":"2026-03-09T05:46:52","slug":"kemer-scuba-diving-tour-with-lunch","status":"publish","type":"product","link":"https:\/\/vetatourism.com\/tours\/kemer-scuba-diving-tour-with-lunch","title":{"rendered":"Excursi\u00f3n de buceo a Kemer con almuerzo"},"content":{"rendered":"<p>Tu aventura comienza con un <strong>recogida en el hotel<\/strong> en Antalya o Kemer y traslado a la marina, donde su barco de buceo de espera. A bordo, su <strong>certificado de instructores de buceo<\/strong> le dar\u00e1 informaci\u00f3n detallada relativas a la seguridad, el uso de equipos y t\u00e9cnicas de buceo.<\/p>\n<p>La primera inmersi\u00f3n tendr\u00e1 lugar en <strong>Acuario De La Bah\u00eda De<\/strong>, a una profundidad de aproximadamente <strong>5 metros<\/strong>, que dura alrededor de <strong>20-25 minutos<\/strong>. Despu\u00e9s de la inmersi\u00f3n, relajarse en la terraza, tomar el sol, nadar o practicar snorkel en las tranquilas aguas de color turquesa.<\/p>\n<p>Disfrutar de un <strong>delicioso almuerzo<\/strong> reci\u00e9n preparado y servido en la junta antes de dirigirse a la segunda inmersi\u00f3n en la ubicaci\u00f3n <strong>Kiri\u015f Bay<\/strong>. Esta inmersi\u00f3n va un poco m\u00e1s profundo, que oscilan entre los <strong>10-15 metros<\/strong>, de nuevo acompa\u00f1ado por instructores profesionales.<\/p>\n<p>En todo el recorrido, disfrutar de los espectaculares vistas de la costa y disfrutar de la tranquilidad del Mar Mediterr\u00e1neo. Esta experiencia es conveniente incluso para aquellos que no pueden nadar buceo se realiza con plena supervisi\u00f3n y orientaci\u00f3n.<\/p>\n<p>&nbsp;<\/p>\n<hr \/>\n<p>&nbsp;<\/p>\n<div class=\"tour-content-what-included\">\n<h4 id=\"whats-included\">\u00bfQu\u00e9 est\u00e1 Incluido<\/h4>\n<ul style=\"column-count: 2;\">\n<li>D\u00eda completo de viaje de buceo con la recogida en el hotel de Antalya o Kemer<\/li>\n<li>Two guided dives with professional instructors included<\/li>\n<li>Apto para principiantes como para buceadores experimentados<\/li>\n<li>Habilidades de nataci\u00f3n no son necesarios<\/li>\n<li>Todo el equipo de buceo es proporcionado y mantenido regularmente<\/li>\n<li>Los ni\u00f1os que asisten a gratis no tiene un asiento en el bus de transferencia<\/li>\n<\/ul>\n<\/div>\n<p>&nbsp;<\/p>\n<hr \/>\n<p>&nbsp;<\/p>\n<div class=\"tour-content-add-information\">\n<h4>Informaci\u00f3n Adicional<\/h4>\n<ul>\n<li>Todo el equipamiento es moderno y con un mantenimiento regular<\/li>\n<li>Adecuado para los buzos experimentados y los entusiastas del buceo<\/li>\n<li>Habilidades de nataci\u00f3n no est\u00e1n obligados a participar<\/li>\n<li>Los ni\u00f1os que asisten de forma gratuita no tendr\u00e1 un asiento en el autob\u00fas; si es necesario, un asiento pago debe ser reservado con antelaci\u00f3n<\/li>\n<\/ul>\n<p>&nbsp;<\/p>\n<\/div>\n<hr \/>\n<p>&nbsp;<\/p>\n<div class=\"tour-content-cancell-policy\">\n<p><strong>Qu\u00e9 Llevar<\/strong><\/p>\n<ul style=\"column-count: 2;\">\n<li>Gafas de sol y protector solar \ud83d\udd76\ufe0f<\/li>\n<li>Trajes de ba\u00f1o y toalla <img decoding=\"async\" class=\"emoji\" role=\"img\" draggable=\"false\" src=\"https:\/\/s.w.org\/images\/core\/emoji\/17.0.2\/svg\/1fa71.svg\" alt=\"\ud83e\ude71\" \/><\/li>\n<li>Dinero para gastos personales <img decoding=\"async\" class=\"emoji\" role=\"img\" draggable=\"false\" src=\"https:\/\/s.w.org\/images\/core\/emoji\/17.0.2\/svg\/1f4b3.svg\" alt=\"\ud83d\udcb3\" \/><\/li>\n<\/ul>\n<\/div>","protected":false},"excerpt":{"rendered":"<p>Your adventure begins with a hotel pickup in Antalya or Kemer and transfer to the marina, where your diving boat awaits. Onboard, your certified dive instructors will give a detailed <\/p>","protected":false},"featured_media":14042,"comment_status":"open","ping_status":"closed","template":"","meta":[],"product_brand":[],"product_cat":[15],"product_tag":[],"class_list":{"0":"post-14041","1":"product","2":"type-product","3":"status-publish","4":"has-post-thumbnail","6":"tour_phys-tours","7":"product_cat-non-classe","8":"pa_destination-kemer","10":"first","11":"instock","12":"shipping-taxable","13":"purchasable","14":"product-type-tour_phys"},"_links":{"self":[{"href":"https:\/\/vetatourism.com\/es\/wp-json\/wp\/v2\/product\/14041","targetHints":{"allow":["GET"]}}],"collection":[{"href":"https:\/\/vetatourism.com\/es\/wp-json\/wp\/v2\/product"}],"about":[{"href":"https:\/\/vetatourism.com\/es\/wp-json\/wp\/v2\/types\/product"}],"replies":[{"embeddable":true,"href":"https:\/\/vetatourism.com\/es\/wp-json\/wp\/v2\/comments?post=14041"}],"wp:featuredmedia":[{"embeddable":true,"href":"https:\/\/vetatourism.com\/es\/wp-json\/wp\/v2\/media\/14042"}],"wp:attachment":[{"href":"https:\/\/vetatourism.com\/es\/wp-json\/wp\/v2\/media?parent=14041"}],"wp:term":[{"taxonomy":"product_brand","embeddable":true,"href":"https:\/\/vetatourism.com\/es\/wp-json\/wp\/v2\/product_brand?post=14041"},{"taxonomy":"product_cat","embeddable":true,"href":"https:\/\/vetatourism.com\/es\/wp-json\/wp\/v2\/product_cat?post=14041"},{"taxonomy":"product_tag","embeddable":true,"href":"https:\/\/vetatourism.com\/es\/wp-json\/wp\/v2\/product_tag?post=14041"}],"curies":[{"name":"wp","href":"https:\/\/api.w.org\/{rel}","templated":true}]}}