{"id":14040,"date":"2026-02-01T05:44:20","date_gmt":"2026-02-01T05:44:20","guid":{"rendered":"https:\/\/vetatourism.com\/?post_type=product&#038;p=14040"},"modified":"2026-03-09T05:47:00","modified_gmt":"2026-03-09T05:47:00","slug":"tazi-canyon-rafting-combo-tour-from-antalya","status":"publish","type":"product","link":"https:\/\/vetatourism.com\/tours\/tazi-canyon-rafting-combo-tour-from-antalya","title":{"rendered":"Taz\u0131 Ca\u00f1\u00f3n, Rafting Tour De Antalya"},"content":{"rendered":"<p class=\"\" data-start=\"1139\" data-end=\"1299\">Tu aventura comienza con un c\u00f3modo <strong data-start=\"1180\" data-end=\"1196\">recogida en el hotel<\/strong> de Antalya, seguido por un emocionante <strong data-start=\"1233\" data-end=\"1257\">off-road Jeep Safari<\/strong> viaje a trav\u00e9s de los paisajes Monta\u00f1as de Tauro.<\/p>\n<p class=\"\" data-start=\"1301\" data-end=\"1569\">Primero llegar a un riverside base en <strong data-start=\"1344\" data-end=\"1362\">K\u00f6pr\u00fcl\u00fc Ca\u00f1\u00f3n<\/strong>, donde tendr\u00e1s la oportunidad de <strong data-start=\"1396\" data-end=\"1433\">unirse a una visita opcional de la actividad de rafting<\/strong> o relajarse junto al r\u00edo. Si usted elige rafting, instructores expertos proporcionar\u00e1 todo el equipo necesario y la capacitaci\u00f3n. No se necesita experiencia!<\/p>\n<p class=\"\" data-start=\"1571\" data-end=\"1999\">Siguiente, subirse a un <strong data-start=\"1588\" data-end=\"1603\">cabrio Jeep<\/strong> (open-top veh\u00edculo de safari) para un viaje a la ic\u00f3nica <strong data-start=\"1658\" data-end=\"1673\">Taz\u0131 Ca\u00f1\u00f3n<\/strong>. Conocido por sus espectaculares acantilados y vistas incre\u00edbles, esta maravilla natural ofrece una oportunidad de la foto perfecta. El Jeep se detiene en la parte superior de la barranca, en donde podr\u00e1n disfrutar de <strong data-start=\"1847\" data-end=\"1917\">tiempo libre para explorar, relajarse, y disfrutar de las impresionantes vistas de<\/strong>. Por favor, tenga en cuenta que entrar en el ca\u00f1\u00f3n en s\u00ed no est\u00e1 permitido por razones de seguridad.<\/p>\n<p class=\"\" data-start=\"2001\" data-end=\"2219\">Despu\u00e9s de visitar Taz\u0131 Ca\u00f1\u00f3n, el tour regresa a K\u00f6pr\u00fcl\u00fc Ca\u00f1\u00f3n para la <strong data-start=\"2072\" data-end=\"2099\">principal experiencia de rafting<\/strong> (si se selecciona). Remar a trav\u00e9s de los r\u00e1pidos, nadar en las fr\u00edas aguas, y disfrutar de las paradas para fotos y nadar a lo largo del camino.<\/p>\n<p class=\"\" data-start=\"2221\" data-end=\"2349\">Por \u00faltimo, disfrutar de un <strong data-start=\"2238\" data-end=\"2257\">delicioso almuerzo<\/strong> por el r\u00edo antes de regresar a su hotel \u2014 fresco, feliz, y lleno de recuerdos.<\/p>\n<p>&nbsp;<\/p>\n<hr \/>\n<p>&nbsp;<\/p>\n<div class=\"tour-content-what-included\">\n<h4 id=\"whats-included\">\u00bfQu\u00e9 est\u00e1 Incluido<\/h4>\n<ul style=\"column-count: 2;\">\n<li>D\u00eda completo de Safari en Jeep y excursiones de rafting con la recogida en el hotel desde Antalya<\/li>\n<li>No nadar o rafting se requiere experiencia<\/li>\n<li>10-persona botes de rafting que se incluyen; 2-persona kayaks est\u00e1n disponibles a un costo adicional<\/li>\n<li>Taz\u0131 Ca\u00f1\u00f3n es visto desde el designado punto de vista \u00fanico; no se permite la entrada<\/li>\n<li>El equipo adicional puede ser adquirido en la base de rafting<\/li>\n<li>Los ni\u00f1os que asisten a gratis no tiene un asiento en el bus de transferencia<\/li>\n<\/ul>\n<\/div>\n<p>&nbsp;<\/p>\n<hr \/>\n<p>&nbsp;<\/p>\n<div class=\"tour-content-add-information\">\n<h4>Informaci\u00f3n Adicional<\/h4>\n<ul>\n<li>No nadar se requiere experiencia para el rafting<\/li>\n<li>10-balsas persona est\u00e1n incluidos en el precio del tour<\/li>\n<li>2-persona kayaks est\u00e1n disponibles por un cargo adicional<\/li>\n<li>Usted puede comprar zapatos de agua, gafas de correas y tel\u00e9fono impermeable de los casos en la base<\/li>\n<li>Los ni\u00f1os que asisten de forma gratuita no tendr\u00e1 un asiento en el autob\u00fas; si es necesario, un asiento pago debe ser reservado con antelaci\u00f3n<\/li>\n<\/ul>\n<p>&nbsp;<\/p>\n<\/div>\n<hr \/>\n<p>&nbsp;<\/p>\n<div class=\"tour-content-cancell-policy\">\n<p><strong>Qu\u00e9 Llevar<\/strong><\/p>\n<ul style=\"column-count: 2;\">\n<li>Extra de ropa para cambiarse despu\u00e9s de rafting \ud83d\udc55<\/li>\n<li>Protector solar y zapatos de agua \ud83e\uddf4<\/li>\n<li>Trajes de ba\u00f1o y toalla <img decoding=\"async\" class=\"emoji\" role=\"img\" draggable=\"false\" src=\"https:\/\/s.w.org\/images\/core\/emoji\/17.0.2\/svg\/1fa71.svg\" alt=\"\ud83e\ude71\" \/><\/li>\n<li>Dinero en efectivo para compras extra\u00a0 <img decoding=\"async\" class=\"emoji\" role=\"img\" draggable=\"false\" src=\"https:\/\/s.w.org\/images\/core\/emoji\/17.0.2\/svg\/1f4b3.svg\" alt=\"\ud83d\udcb3\" \/><\/li>\n<\/ul>\n<\/div>","protected":false},"excerpt":{"rendered":"<p>Tu aventura comienza con un c\u00f3modo recogida en el hotel de Antalya, seguido por un emocionante off-road Jeep Safari a trav\u00e9s de los paisajes Monta\u00f1as de Tauro.<br \/>\nYou&#8217;ll first arrive at a riverside base <\/p>","protected":false},"featured_media":14031,"comment_status":"open","ping_status":"closed","template":"","meta":[],"product_brand":[],"product_cat":[15],"product_tag":[],"class_list":{"0":"post-14040","1":"product","2":"type-product","3":"status-publish","4":"has-post-thumbnail","6":"tour_phys-tours","7":"product_cat-non-classe","8":"pa_destination-antalya","10":"first","11":"instock","12":"shipping-taxable","13":"purchasable","14":"product-type-tour_phys"},"_links":{"self":[{"href":"https:\/\/vetatourism.com\/es\/wp-json\/wp\/v2\/product\/14040","targetHints":{"allow":["GET"]}}],"collection":[{"href":"https:\/\/vetatourism.com\/es\/wp-json\/wp\/v2\/product"}],"about":[{"href":"https:\/\/vetatourism.com\/es\/wp-json\/wp\/v2\/types\/product"}],"replies":[{"embeddable":true,"href":"https:\/\/vetatourism.com\/es\/wp-json\/wp\/v2\/comments?post=14040"}],"wp:featuredmedia":[{"embeddable":true,"href":"https:\/\/vetatourism.com\/es\/wp-json\/wp\/v2\/media\/14031"}],"wp:attachment":[{"href":"https:\/\/vetatourism.com\/es\/wp-json\/wp\/v2\/media?parent=14040"}],"wp:term":[{"taxonomy":"product_brand","embeddable":true,"href":"https:\/\/vetatourism.com\/es\/wp-json\/wp\/v2\/product_brand?post=14040"},{"taxonomy":"product_cat","embeddable":true,"href":"https:\/\/vetatourism.com\/es\/wp-json\/wp\/v2\/product_cat?post=14040"},{"taxonomy":"product_tag","embeddable":true,"href":"https:\/\/vetatourism.com\/es\/wp-json\/wp\/v2\/product_tag?post=14040"}],"curies":[{"name":"wp","href":"https:\/\/api.w.org\/{rel}","templated":true}]}}