{"id":14029,"date":"2026-02-01T05:33:30","date_gmt":"2026-02-01T05:33:30","guid":{"rendered":"https:\/\/vetatourism.com\/?post_type=product&#038;p=14029"},"modified":"2026-03-09T05:47:13","modified_gmt":"2026-03-09T05:47:13","slug":"antalya-rafting-tour-in-koprulu-canyon","status":"publish","type":"product","link":"https:\/\/vetatourism.com\/tours\/antalya-rafting-tour-in-koprulu-canyon","title":{"rendered":"Antalya Tour de Rafting en el Ca\u00f1\u00f3n de K\u00f6pr\u00fcl\u00fc"},"content":{"rendered":"<p>Prep\u00e1rate para un <strong>llena de adrenalina aventura rafting<\/strong> en el coraz\u00f3n de <strong>K\u00f6pr\u00fcl\u00fc Ca\u00f1\u00f3n<\/strong>, declarada por la UNESCO Patrimonio de la humanidad!<\/p>\n<p>Esta a 14 km de ruta de rafting caracter\u00edsticas <strong>10 emocionantes r\u00e1pidos<\/strong>perfecto para principiantes y amantes de la aventura por igual. Entre los r\u00e1pidos, tomar refrescantes nada en un r\u00edo en calma piscinas, rodeado de impresionantes vistas a las monta\u00f1as y una exuberante naturaleza.<\/p>\n<p>Su d\u00eda comienza con un <strong>recogida en el hotel<\/strong> y traslado al campamento base. Despu\u00e9s de una breve charla de seguridad, te preparan y unirse a un grupo de hasta 10 personas para un viaje inolvidable por el r\u00edo \u2014 todo ello guiado por profesionales con experiencia.<\/p>\n<p>Durante el recorrido, podr\u00e1s disfrutar de:<\/p>\n<ul>\n<li>Una ruptura con la opci\u00f3n de bebidas y panqueques (costo extra)<\/li>\n<li>Una aventura para detener tirolesa, buceo (opcional, de pago)<\/li>\n<li>Un sabroso almuerzo en la orilla del r\u00edo<\/li>\n<\/ul>\n<p>Despu\u00e9s del almuerzo, continuamos remando a la meta. Usted tendr\u00e1 la oportunidad de <strong>ver el tour de v\u00eddeo<\/strong>, tomar fotos, y luego relajarse como le llevar\u00e1 de vuelta a su hotel.<\/p>\n<p>Esto es m\u00e1s que un tour es una aventura de d\u00eda completo lleno de <strong>diversi\u00f3n, naturaleza y emoci\u00f3n<\/strong>!<\/p>\n<div class=\"tour-content-add-information\">\n<div style=\"max-width: 360px; margin: 0;\">\n<div style=\"position: relative; padding-top: 177.77%;\"><iframe style=\"position: absolute; top: 0; left: 0; width: 100%; height: 100%; border: 0;\" src=\"https:\/\/www.youtube.com\/embed\/WSaK6yKRtvM\" allowfullscreen=\"allowfullscreen\"><br \/>\n<\/iframe><\/div>\n<\/div>\n<hr \/>\n<p>&nbsp;<\/p>\n<div class=\"tour-content-what-included\">\n<h4 id=\"whats-included\">\u00bfQu\u00e9 est\u00e1 Incluido<\/h4>\n<ul style=\"column-count: 2;\">\n<li>D\u00eda completo de excursiones de rafting con la recogida en el hotel y drop-off<\/li>\n<li>A 14 km de ruta de rafting con gu\u00edas profesionales<\/li>\n<li>Apto para principiantes y amantes de la aventura<\/li>\n<li>El equipo de seguridad y de informaci\u00f3n se proporcionan<\/li>\n<li>Actividades opcionales y los extras est\u00e1n disponibles a un costo adicional<\/li>\n<li>El programa puede cambiar dependiendo del clima y las condiciones del r\u00edo<\/li>\n<\/ul>\n<\/div>\n<p>&nbsp;<\/p>\n<\/div>\n<hr \/>\n<p>&nbsp;<\/p>\n<div class=\"tour-content-add-information\">\n<h4>Informaci\u00f3n Adicional<\/h4>\n<ul>\n<li>Este es un d\u00eda completo de excursiones de rafting con la recogida en el hotel y drop-off<\/li>\n<li>No antes de rafting se requiere experiencia; gu\u00edas profesionales proporcionan completo de instrucci\u00f3n y de apoyo a la seguridad<\/li>\n<li>Botes de Rafting acomodar hasta 10 participantes por grupo<\/li>\n<li>Actividades opcionales tales como canopy, buceo, bebidas, fotos y videos est\u00e1n disponibles por un cargo adicional<\/li>\n<li>El tour opera sujeto a la intemperie y a las condiciones del r\u00edo<\/li>\n<li>No se recomienda para las mujeres embarazadas a los hu\u00e9spedes o aquellos con problemas serios de salud o problemas de movilidad<\/li>\n<\/ul>\n<p>&nbsp;<\/p>\n<\/div>\n<hr \/>\n<p>&nbsp;<\/p>\n<div class=\"tour-content-cancell-policy\">\n<p><strong>Qu\u00e9 Llevar<\/strong><\/p>\n<ul style=\"column-count: 2;\">\n<li>Protector solar \ud83e\uddf4<\/li>\n<li>Zapatos de agua \ud83d\udc5f<\/li>\n<li>Traje de ba\u00f1o y toalla <img decoding=\"async\" class=\"emoji\" role=\"img\" draggable=\"false\" src=\"https:\/\/s.w.org\/images\/core\/emoji\/17.0.2\/svg\/1fa71.svg\" alt=\"\ud83e\ude71\" \/><\/li>\n<li>Cambio de ropa \ud83d\udc5a<\/li>\n<\/ul>\n<\/div>","protected":false},"excerpt":{"rendered":"<p>Prep\u00e1rate para una llena de adrenalina aventura rafting en el coraz\u00f3n de K\u00f6pr\u00fcl\u00fc Ca\u00f1\u00f3n, declarada por la UNESCO Patrimonio de la humanidad!<br \/>\nThis 14 km rafting route features 10 thrilling rapids, perfect for beginners <\/p>","protected":false},"featured_media":14022,"comment_status":"open","ping_status":"closed","template":"","meta":[],"product_brand":[],"product_cat":[15],"product_tag":[],"class_list":{"0":"post-14029","1":"product","2":"type-product","3":"status-publish","4":"has-post-thumbnail","6":"tour_phys-tours","7":"product_cat-non-classe","8":"pa_destination-antalya","10":"first","11":"instock","12":"shipping-taxable","13":"purchasable","14":"product-type-tour_phys"},"_links":{"self":[{"href":"https:\/\/vetatourism.com\/es\/wp-json\/wp\/v2\/product\/14029","targetHints":{"allow":["GET"]}}],"collection":[{"href":"https:\/\/vetatourism.com\/es\/wp-json\/wp\/v2\/product"}],"about":[{"href":"https:\/\/vetatourism.com\/es\/wp-json\/wp\/v2\/types\/product"}],"replies":[{"embeddable":true,"href":"https:\/\/vetatourism.com\/es\/wp-json\/wp\/v2\/comments?post=14029"}],"wp:featuredmedia":[{"embeddable":true,"href":"https:\/\/vetatourism.com\/es\/wp-json\/wp\/v2\/media\/14022"}],"wp:attachment":[{"href":"https:\/\/vetatourism.com\/es\/wp-json\/wp\/v2\/media?parent=14029"}],"wp:term":[{"taxonomy":"product_brand","embeddable":true,"href":"https:\/\/vetatourism.com\/es\/wp-json\/wp\/v2\/product_brand?post=14029"},{"taxonomy":"product_cat","embeddable":true,"href":"https:\/\/vetatourism.com\/es\/wp-json\/wp\/v2\/product_cat?post=14029"},{"taxonomy":"product_tag","embeddable":true,"href":"https:\/\/vetatourism.com\/es\/wp-json\/wp\/v2\/product_tag?post=14029"}],"curies":[{"name":"wp","href":"https:\/\/api.w.org\/{rel}","templated":true}]}}