{"id":14006,"date":"2026-01-31T17:28:26","date_gmt":"2026-01-31T17:28:26","guid":{"rendered":"https:\/\/vetatourism.com\/?post_type=product&#038;p=14006"},"modified":"2026-03-09T05:47:34","modified_gmt":"2026-03-09T05:47:34","slug":"pamukkale-hot-air-balloon-tour-from-kemer","status":"publish","type":"product","link":"https:\/\/vetatourism.com\/tours\/pamukkale-hot-air-balloon-tour-from-kemer","title":{"rendered":"Pamukkale Globo De Aire Caliente Tour De Kemer"},"content":{"rendered":"<p>Empezar el d\u00eda temprano con un c\u00f3modo 3.5 horas de aire acondicionado unidad de Antalya a Pamukkale. A su llegada, prep\u00e1rate para un vuelo en globo al amanecer, que ofrece espectaculares vistas a\u00e9reas de las terrazas de travertino y ruinas antiguas.<\/p>\n<p>Ascender hacia el cielo con pilotos experimentados, como el sol aparece, la pintura del paisaje en tonos dorados. Este tranquilo, pero estimulante de vuelo es la mezcla perfecta de aventura y serenidad.<\/p>\n<p>Despu\u00e9s del aterrizaje, a disfrutar de una tradicional celebraci\u00f3n con champagne y obtener su certificado de vuelo.<\/p>\n<p>Repostar con un sabroso desayuno, a continuaci\u00f3n, explorar el ic\u00f3nico Pamukkale travertinos y la antigua ciudad de Hier\u00e1polis. Maravillarse con su bien conservado anfiteatro, ba\u00f1os, tumbas, y m\u00e1s. Usted tambi\u00e9n tendr\u00e1 la opci\u00f3n de visitar la Piscina de Cleopatra (entrada no incluida).<\/p>\n<p>El final de la gira con un relajante almuerzo antes de regresar a su hotel en Antalya.<\/p>\n<p>&nbsp;<\/p>\n<hr \/>\n<p>&nbsp;<\/p>\n<div class=\"tour-content-what-included\">\n<h4 id=\"whats-included\">\u00bfQu\u00e9 est\u00e1 Incluido<\/h4>\n<ul style=\"column-count: 2;\">\n<li>Vuelo en globo al amanecer sobre Pamukkale con la recogida en el hotel desde Antalya<\/li>\n<li>No apto para ni\u00f1os menores de 7 a\u00f1os de edad o embarazadas hu\u00e9spedes<\/li>\n<li>Vuelos en globo son tiempo-dependientes; vuelos cancelados son reembolsados<\/li>\n<li>El desayuno, el almuerzo y la celebraci\u00f3n con champagne est\u00e1n incluidos<\/li>\n<li>Pamukkale y Hier\u00e1polis visitas est\u00e1n incluidas; la Piscina de Cleopatra es opcional con cargo extra<\/li>\n<li>Hora de recogida puede variar dependiendo del amanecer y de las condiciones clim\u00e1ticas<\/li>\n<\/ul>\n<\/div>\n<p>&nbsp;<\/p>\n<hr \/>\n<p>&nbsp;<\/p>\n<div class=\"tour-content-add-information\">\n<h4>Informaci\u00f3n Adicional<\/h4>\n<ul>\n<li>No apto para ni\u00f1os menores de 7 a\u00f1os o mujeres embarazadas<\/li>\n<li>Vuelos en globo puede ser cancelado debido al mal tiempo; en ese caso, el vuelo parte ser\u00e1 reembolsado<\/li>\n<li>Habr\u00e1 descansos cortos para ir de compras y los ba\u00f1os durante la unidad<\/li>\n<li>Hora de recogida puede variar dependiendo del amanecer<\/li>\n<li>Los hu\u00e9spedes que opten fuera de Pamukkale y Hier\u00e1polis entrada puede disfrutar de tiempo libre<\/li>\n<\/ul>\n<p>&nbsp;<\/p>\n<\/div>\n<hr \/>\n<p>&nbsp;<\/p>\n<div class=\"tour-content-cancell-policy\">\n<p><strong>Qu\u00e9 Llevar<\/strong><\/p>\n<ul style=\"column-count: 2;\">\n<li>Gafas de sol<img decoding=\"async\" class=\"emoji\" role=\"img\" draggable=\"false\" src=\"https:\/\/s.w.org\/images\/core\/emoji\/17.0.2\/svg\/1f576.svg\" alt=\"\ud83d\udd76\ufe0f\" \/><\/li>\n<li>Sombrero<img decoding=\"async\" class=\"emoji\" role=\"img\" draggable=\"false\" src=\"https:\/\/s.w.org\/images\/core\/emoji\/17.0.2\/svg\/1f9e2.svg\" alt=\"\ud83e\udde2\" \/><\/li>\n<li>Traje de ba\u00f1o y toalla <img decoding=\"async\" class=\"emoji\" role=\"img\" draggable=\"false\" src=\"https:\/\/s.w.org\/images\/core\/emoji\/17.0.2\/svg\/1fa71.svg\" alt=\"\ud83e\ude71\" \/><\/li>\n<li>C\u00f3moda ropa deportiva y zapatillas de deporte \ud83d\udc5f<\/li>\n<li>Dinero en efectivo para gastos personales <img decoding=\"async\" class=\"emoji\" role=\"img\" draggable=\"false\" src=\"https:\/\/s.w.org\/images\/core\/emoji\/17.0.2\/svg\/1f4b3.svg\" alt=\"\ud83d\udcb3\" \/><\/li>\n<\/ul>\n<\/div>","protected":false},"excerpt":{"rendered":"<p>Start your day early with a comfortable 3.5-hour air-conditioned drive from Antalya to Pamukkale. Upon arrival, get ready for a sunrise hot air balloon flight that offers spectacular aerial views <\/p>","protected":false},"featured_media":14007,"comment_status":"open","ping_status":"closed","template":"","meta":[],"product_brand":[],"product_cat":[15],"product_tag":[],"class_list":{"0":"post-14006","1":"product","2":"type-product","3":"status-publish","4":"has-post-thumbnail","6":"tour_phys-tours","7":"product_cat-non-classe","8":"pa_destination-kemer","10":"first","11":"instock","12":"shipping-taxable","13":"purchasable","14":"product-type-tour_phys"},"_links":{"self":[{"href":"https:\/\/vetatourism.com\/es\/wp-json\/wp\/v2\/product\/14006","targetHints":{"allow":["GET"]}}],"collection":[{"href":"https:\/\/vetatourism.com\/es\/wp-json\/wp\/v2\/product"}],"about":[{"href":"https:\/\/vetatourism.com\/es\/wp-json\/wp\/v2\/types\/product"}],"replies":[{"embeddable":true,"href":"https:\/\/vetatourism.com\/es\/wp-json\/wp\/v2\/comments?post=14006"}],"wp:featuredmedia":[{"embeddable":true,"href":"https:\/\/vetatourism.com\/es\/wp-json\/wp\/v2\/media\/14007"}],"wp:attachment":[{"href":"https:\/\/vetatourism.com\/es\/wp-json\/wp\/v2\/media?parent=14006"}],"wp:term":[{"taxonomy":"product_brand","embeddable":true,"href":"https:\/\/vetatourism.com\/es\/wp-json\/wp\/v2\/product_brand?post=14006"},{"taxonomy":"product_cat","embeddable":true,"href":"https:\/\/vetatourism.com\/es\/wp-json\/wp\/v2\/product_cat?post=14006"},{"taxonomy":"product_tag","embeddable":true,"href":"https:\/\/vetatourism.com\/es\/wp-json\/wp\/v2\/product_tag?post=14006"}],"curies":[{"name":"wp","href":"https:\/\/api.w.org\/{rel}","templated":true}]}}