{"id":13994,"date":"2026-01-31T16:01:07","date_gmt":"2026-01-31T16:01:07","guid":{"rendered":"https:\/\/vetatourism.com\/?post_type=product&#038;p=13994"},"modified":"2026-02-26T08:08:15","modified_gmt":"2026-02-26T08:08:15","slug":"pamukkale-hierapolis-tour-from-kemer","status":"publish","type":"product","link":"https:\/\/vetatourism.com\/tours\/pamukkale-hierapolis-tour-from-kemer","title":{"rendered":"Pamukkale &amp; Hier\u00e1polis Tour de Kemer"},"content":{"rendered":"<p>Comience su d\u00eda con un c\u00f3modo traslado desde su hotel en Antalya. Viaje a trav\u00e9s de pintorescos paisajes, antes de llegar a la fama mundial de Pamukkale, conocida tambi\u00e9n como \"Castillo de Algod\u00f3n.\"<\/p>\n<p>Antes de su visita, disfrute de un almuerzo descanso para recargar. Entonces, marvel en el surrealista blanco de terrazas de travertino formada por minerales de las aguas termales que fluyen por los acantilados.<\/p>\n<p>Explorar la antigua ciudad de <strong>Hier\u00e1polis<\/strong>fundado como un balneario en el siglo 2 antes de cristo. Camina entre las ruinas bien conservadas como la <strong>Teatro romano<\/strong>, <strong>El Templo De Apolo<\/strong>, <strong>Los ba\u00f1os romanos<\/strong>, <strong>fuentes<\/strong>y el <strong>agora<\/strong>. Su gu\u00eda profesional a compartir historias fascinantes sobre la historia del lugar y la importancia cultural.<\/p>\n<p>Despu\u00e9s de la visita guiada, usted tendr\u00e1 tiempo libre para relajarse o nadar en las piscinas termales. Por un cargo extra, usted puede disfrutar de los famosos <strong>La Piscina de Cleopatra<\/strong>, donde dice la leyenda que la reina misma una vez ba\u00f1ado.<\/p>\n<p>&nbsp;<\/p>\n<hr \/>\n<p>&nbsp;<\/p>\n<div class=\"tour-content-what-included\">\n<h4 id=\"whats-included\">\u00bfQu\u00e9 est\u00e1 Incluido<\/h4>\n<ul style=\"column-count: 2;\">\n<li>Visita guiada de d\u00eda completo con la recogida en el hotel desde Antalya<\/li>\n<li>Visita a Pamukkale travertinos y la antigua ciudad de Hier\u00e1polis<\/li>\n<li>Se incluye el almuerzo antes de que el programa de visitas tur\u00edsticas<\/li>\n<li>El tiempo libre se proporciona para la relajaci\u00f3n y la nataci\u00f3n<\/li>\n<li>La Piscina de Cleopatra es opcional y est\u00e1 disponible por un suplemento<\/li>\n<li>El itinerario puede variar dependiendo del clima y de las condiciones del sitio<\/li>\n<\/ul>\n<\/div>\n<p>&nbsp;<\/p>\n<hr \/>\n<p>&nbsp;<\/p>\n<div class=\"tour-content-add-information\">\n<h4>Informaci\u00f3n Adicional<\/h4>\n<ul>\n<li>Esta es una visita guiada de d\u00eda completo con la recogida en el hotel y dejar de Antalya<\/li>\n<li>Hora de recogida var\u00eda dependiendo de la ubicaci\u00f3n del hotel y ser\u00e1 confirmado despu\u00e9s de la reserva<\/li>\n<li>Nataci\u00f3n en las piscinas termales es opcional; la Piscina de Cleopatra est\u00e1 disponible por un cargo adicional a pagar en el sitio<\/li>\n<li>Los hu\u00e9spedes est\u00e1n obligados a quitarse los zapatos al caminar en las terrazas de travertino<\/li>\n<li>El itinerario puede cambiar debido a las condiciones clim\u00e1ticas de sitio o de los reglamentos<\/li>\n<li>No recomendado para personas con graves dificultades de movilidad debido al caminar sobre superficies irregulares<\/li>\n<\/ul>\n<p>&nbsp;<\/p>\n<hr \/>\n<p>&nbsp;<\/p>\n<div class=\"tour-content-cancell-policy\">\n<p><strong>Qu\u00e9 Llevar<\/strong><\/p>\n<ul style=\"column-count: 2;\">\n<li>Pasaporte o documento de identidad \ud83c\udd94<\/li>\n<li>Zapatos c\u00f3modos para caminar \ud83d\udc5f<\/li>\n<li>Gafas de sol y sombrero para el sol \ud83d\udd76\ufe0f<\/li>\n<li>Trajes de ba\u00f1o y toalla (para aquellos que quieran nadar) \ud83e\ude71<\/li>\n<\/ul>\n<\/div>\n<\/div>","protected":false},"excerpt":{"rendered":"<p>Comience su d\u00eda con un c\u00f3modo traslado desde su hotel en Antalya. Viaje a trav\u00e9s de pintorescos paisajes, antes de llegar a la fama mundial de Pamukkale, conocida tambi\u00e9n como \"Castillo de Algod\u00f3n.\"<br \/>\nBefore your <\/p>","protected":false},"featured_media":13995,"comment_status":"open","ping_status":"closed","template":"","meta":[],"product_brand":[],"product_cat":[],"product_tag":[],"class_list":{"0":"post-13994","1":"product","2":"type-product","3":"status-publish","4":"has-post-thumbnail","6":"tour_phys-tours","7":"pa_destination-kemer","9":"first","10":"instock","11":"shipping-taxable","12":"purchasable","13":"product-type-tour_phys"},"_links":{"self":[{"href":"https:\/\/vetatourism.com\/es\/wp-json\/wp\/v2\/product\/13994","targetHints":{"allow":["GET"]}}],"collection":[{"href":"https:\/\/vetatourism.com\/es\/wp-json\/wp\/v2\/product"}],"about":[{"href":"https:\/\/vetatourism.com\/es\/wp-json\/wp\/v2\/types\/product"}],"replies":[{"embeddable":true,"href":"https:\/\/vetatourism.com\/es\/wp-json\/wp\/v2\/comments?post=13994"}],"wp:featuredmedia":[{"embeddable":true,"href":"https:\/\/vetatourism.com\/es\/wp-json\/wp\/v2\/media\/13995"}],"wp:attachment":[{"href":"https:\/\/vetatourism.com\/es\/wp-json\/wp\/v2\/media?parent=13994"}],"wp:term":[{"taxonomy":"product_brand","embeddable":true,"href":"https:\/\/vetatourism.com\/es\/wp-json\/wp\/v2\/product_brand?post=13994"},{"taxonomy":"product_cat","embeddable":true,"href":"https:\/\/vetatourism.com\/es\/wp-json\/wp\/v2\/product_cat?post=13994"},{"taxonomy":"product_tag","embeddable":true,"href":"https:\/\/vetatourism.com\/es\/wp-json\/wp\/v2\/product_tag?post=13994"}],"curies":[{"name":"wp","href":"https:\/\/api.w.org\/{rel}","templated":true}]}}