{"id":13993,"date":"2026-01-31T15:58:36","date_gmt":"2026-01-31T15:58:36","guid":{"rendered":"https:\/\/vetatourism.com\/?post_type=product&#038;p=13993"},"modified":"2026-03-09T05:47:52","modified_gmt":"2026-03-09T05:47:52","slug":"demre-myra-kekova-tour-from-antalya-st-nicholas-church","status":"publish","type":"product","link":"https:\/\/vetatourism.com\/tours\/demre-myra-kekova-tour-from-antalya-st-nicholas-church","title":{"rendered":"Demre Myra, Kekova Tour De Antalya &amp; La Iglesia De San Nicol\u00e1s"},"content":{"rendered":"<p>Comience su viaje con un c\u00f3modo servicio de recogida de su hotel en Antalya o Kemer. De la unidad a trav\u00e9s de paisajes de las carreteras costeras a la antigua regi\u00f3n de Licia.<\/p>\n<p>Su primera parada es <strong>Myra<\/strong>, una antigua Licia de la ciudad, donde podr\u00e1 visitar la impresionante <strong>excavadas en la roca tumbas<\/strong> y los restos de un <strong>Greco-Romano teatro<\/strong>.<\/p>\n<p>Siguiente, de la cabeza a <strong>Demre<\/strong> para visitar el <strong>Iglesia de San Nicol\u00e1s<\/strong>construida sobre el lugar de enterramiento de la 4\u00aa siglo santo que inspir\u00f3 la leyenda de Santa Claus.<\/p>\n<p>Despu\u00e9s de disfrutar de una <strong>delicioso almuerzo local<\/strong>, a bordo de un <strong>fondo de vidrio yate<\/strong> en \u00c7aya\u011fz\u0131 Puerto de cruceros y hacia <strong>La Isla De Kekova<\/strong>. Admirar las misteriosas ruinas de la <strong>la ciudad sumergida<\/strong>, parcialmente sumergido despu\u00e9s de un antiguo terremoto.<\/p>\n<p>Ver debajo del agua de los restos del yate de ventanas de vidrio, y punto <strong>Simena Castillo<\/strong> en la cima de la colina. Antes de regresar, disfrutar de un refrescante <strong>la nataci\u00f3n romper<\/strong> en las hermosas aguas del mar Mediterr\u00e1neo.<\/p>\n<p>Finalmente, relajarse en su viaje de regreso a su hotel, lleno de recuerdos inolvidables de Turqu\u00eda rica historia.<\/p>\n<p>&nbsp;<\/p>\n<hr \/>\n<p>&nbsp;<\/p>\n<div class=\"tour-content-what-included\">\n<h4 id=\"whats-included\">\u00bfQu\u00e9 est\u00e1 Incluido<\/h4>\n<ul style=\"column-count: 2;\">\n<li>D\u00eda completo de visita cultural con la recogida en el hotel de Antalya o Kemer<\/li>\n<li>Visita a la Antigua Ciudad de Myra, Demre, y el Kekova regi\u00f3n<\/li>\n<li>Bote de fondo de vidrio crucero para ver la Ciudad sumergida de Kekova<\/li>\n<li>El almuerzo y para nadar est\u00e1n incluidos en el programa<\/li>\n<li>El itinerario puede variar dependiendo del clima y las condiciones del mar<\/li>\n<\/ul>\n<\/div>\n<p>&nbsp;<\/p>\n<hr \/>\n<p>&nbsp;<\/p>\n<div class=\"tour-content-add-information\">\n<h4>Informaci\u00f3n Adicional<\/h4>\n<ul>\n<li>Esta es una visita guiada de d\u00eda completo con la recogida en el hotel y dejar de Antalya o Kemer<\/li>\n<li>Horarios de recogida var\u00edan seg\u00fan la ubicaci\u00f3n del hotel y ser\u00e1 confirmado despu\u00e9s de la reserva<\/li>\n<li>Las tarifas de entrada a la Antigua Ciudad de Myra y la Iglesia de San Nicol\u00e1s se puede pagar en el sitio, dependiendo del paquete seleccionado<\/li>\n<li>El bote de fondo de vidrio de crucero permite la visualizaci\u00f3n de la Ciudad Hundida sin la nataci\u00f3n, la nataci\u00f3n es opcional durante el descanso<\/li>\n<li>El itinerario puede cambiar debido al clima, las condiciones del mar, o de regulaciones locales<\/li>\n<li>No recomendado para personas con movilidad limitada debido a caminar en sitios hist\u00f3ricos<\/li>\n<\/ul>\n<p>&nbsp;<\/p>\n<hr \/>\n<p>&nbsp;<\/p>\n<div class=\"tour-content-cancell-policy\">\n<p><strong>Qu\u00e9 Llevar<\/strong><\/p>\n<ul style=\"column-count: 2;\">\n<li>Zapatos c\u00f3modos para caminar \ud83d\udc5f<\/li>\n<li>Gafas de sol y protector solar \ud83e\uddf4<\/li>\n<li>Trajes de ba\u00f1o y toalla <img decoding=\"async\" class=\"emoji\" role=\"img\" draggable=\"false\" src=\"https:\/\/s.w.org\/images\/core\/emoji\/17.0.2\/svg\/1fa71.svg\" alt=\"\ud83e\ude71\" \/><\/li>\n<li>Dinero en efectivo para gastos personales <img decoding=\"async\" class=\"emoji\" role=\"img\" draggable=\"false\" src=\"https:\/\/s.w.org\/images\/core\/emoji\/17.0.2\/svg\/1f4b3.svg\" alt=\"\ud83d\udcb3\" \/><\/li>\n<\/ul>\n<\/div>\n<\/div>","protected":false},"excerpt":{"rendered":"<p>Comience su viaje con un c\u00f3modo servicio de recogida de su hotel en Antalya o Kemer. De la unidad a trav\u00e9s de paisajes de las carreteras costeras a la antigua regi\u00f3n de Licia.<br \/>\nYour first stop is Myra, <\/p>","protected":false},"featured_media":13985,"comment_status":"open","ping_status":"closed","template":"","meta":[],"product_brand":[],"product_cat":[15],"product_tag":[],"class_list":{"0":"post-13993","1":"product","2":"type-product","3":"status-publish","4":"has-post-thumbnail","6":"tour_phys-tours","7":"product_cat-non-classe","8":"pa_destination-antalya","10":"first","11":"instock","12":"shipping-taxable","13":"purchasable","14":"product-type-tour_phys"},"_links":{"self":[{"href":"https:\/\/vetatourism.com\/es\/wp-json\/wp\/v2\/product\/13993","targetHints":{"allow":["GET"]}}],"collection":[{"href":"https:\/\/vetatourism.com\/es\/wp-json\/wp\/v2\/product"}],"about":[{"href":"https:\/\/vetatourism.com\/es\/wp-json\/wp\/v2\/types\/product"}],"replies":[{"embeddable":true,"href":"https:\/\/vetatourism.com\/es\/wp-json\/wp\/v2\/comments?post=13993"}],"wp:featuredmedia":[{"embeddable":true,"href":"https:\/\/vetatourism.com\/es\/wp-json\/wp\/v2\/media\/13985"}],"wp:attachment":[{"href":"https:\/\/vetatourism.com\/es\/wp-json\/wp\/v2\/media?parent=13993"}],"wp:term":[{"taxonomy":"product_brand","embeddable":true,"href":"https:\/\/vetatourism.com\/es\/wp-json\/wp\/v2\/product_brand?post=13993"},{"taxonomy":"product_cat","embeddable":true,"href":"https:\/\/vetatourism.com\/es\/wp-json\/wp\/v2\/product_cat?post=13993"},{"taxonomy":"product_tag","embeddable":true,"href":"https:\/\/vetatourism.com\/es\/wp-json\/wp\/v2\/product_tag?post=13993"}],"curies":[{"name":"wp","href":"https:\/\/api.w.org\/{rel}","templated":true}]}}