{"id":13981,"date":"2026-01-30T12:56:23","date_gmt":"2026-01-30T12:56:23","guid":{"rendered":"https:\/\/vetatourism.com\/?post_type=product&#038;p=13981"},"modified":"2026-03-09T05:48:04","modified_gmt":"2026-03-09T05:48:04","slug":"relax-vip-yacht-tour-from-antalya-small-group","status":"publish","type":"product","link":"https:\/\/vetatourism.com\/tours\/relax-vip-yacht-tour-from-antalya-small-group","title":{"rendered":"Relax VIP Tour en Yate Desde Antalya \u2013 Grupo Peque\u00f1o"},"content":{"rendered":"<p>Cuando se visita la localidad de Kemer, Antalya, le salud\u00f3 con una vibrante mezcla de playas, la vida nocturna, y un sinf\u00edn de actividades. Pero a veces, todo lo que necesita es un momento de calma. El Relax VIP Tour en Yate es el lugar perfecto para escapar del ajetreo y el bullicio.<\/p>\n<p>Paso a bordo de un yate c\u00f3modo dise\u00f1ado para la paz y el lujo. Sin m\u00fasica fuerte o ca\u00f3tica multitud, usted va a disfrutar de cada momento\u2014ya sea que usted est\u00e1 nadando en bah\u00edas impecables, tomar el sol en la cubierta, o disfrutar de un delicioso almuerzo turco preparado por el chef a bordo. La tranquila atm\u00f3sfera, combinada con m\u00fasica de fondo relajante, crea el escenario ideal para relajarse y recargar las pilas.<\/p>\n<p>&nbsp;<\/p>\n<hr \/>\n<p>&nbsp;<\/p>\n<div class=\"tour-content-what-included\">\n<h4 id=\"whats-included\">\u00bfQu\u00e9 est\u00e1 Incluido<\/h4>\n<ul style=\"column-count: 2;\">\n<li>VIP tour en yate centrado en la relajaci\u00f3n y un ambiente tranquilo<\/li>\n<li>No hay m\u00fasica fuerte o una fiesta al estilo de las actividades a bordo<\/li>\n<li>Reci\u00e9n preparada turco almuerzo servido en el yate<\/li>\n<li>El tour no es accesible en silla de ruedas<\/li>\n<li>Los ni\u00f1os deben sentarse en el regazo y sin estar independiente siempre<\/li>\n<li>Adecuado para la mayor\u00eda de los viajeros, pero no se recomienda para personas con condiciones m\u00e9dicas graves<\/li>\n<\/ul>\n<\/div>\n<p>&nbsp;<\/p>\n<hr \/>\n<p>&nbsp;<\/p>\n<div class=\"tour-content-add-information\">\n<h4>Informaci\u00f3n Adicional<\/h4>\n<ul>\n<li>Este tour no es accesible en silla de ruedas<\/li>\n<li>Los ni\u00f1os deben sentarse en el regazo (no separado de asiento de siempre)<\/li>\n<li>Adecuado para la mayor\u00eda de los viajeros; sin embargo, no se recomienda para aquellos con condiciones m\u00e9dicas graves<\/li>\n<\/ul>\n<p>&nbsp;<\/p>\n<\/div>\n<hr \/>\n<p>&nbsp;<\/p>\n<div class=\"tour-content-cancell-policy\">\n<p><strong>Qu\u00e9 Llevar<\/strong><\/p>\n<ul style=\"column-count: 2;\">\n<li>Gafas de sol<img decoding=\"async\" class=\"emoji\" role=\"img\" draggable=\"false\" src=\"https:\/\/s.w.org\/images\/core\/emoji\/17.0.2\/svg\/1f576.svg\" alt=\"\ud83d\udd76\ufe0f\" \/><\/li>\n<li>Traje de ba\u00f1o de \ud83d\udc59<\/li>\n<li>Toalla \ud83e\uddfc<\/li>\n<li>Protector solar \ud83e\uddf4<\/li>\n<li>Algo de dinero para gastos personales \ud83d\udcb5<\/li>\n<\/ul>\n<\/div>","protected":false},"excerpt":{"rendered":"<p>When visiting Kemer, Antalya, you&#8217;re greeted with a vibrant blend of beaches, nightlife, and endless activities. But sometimes, all you need is a moment of calm. The Relax VIP Yacht <\/p>","protected":false},"featured_media":13973,"comment_status":"open","ping_status":"closed","template":"","meta":[],"product_brand":[],"product_cat":[15],"product_tag":[],"class_list":{"0":"post-13981","1":"product","2":"type-product","3":"status-publish","4":"has-post-thumbnail","6":"tour_phys-tours","7":"product_cat-non-classe","8":"pa_destination-antalya","10":"first","11":"instock","12":"shipping-taxable","13":"purchasable","14":"product-type-tour_phys"},"_links":{"self":[{"href":"https:\/\/vetatourism.com\/es\/wp-json\/wp\/v2\/product\/13981","targetHints":{"allow":["GET"]}}],"collection":[{"href":"https:\/\/vetatourism.com\/es\/wp-json\/wp\/v2\/product"}],"about":[{"href":"https:\/\/vetatourism.com\/es\/wp-json\/wp\/v2\/types\/product"}],"replies":[{"embeddable":true,"href":"https:\/\/vetatourism.com\/es\/wp-json\/wp\/v2\/comments?post=13981"}],"wp:featuredmedia":[{"embeddable":true,"href":"https:\/\/vetatourism.com\/es\/wp-json\/wp\/v2\/media\/13973"}],"wp:attachment":[{"href":"https:\/\/vetatourism.com\/es\/wp-json\/wp\/v2\/media?parent=13981"}],"wp:term":[{"taxonomy":"product_brand","embeddable":true,"href":"https:\/\/vetatourism.com\/es\/wp-json\/wp\/v2\/product_brand?post=13981"},{"taxonomy":"product_cat","embeddable":true,"href":"https:\/\/vetatourism.com\/es\/wp-json\/wp\/v2\/product_cat?post=13981"},{"taxonomy":"product_tag","embeddable":true,"href":"https:\/\/vetatourism.com\/es\/wp-json\/wp\/v2\/product_tag?post=13981"}],"curies":[{"name":"wp","href":"https:\/\/api.w.org\/{rel}","templated":true}]}}