{"id":13971,"date":"2026-01-30T12:26:54","date_gmt":"2026-01-30T12:26:54","guid":{"rendered":"https:\/\/vetatourism.com\/?post_type=product&#038;p=13971"},"modified":"2026-03-09T05:48:15","modified_gmt":"2026-03-09T05:48:15","slug":"porto-genoese-boat-trip-from-antalya","status":"publish","type":"product","link":"https:\/\/vetatourism.com\/tours\/porto-genoese-boat-trip-from-antalya","title":{"rendered":"Porto Genov\u00e9s Viaje En Barco Desde Antalya"},"content":{"rendered":"<p>Tu aventura comienza con un conveniente de recogida desde su hotel en Antalya centro de la ciudad, Lara, o Belek (dependiendo de la opci\u00f3n elegida) o en el punto de encuentro designado. Disfrute de un viaje esc\u00e9nico a Adrasan Puerto, donde el barco se le espera.<\/p>\n<p><strong>Akseki Bay<\/strong><br \/>\nEmpezar con 30 minutos de parada en Akseki de la Bah\u00eda, ideal para la nataci\u00f3n y el buceo. El fondo del mar es rica en vida marina, incluyendo los erizos de mar, a fin de llevar un equipo de snorkel y ver su paso para disfrutar plenamente de este para\u00edso submarino.<\/p>\n<p><strong>Porto Ceneviz Bay<\/strong><br \/>\nSiguiente, rumbo a la impresionante Porto Ceneviz de la Bah\u00eda de 60 minutos de descanso. Nadar en las glamorosas aguas de color turquesa, disfrutar de un divertido ba\u00f1o de lodo, y disfrutar de un delicioso almuerzo a bordo mientras rodeado de un paisaje impresionante.<\/p>\n<p><strong>Korsan Bay<\/strong><br \/>\nDespu\u00e9s de 25 minutos de crucero, llegar a Korsan de la Bah\u00eda de 40 minutos de nataci\u00f3n y relajaci\u00f3n. Este lugar apartado ofrece aguas cristalinas y un ambiente tranquilo, perfecto para descansar.<\/p>\n<p><strong>Fosforlu Cueva<\/strong><br \/>\nSi las condiciones del mar lo permiten, explorar la encantadora Fosforlu Cueva, una joya escondida en una \u00fanica, brillante ambiente que a\u00f1ade un toque m\u00e1gico a tu d\u00eda.<\/p>\n<p>Despu\u00e9s de un d\u00eda de aventura y relajaci\u00f3n, navegaremos de regreso a Adrasan Beach y disfrutar de un c\u00f3modo traslado a su hotel o una direcci\u00f3n en Antalya.<\/p>\n<p>&nbsp;<\/p>\n<hr \/>\n<p>&nbsp;<\/p>\n<div class=\"tour-content-what-included\">\n<h4 id=\"whats-included\">\u00bfQu\u00e9 est\u00e1 Incluido<\/h4>\n<ul style=\"column-count: 2;\">\n<li>De d\u00eda completo tour en yate con la recogida de Antalya centro de la ciudad, Lara, o Belek<\/li>\n<li>Varios de nataci\u00f3n y relajaci\u00f3n paradas a lo largo de la costa<\/li>\n<li>El almuerzo se sirve a bordo durante el viaje<\/li>\n<li>El Snorkeling es opcional con un equipo personal<\/li>\n<li>La ruta y las paradas podr\u00edan cambiar dependiendo de la mar y las condiciones clim\u00e1ticas<\/li>\n<\/ul>\n<\/div>\n<p>&nbsp;<\/p>\n<hr \/>\n<p>&nbsp;<\/p>\n<div class=\"tour-content-add-information\">\n<h4>Informaci\u00f3n Adicional<\/h4>\n<ul>\n<li>El itinerario puede cambiar debido a las condiciones de la mar, y algunas paradas puede ser omitido para la seguridad.<\/li>\n<li>Snorkel no es una actividad espec\u00edfica, pero son bienvenidos a traer su propio equipo a utilizar durante la nataci\u00f3n saltos.<\/li>\n<li>Use ropa c\u00f3moda trajes de ba\u00f1o, protector solar y zapatos antideslizantes de seguridad.<\/li>\n<li>Traer una toalla, sombrero, y la botella de agua para mayor comodidad.<\/li>\n<\/ul>\n<p>&nbsp;<\/p>\n<\/div>\n<hr \/>\n<p>&nbsp;<\/p>\n<div class=\"tour-content-cancell-policy\">\n<p><strong>Qu\u00e9 Llevar<\/strong><\/p>\n<ul style=\"column-count: 2;\">\n<li>Sombrero y gafas de sol <img decoding=\"async\" class=\"emoji\" role=\"img\" draggable=\"false\" src=\"https:\/\/s.w.org\/images\/core\/emoji\/17.0.2\/svg\/1f576.svg\" alt=\"\ud83d\udd76\ufe0f\" \/><\/li>\n<li>Protector solar \ud83e\uddf4<\/li>\n<li>Antideslizante zapatos de agua \ud83d\udc5f<\/li>\n<li>Trajes de ba\u00f1o y toalla <img decoding=\"async\" class=\"emoji\" role=\"img\" draggable=\"false\" src=\"https:\/\/s.w.org\/images\/core\/emoji\/17.0.2\/svg\/1fa71.svg\" alt=\"\ud83e\ude71\" \/><\/li>\n<li>C\u00e1mara a prueba de agua o tel\u00e9fono \ud83d\udcf1<\/li>\n<li>Dinero en efectivo para gastos personales \ud83d\udcb3<\/li>\n<\/ul>\n<\/div>","protected":false},"excerpt":{"rendered":"<p>Your adventure begins with a convenient pickup from your hotel in Antalya city center, Lara, or Belek (depending on your chosen option) or at the designated meeting point. Enjoy a <\/p>","protected":false},"featured_media":13956,"comment_status":"open","ping_status":"closed","template":"","meta":[],"product_brand":[],"product_cat":[15],"product_tag":[],"class_list":{"0":"post-13971","1":"product","2":"type-product","3":"status-publish","4":"has-post-thumbnail","6":"tour_phys-tours","7":"product_cat-non-classe","8":"pa_activity-porto-genoese-bay","9":"pa_destination-antalya","11":"first","12":"instock","13":"shipping-taxable","14":"purchasable","15":"product-type-tour_phys"},"_links":{"self":[{"href":"https:\/\/vetatourism.com\/es\/wp-json\/wp\/v2\/product\/13971","targetHints":{"allow":["GET"]}}],"collection":[{"href":"https:\/\/vetatourism.com\/es\/wp-json\/wp\/v2\/product"}],"about":[{"href":"https:\/\/vetatourism.com\/es\/wp-json\/wp\/v2\/types\/product"}],"replies":[{"embeddable":true,"href":"https:\/\/vetatourism.com\/es\/wp-json\/wp\/v2\/comments?post=13971"}],"wp:featuredmedia":[{"embeddable":true,"href":"https:\/\/vetatourism.com\/es\/wp-json\/wp\/v2\/media\/13956"}],"wp:attachment":[{"href":"https:\/\/vetatourism.com\/es\/wp-json\/wp\/v2\/media?parent=13971"}],"wp:term":[{"taxonomy":"product_brand","embeddable":true,"href":"https:\/\/vetatourism.com\/es\/wp-json\/wp\/v2\/product_brand?post=13971"},{"taxonomy":"product_cat","embeddable":true,"href":"https:\/\/vetatourism.com\/es\/wp-json\/wp\/v2\/product_cat?post=13971"},{"taxonomy":"product_tag","embeddable":true,"href":"https:\/\/vetatourism.com\/es\/wp-json\/wp\/v2\/product_tag?post=13971"}],"curies":[{"name":"wp","href":"https:\/\/api.w.org\/{rel}","templated":true}]}}