{"id":13920,"date":"2026-01-30T10:52:08","date_gmt":"2026-01-30T10:52:08","guid":{"rendered":"https:\/\/vetatourism.com\/?post_type=product&#038;p=13920"},"modified":"2026-04-25T19:15:47","modified_gmt":"2026-04-25T19:15:47","slug":"kemer-suluada-island-boat-trip-turkish-maldives","status":"publish","type":"product","link":"https:\/\/vetatourism.com\/tours\/kemer-suluada-island-boat-trip-turkish-maldives","title":{"rendered":"Kemer: Suluada Isla De Viaje En Barco -T\u00fcrkish Maldivas"},"content":{"rendered":"<p>Su viaje comienza con la recogida en el hotel de Kemer, seguido por un viaje esc\u00e9nico a <strong data-start=\"1087\" data-end=\"1103\">Adrasan Puerto<\/strong>, donde a bordo de un yate c\u00f3modo para un d\u00eda de sol, el mar, y la serenidad. La ruta te lleva a lo largo de la hermosa <strong data-start=\"1220\" data-end=\"1239\">Riviera Turca<\/strong>, que ofrece impresionantes vistas de las Monta\u00f1as de Tauro virgen y paisajes costeros.<\/p>\n<p>El tour incluye tres nataci\u00f3n se detiene en Suluada los lugares m\u00e1s hermosos:<\/p>\n<ul data-start=\"1403\" data-end=\"1764\">\n<li class=\"\" data-start=\"1403\" data-end=\"1532\"><strong data-start=\"1409\" data-end=\"1425\">Maldivas Bay<\/strong>: Famoso por su suave arena blanca y cristalinas aguas de color turquesa \u2014 perfecto para nadar y bucear.<\/li>\n<li class=\"\" data-start=\"1533\" data-end=\"1643\"><strong data-start=\"1538\" data-end=\"1566\">Suluada Ocultos de la Playas<\/strong>: Relajarse en las tranquilas costas, caminar a lo largo de la costa, o simplemente tomar el sol en paz.<\/li>\n<li class=\"\" data-start=\"1644\" data-end=\"1764\">\ud83c\udfde\ufe0f <strong data-start=\"1650\" data-end=\"1678\">El Amor De La Cueva<\/strong>: Un pintoresco formaci\u00f3n natural donde se puede nadar, bucear o tomar fotos incre\u00edbles.<\/li>\n<\/ul>\n<p>Alrededor del mediod\u00eda, un reci\u00e9n asada <strong data-start=\"1799\" data-end=\"1812\">Almuerzo de BARBACOA<\/strong> se sirve en el barco, con opciones como el pescado, pollo, o platos vegetarianos, junto con la tradicional turco meze. Despu\u00e9s de un relajante descanso para el t\u00e9, el barco se dirige de nuevo a Adrasan, seguido por su traslado de regreso al hotel.<\/p>\n<div style=\"max-width: 360px; margin: 0;\">\n<div style=\"position: relative; padding-top: 177.77%;\"><iframe style=\"position: absolute; top: 0; left: 0; width: 100%; height: 100%; border: 0;\" src=\"https:\/\/www.youtube.com\/embed\/rHGGJue7ZZ0\" allowfullscreen=\"allowfullscreen\"><br \/>\n<\/iframe><\/div>\n<\/div>\n<p>&nbsp;<\/p>\n<hr \/>\n<p>&nbsp;<\/p>\n<div class=\"tour-content-what-included\">\n<h4 id=\"whats-included\">\u00bfQu\u00e9 est\u00e1 Incluido<\/h4>\n<ul style=\"column-count: 2;\">\n<li>Recogida de hoteles en Side y \u00e1reas circundantes<\/li>\n<li>Viaje esc\u00e9nico a trav\u00e9s de las Monta\u00f1as de Tauro<\/li>\n<li>Varios nataci\u00f3n y el buceo se detiene en Suluada m\u00e1s famosas bah\u00edas<\/li>\n<li>Reci\u00e9n preparado, BARBACOA almuerzo servido a bordo con tea break incluido<\/li>\n<li>Ambiente tranquilo y relajante, ideal para los amantes de la naturaleza y parejas<\/li>\n<li>La ruta de la nataci\u00f3n y las paradas pueden variar dependiendo de la mar y las condiciones clim\u00e1ticas<\/li>\n<li>Adecuado para familias, parejas y viajeros solitarios<\/li>\n<\/ul>\n<\/div>\n<p>&nbsp;<\/p>\n<hr \/>\n<p>&nbsp;<\/p>\n<div class=\"tour-content-add-information\">\n<h4>Informaci\u00f3n Adicional<\/h4>\n<ul>\n<li>Duraci\u00f3n del Tour es de aproximadamente de d\u00eda completo, incluyendo las transferencias del hotel<\/li>\n<li>Hora de recogida var\u00eda dependiendo de la ubicaci\u00f3n del hotel y ser\u00e1 confirmado despu\u00e9s de la reserva<\/li>\n<li>El tour opera el clima lo permite, las rutas y la nataci\u00f3n se detiene puede cambiar debido a las condiciones del mar<\/li>\n<li>No recomendado para personas con graves problemas de movilidad<\/li>\n<li>Comida vegetariana opciones est\u00e1n disponibles bajo petici\u00f3n<\/li>\n<li>El Snorkeling es opcional; los equipos pueden estar disponibles dependiendo del barco<\/li>\n<\/ul>\n<p>&nbsp;<\/p>\n<hr \/>\n<p>&nbsp;<\/p>\n<div class=\"tour-content-cancell-policy\">\n<p><strong>Qu\u00e9 Llevar<\/strong><\/p>\n<ul style=\"column-count: 2;\">\n<li>Sombrero y gafas de sol <img decoding=\"async\" class=\"emoji\" role=\"img\" draggable=\"false\" src=\"https:\/\/s.w.org\/images\/core\/emoji\/17.0.2\/svg\/1f576.svg\" alt=\"\ud83d\udd76\ufe0f\" \/><\/li>\n<li>Protector solar \ud83e\uddf4<\/li>\n<li>Trajes de ba\u00f1o y toalla <img decoding=\"async\" class=\"emoji\" role=\"img\" draggable=\"false\" src=\"https:\/\/s.w.org\/images\/core\/emoji\/17.0.2\/svg\/1fa71.svg\" alt=\"\ud83e\ude71\" \/><\/li>\n<li>C\u00e1mara a prueba de agua o tel\u00e9fono \ud83d\udcf1<\/li>\n<\/ul>\n<\/div>\n<\/div>","protected":false},"excerpt":{"rendered":"<p>Your journey begins with a hotel pickup from Kemer, followed by a scenic drive to Adrasan Port, where you\u2019ll board a comfortable yacht for a day of sun, sea, and <\/p>","protected":false},"featured_media":13922,"comment_status":"open","ping_status":"closed","template":"","meta":[],"product_brand":[],"product_cat":[],"product_tag":[202],"class_list":{"0":"post-13920","1":"product","2":"type-product","3":"status-publish","4":"has-post-thumbnail","6":"tour_phys-tours","7":"product_tag--best-sellers","8":"pa_destination-kemer","10":"first","11":"instock","12":"shipping-taxable","13":"purchasable","14":"product-type-tour_phys"},"_links":{"self":[{"href":"https:\/\/vetatourism.com\/es\/wp-json\/wp\/v2\/product\/13920","targetHints":{"allow":["GET"]}}],"collection":[{"href":"https:\/\/vetatourism.com\/es\/wp-json\/wp\/v2\/product"}],"about":[{"href":"https:\/\/vetatourism.com\/es\/wp-json\/wp\/v2\/types\/product"}],"replies":[{"embeddable":true,"href":"https:\/\/vetatourism.com\/es\/wp-json\/wp\/v2\/comments?post=13920"}],"wp:featuredmedia":[{"embeddable":true,"href":"https:\/\/vetatourism.com\/es\/wp-json\/wp\/v2\/media\/13922"}],"wp:attachment":[{"href":"https:\/\/vetatourism.com\/es\/wp-json\/wp\/v2\/media?parent=13920"}],"wp:term":[{"taxonomy":"product_brand","embeddable":true,"href":"https:\/\/vetatourism.com\/es\/wp-json\/wp\/v2\/product_brand?post=13920"},{"taxonomy":"product_cat","embeddable":true,"href":"https:\/\/vetatourism.com\/es\/wp-json\/wp\/v2\/product_cat?post=13920"},{"taxonomy":"product_tag","embeddable":true,"href":"https:\/\/vetatourism.com\/es\/wp-json\/wp\/v2\/product_tag?post=13920"}],"curies":[{"name":"wp","href":"https:\/\/api.w.org\/{rel}","templated":true}]}}