{"id":13919,"date":"2026-01-30T10:24:23","date_gmt":"2026-01-30T10:24:23","guid":{"rendered":"https:\/\/vetatourism.com\/?post_type=product&#038;p=13919"},"modified":"2026-04-19T17:20:55","modified_gmt":"2026-04-19T17:20:55","slug":"land-of-legends-night-show-from-kemer","status":"publish","type":"product","link":"https:\/\/vetatourism.com\/tours\/land-of-legends-night-show-from-kemer","title":{"rendered":"Tierra de Leyendas Show de la Noche de Kemer"},"content":{"rendered":"<p data-start=\"1494\" data-end=\"1807\">La noche comienza con una suave y c\u00f3modo de transferencia de Kemer, a La Tierra de Leyendas Parque Tem\u00e1tico \u2014 la regi\u00f3n m\u00e1s famosa de complejo de entretenimiento. Como empieza el espect\u00e1culo, sum\u00e9rgete en una cautivadora combinaci\u00f3n de m\u00fasica, efectos de iluminaci\u00f3n, l\u00e1ser, y sincronizado fuentes que iluminan el cielo de la noche.<\/p>\n<p data-start=\"1809\" data-end=\"2071\">El punto culminante del evento es el desfile de barcos, donde bellamente decoradas barcos se deslizan a trav\u00e9s del canal acompa\u00f1ados por los artistas int\u00e9rpretes o ejecutantes, luces y m\u00fasica atmosf\u00e9rica. Esta m\u00e1gica noche procesi\u00f3n delicias de los visitantes de todas las edades y crea recuerdos inolvidables.<\/p>\n<p data-start=\"2073\" data-end=\"2357\">Despu\u00e9s de la presentaci\u00f3n, usted tendr\u00e1 tiempo libre para disfrutar de la animada avenida comercial llen\u00f3 con m\u00e1s de 180 tiendas, cafeter\u00edas, bares, restaurantes, y tiendas de dulces. Si usted prefiere tomar fotos, navegar tiendas, o disfrutar de la animada atm\u00f3sfera, el boulevard ofrece algo para todos.<\/p>\n<p data-start=\"2359\" data-end=\"2494\">Al final de la noche, relajarse durante su traslado de regreso y llegar de vuelta a su hotel con una cabeza llena de impresiones inolvidables.<\/p>\n<hr \/>\n<p>&nbsp;<\/p>\n<div class=\"tour-content-what-included\">\n<h4 id=\"whats-included\">\u00bfQu\u00e9 est\u00e1 Incluido<\/h4>\n<ul style=\"column-count: 2;\">\n<li>Recogida de hoteles en Kemer<\/li>\n<li>La llegada a La Tierra de Leyendas<\/li>\n<li>Disfrute de la fuente de luz l\u00e1ser y el rendimiento<\/li>\n<li>Ver el desfile de barcos iluminados<\/li>\n<li>Tiempo libre en el bulevar de compras (aprox. 1-2 horas)<\/li>\n<li>Traslado de regreso a su hotel<\/li>\n<\/ul>\n<p>&nbsp;<\/p>\n<\/div>\n<hr \/>\n<p>&nbsp;<\/p>\n<div class=\"tour-content-add-information\">\n<h4>Informaci\u00f3n Adicional<\/h4>\n<ul>\n<li>Duraci\u00f3n: aprox. 3-4 horas<\/li>\n<li>Adecuada para personas con movilidad b\u00e1sica<\/li>\n<li>La actividad f\u00edsica m\u00ednima necesaria<\/li>\n<li>Estar listo en la entrada principal del hotel a 10 minutos antes de la recogida<\/li>\n<li>Conductor esperar\u00e1 un m\u00e1ximo de 5 minutos<\/li>\n<li>Los ni\u00f1os menores de 6 a\u00f1os viajan gratis de no recibir un bus separado asiento, un asiento adicional puede ser reservado si es necesario<\/li>\n<\/ul>\n<p>&nbsp;<\/p>\n<\/div>\n<hr \/>\n<p>&nbsp;<\/p>\n<div class=\"tour-content-cancell-policy\">\n<p><strong>Qu\u00e9 Llevar<\/strong><\/p>\n<ul style=\"column-count: 2;\">\n<li>Zapatos c\u00f3modos para caminar \ud83d\udc5f<\/li>\n<li>Apropiada para el clima de la ropa \ud83d\udc5a<\/li>\n<li>Smartphone o c\u00e1mara de fotos \ud83d\udcf1<\/li>\n<li>Algo de dinero en efectivo para las compras personales <img decoding=\"async\" class=\"emoji\" role=\"img\" draggable=\"false\" src=\"https:\/\/s.w.org\/images\/core\/emoji\/17.0.2\/svg\/1f4b3.svg\" alt=\"\ud83d\udcb3\" \/><\/li>\n<\/ul>\n<\/div>","protected":false},"excerpt":{"rendered":"<p>Disfrutar de Tierra de Leyendas Show de la Noche de Kemer con el l\u00e1ser, muestra la fuente, desfile de barcos y de compras. Una noche m\u00e1gica con un c\u00f3modo hotel de transferencias.<\/p>","protected":false},"featured_media":13909,"comment_status":"open","ping_status":"closed","template":"","meta":[],"product_brand":[],"product_cat":[],"product_tag":[200],"class_list":{"0":"post-13919","1":"product","2":"type-product","3":"status-publish","4":"has-post-thumbnail","6":"tour_phys-tours","7":"product_tag-best-sellers","8":"pa_destination-kemer","10":"first","11":"instock","12":"shipping-taxable","13":"purchasable","14":"product-type-tour_phys"},"_links":{"self":[{"href":"https:\/\/vetatourism.com\/es\/wp-json\/wp\/v2\/product\/13919","targetHints":{"allow":["GET"]}}],"collection":[{"href":"https:\/\/vetatourism.com\/es\/wp-json\/wp\/v2\/product"}],"about":[{"href":"https:\/\/vetatourism.com\/es\/wp-json\/wp\/v2\/types\/product"}],"replies":[{"embeddable":true,"href":"https:\/\/vetatourism.com\/es\/wp-json\/wp\/v2\/comments?post=13919"}],"wp:featuredmedia":[{"embeddable":true,"href":"https:\/\/vetatourism.com\/es\/wp-json\/wp\/v2\/media\/13909"}],"wp:attachment":[{"href":"https:\/\/vetatourism.com\/es\/wp-json\/wp\/v2\/media?parent=13919"}],"wp:term":[{"taxonomy":"product_brand","embeddable":true,"href":"https:\/\/vetatourism.com\/es\/wp-json\/wp\/v2\/product_brand?post=13919"},{"taxonomy":"product_cat","embeddable":true,"href":"https:\/\/vetatourism.com\/es\/wp-json\/wp\/v2\/product_cat?post=13919"},{"taxonomy":"product_tag","embeddable":true,"href":"https:\/\/vetatourism.com\/es\/wp-json\/wp\/v2\/product_tag?post=13919"}],"curies":[{"name":"wp","href":"https:\/\/api.w.org\/{rel}","templated":true}]}}