{"id":13918,"date":"2026-01-30T10:20:35","date_gmt":"2026-01-30T10:20:35","guid":{"rendered":"https:\/\/vetatourism.com\/?post_type=product&#038;p=13918"},"modified":"2026-03-09T05:48:44","modified_gmt":"2026-03-09T05:48:44","slug":"land-of-legends-night-show-from-antalya","status":"publish","type":"product","link":"https:\/\/vetatourism.com\/tours\/land-of-legends-night-show-from-antalya","title":{"rendered":"Tierra de Leyendas Show de la Noche de Antalya"},"content":{"rendered":"<p data-start=\"1520\" data-end=\"1847\">La noche comienza con una transferencia suave de Antalya Lara o Kundu a La Tierra de Leyendas Parque Tem\u00e1tico \u2014 la regi\u00f3n m\u00e1s impresionantes del destino de entretenimiento. Cuando cae la noche, disfrutar de un encantador espect\u00e1culo que combina l\u00e1ser de gran alcance de las proyecciones, coordinado fuente de espect\u00e1culos y m\u00fasica en vivo que ilumina toda la zona.<\/p>\n<p data-start=\"1849\" data-end=\"2110\">El punto culminante de la noche es el <strong data-start=\"1883\" data-end=\"1898\">desfile de barcos<\/strong>, donde engalanada, los barcos se deslizan a trav\u00e9s del canal acompa\u00f1ados por los artistas int\u00e9rpretes o ejecutantes, los personajes y la tem\u00e1tica de la m\u00fasica. Este m\u00e1gico procesi\u00f3n que hace las delicias tanto de los adultos y de los ni\u00f1os, la creaci\u00f3n de inolvidables recuerdos de vacaciones.<\/p>\n<p data-start=\"2112\" data-end=\"2362\">Despu\u00e9s del espect\u00e1culo, disfrutar de tiempo libre para explorar el animado bulevar de compras con m\u00e1s de 180 tiendas, boutiques, restaurantes y postre tiendas. Si usted quiere tomar fotos, ir de compras o simplemente relajarse en la animada vida nocturna de la atm\u00f3sfera, hay mucho para disfrutar.<\/p>\n<p data-start=\"2364\" data-end=\"2481\">Al final de su visita, regreso a su hotel en la comodidad con impresiones duraderas de este espectacular evento de la noche.<\/p>\n<hr \/>\n<p>&nbsp;<\/p>\n<div class=\"tour-content-what-included\">\n<h4 id=\"whats-included\">\u00bfQu\u00e9 est\u00e1 Incluido<\/h4>\n<ul style=\"column-count: 2;\">\n<li>Recogida de hoteles en Antalya (Lara y Kundu<\/li>\n<li>La llegada a La Tierra de Leyendas Parque Tem\u00e1tico<\/li>\n<li>Disfrute de la fuente de luz l\u00e1ser y actuaciones<\/li>\n<li>Ver el desfile de barcos iluminados<\/li>\n<li>Tiempo libre en el bulevar de compras (aprox. 1-2 horas)<\/li>\n<li>Traslado de regreso a su hotel<\/li>\n<\/ul>\n<p>&nbsp;<\/p>\n<\/div>\n<hr \/>\n<p>&nbsp;<\/p>\n<div class=\"tour-content-add-information\">\n<h4>Informaci\u00f3n Adicional<\/h4>\n<ul>\n<li>Duraci\u00f3n: aprox. 3-4 horas<\/li>\n<li>Adecuada para personas con movilidad b\u00e1sica<\/li>\n<li>Un m\u00ednimo de esfuerzo f\u00edsico requerido<\/li>\n<li>Estar listo en la entrada principal del hotel a 10 minutos antes de la recogida<\/li>\n<li>Conductor esperar\u00e1 un m\u00e1ximo de 5 minutos<\/li>\n<li>Los ni\u00f1os menores de 6 a\u00f1os viajan gratis de no recibir un bus separado asiento, un asiento adicional puede ser reservado si es necesario<\/li>\n<\/ul>\n<p>&nbsp;<\/p>\n<\/div>\n<hr \/>\n<p>&nbsp;<\/p>\n<div class=\"tour-content-cancell-policy\">\n<p><strong>Qu\u00e9 Llevar<\/strong><\/p>\n<ul style=\"column-count: 2;\">\n<li>Zapatos c\u00f3modos para caminar \ud83d\udc5f<\/li>\n<li>Apropiada para el clima de la ropa \ud83d\udc5a<\/li>\n<li>Smartphone o c\u00e1mara de fotos \ud83d\udcf1<\/li>\n<li>Algo de dinero en efectivo para las compras personales <img decoding=\"async\" class=\"emoji\" role=\"img\" draggable=\"false\" src=\"https:\/\/s.w.org\/images\/core\/emoji\/17.0.2\/svg\/1f4b3.svg\" alt=\"\ud83d\udcb3\" \/><\/li>\n<\/ul>\n<\/div>","protected":false},"excerpt":{"rendered":"<p>La experiencia Tierra de Leyendas Show de la Noche desde Antalya con el l\u00e1ser, muestra la fuente, desfile de barcos y de compras. Incluye traslado al hotel.<\/p>","protected":false},"featured_media":13909,"comment_status":"open","ping_status":"closed","template":"","meta":[],"product_brand":[],"product_cat":[15],"product_tag":[],"class_list":{"0":"post-13918","1":"product","2":"type-product","3":"status-publish","4":"has-post-thumbnail","6":"tour_phys-tours","7":"product_cat-non-classe","8":"pa_destination-antalya","10":"first","11":"instock","12":"sale","13":"shipping-taxable","14":"purchasable","15":"product-type-tour_phys"},"_links":{"self":[{"href":"https:\/\/vetatourism.com\/es\/wp-json\/wp\/v2\/product\/13918","targetHints":{"allow":["GET"]}}],"collection":[{"href":"https:\/\/vetatourism.com\/es\/wp-json\/wp\/v2\/product"}],"about":[{"href":"https:\/\/vetatourism.com\/es\/wp-json\/wp\/v2\/types\/product"}],"replies":[{"embeddable":true,"href":"https:\/\/vetatourism.com\/es\/wp-json\/wp\/v2\/comments?post=13918"}],"wp:featuredmedia":[{"embeddable":true,"href":"https:\/\/vetatourism.com\/es\/wp-json\/wp\/v2\/media\/13909"}],"wp:attachment":[{"href":"https:\/\/vetatourism.com\/es\/wp-json\/wp\/v2\/media?parent=13918"}],"wp:term":[{"taxonomy":"product_brand","embeddable":true,"href":"https:\/\/vetatourism.com\/es\/wp-json\/wp\/v2\/product_brand?post=13918"},{"taxonomy":"product_cat","embeddable":true,"href":"https:\/\/vetatourism.com\/es\/wp-json\/wp\/v2\/product_cat?post=13918"},{"taxonomy":"product_tag","embeddable":true,"href":"https:\/\/vetatourism.com\/es\/wp-json\/wp\/v2\/product_tag?post=13918"}],"curies":[{"name":"wp","href":"https:\/\/api.w.org\/{rel}","templated":true}]}}