{"id":13917,"date":"2026-01-30T10:16:39","date_gmt":"2026-01-30T10:16:39","guid":{"rendered":"https:\/\/vetatourism.com\/?post_type=product&#038;p=13917"},"modified":"2026-03-09T05:48:52","modified_gmt":"2026-03-09T05:48:52","slug":"land-of-legends-night-show-from-belek","status":"publish","type":"product","link":"https:\/\/vetatourism.com\/tours\/land-of-legends-night-show-from-belek","title":{"rendered":"Tierra de Leyendas Show de la Noche de Belek"},"content":{"rendered":"<p data-start=\"1420\" data-end=\"1693\">La noche comienza con un c\u00f3modo traslado de Belek, a Kadriye o Bogazkent a La Tierra de Leyendas Parque Tem\u00e1tico. Cuando cae la noche, disfrutar de un desempe\u00f1o de clase mundial que combina m\u00fasica, proyecciones de l\u00e1ser, fuentes iluminadas y efectos especiales que crean un ambiente m\u00e1gico.<\/p>\n<p data-start=\"1695\" data-end=\"1930\">Uno de los momentos m\u00e1s impactantes es el <strong data-start=\"1737\" data-end=\"1752\">desfile de barcos<\/strong>, donde bellamente decoradas barcos flotan a lo largo del canal, acompa\u00f1ado por los temas musicales, los artistas int\u00e9rpretes o ejecutantes y de iluminaci\u00f3n brillante. Es una memorable resaltar para adultos y ni\u00f1os por igual.<\/p>\n<p data-start=\"1932\" data-end=\"2119\">Despu\u00e9s de la presentaci\u00f3n, usted tendr\u00e1 tiempo para explorar el animado bulevar de compras con m\u00e1s de 180 tiendas, cafeter\u00edas, bares y restaurantes. Tomar fotos, ir de compras o simplemente disfrutar de la velada festiva atm\u00f3sfera.<\/p>\n<p data-start=\"2121\" data-end=\"2250\">Cuando el programa termina, relajarse en su traslado de regreso a su hotel con las impresiones inolvidables de esta espectacular noche.<\/p>\n<p>&nbsp;<\/p>\n<hr \/>\n<p>&nbsp;<\/p>\n<div class=\"tour-content-what-included\">\n<h4 id=\"whats-included\">\u00bfQu\u00e9 est\u00e1 Incluido<\/h4>\n<ul style=\"column-count: 2;\">\n<li>Recogida de hoteles en Belek, a Kadriye &amp; Bogazkent<\/li>\n<li>La llegada a La Tierra de Leyendas Parque Tem\u00e1tico<\/li>\n<li>Disfrutar de l\u00e1ser de la fuente y las actuaciones<\/li>\n<li>Ver el desfile de barcos iluminados<\/li>\n<li>Tiempo libre en el bulevar de compras (1-2 horas)<\/li>\n<li>Traslado de regreso a su hotel<\/li>\n<\/ul>\n<p>&nbsp;<\/p>\n<\/div>\n<hr \/>\n<p>&nbsp;<\/p>\n<div class=\"tour-content-add-information\">\n<h4>Informaci\u00f3n Adicional<\/h4>\n<ul>\n<li>Duraci\u00f3n: aprox. 3-4 horas<\/li>\n<li>Adecuada para personas con movilidad b\u00e1sica<\/li>\n<li>Un m\u00ednimo de esfuerzo f\u00edsico requerido<\/li>\n<li>Estar listo en la entrada principal del hotel a 10 minutos antes de la recogida<\/li>\n<li>Conductor esperar\u00e1 un m\u00e1ximo de 5 minutos<\/li>\n<li>Los ni\u00f1os menores de 6 a\u00f1os viajan gratis de no recibir un bus separado asiento, un asiento adicional puede ser reservado si es necesario<\/li>\n<\/ul>\n<p>&nbsp;<\/p>\n<\/div>\n<hr \/>\n<p>&nbsp;<\/p>\n<div class=\"tour-content-cancell-policy\">\n<p><strong>Qu\u00e9 Llevar<\/strong><\/p>\n<ul style=\"column-count: 2;\">\n<li>Zapatos c\u00f3modos para caminar \ud83d\udc5f<\/li>\n<li>Apropiada para el clima de la ropa \ud83d\udc5a<\/li>\n<li>Smartphone o c\u00e1mara de fotos \ud83d\udcf1<\/li>\n<li>Algo de dinero en efectivo para las compras personales <img decoding=\"async\" class=\"emoji\" role=\"img\" draggable=\"false\" src=\"https:\/\/s.w.org\/images\/core\/emoji\/17.0.2\/svg\/1f4b3.svg\" alt=\"\ud83d\udcb3\" \/><\/li>\n<\/ul>\n<\/div>","protected":false},"excerpt":{"rendered":"<p>Libro la Tierra de las Leyendas de la Noche de Belek! Disfrutar de impresionantes muestra la fuente, vibrante pantallas l\u00e1ser, el emblem\u00e1tico desfile de barcos, y un animado bulevar de compras. Una noche memorable viaje con hotel traslados incluidos.<\/p>","protected":false},"featured_media":13909,"comment_status":"open","ping_status":"closed","template":"","meta":[],"product_brand":[],"product_cat":[15],"product_tag":[],"class_list":{"0":"post-13917","1":"product","2":"type-product","3":"status-publish","4":"has-post-thumbnail","6":"tour_phys-tours","7":"product_cat-non-classe","8":"pa_destination-belek","10":"first","11":"instock","12":"sale","13":"shipping-taxable","14":"purchasable","15":"product-type-tour_phys"},"_links":{"self":[{"href":"https:\/\/vetatourism.com\/es\/wp-json\/wp\/v2\/product\/13917","targetHints":{"allow":["GET"]}}],"collection":[{"href":"https:\/\/vetatourism.com\/es\/wp-json\/wp\/v2\/product"}],"about":[{"href":"https:\/\/vetatourism.com\/es\/wp-json\/wp\/v2\/types\/product"}],"replies":[{"embeddable":true,"href":"https:\/\/vetatourism.com\/es\/wp-json\/wp\/v2\/comments?post=13917"}],"wp:featuredmedia":[{"embeddable":true,"href":"https:\/\/vetatourism.com\/es\/wp-json\/wp\/v2\/media\/13909"}],"wp:attachment":[{"href":"https:\/\/vetatourism.com\/es\/wp-json\/wp\/v2\/media?parent=13917"}],"wp:term":[{"taxonomy":"product_brand","embeddable":true,"href":"https:\/\/vetatourism.com\/es\/wp-json\/wp\/v2\/product_brand?post=13917"},{"taxonomy":"product_cat","embeddable":true,"href":"https:\/\/vetatourism.com\/es\/wp-json\/wp\/v2\/product_cat?post=13917"},{"taxonomy":"product_tag","embeddable":true,"href":"https:\/\/vetatourism.com\/es\/wp-json\/wp\/v2\/product_tag?post=13917"}],"curies":[{"name":"wp","href":"https:\/\/api.w.org\/{rel}","templated":true}]}}