{"id":13907,"date":"2026-01-30T10:04:12","date_gmt":"2026-01-30T10:04:12","guid":{"rendered":"https:\/\/vetatourism.com\/?post_type=product&#038;p=13907"},"modified":"2026-03-09T05:49:04","modified_gmt":"2026-03-09T05:49:04","slug":"the-land-of-legends-theme-park-tour-from-kemer-waterpark","status":"publish","type":"product","link":"https:\/\/vetatourism.com\/tours\/the-land-of-legends-theme-park-tour-from-kemer-waterpark","title":{"rendered":"La Tierra de Leyendas Parque Tem\u00e1tico Gira de Kemer \u2013 Waterpark"},"content":{"rendered":"<p>Comience su aventura con un c\u00f3modo servicio de traslados de Kemer y a las regiones cercanas a La Tierra de Leyendas Parque Tem\u00e1tico en Belek. Sentir la adrenalina de los 62 metros de Hyper Monta\u00f1a o salpicaduras de los 43 metros de Tif\u00f3n en la Monta\u00f1a rusa. Explora m\u00e1s de 40 emocionantes toboganes de agua, disfrutar de refrescantes piscinas o simplemente relajarse en el sol.<\/p>\n<p>Las familias pueden disfrutar de Nickelodeon, el hogar de personajes como Bob Esponja y de la Pata de la Patrulla. Con su mezcla de entretenimiento, \u00e1reas tem\u00e1ticas y atracciones para ni\u00f1os, el parque ofrece algo para los visitantes de todas las edades.<\/p>\n<p>A lo largo del d\u00eda, disfrutar de las aventuras del agua, paseos de la emoci\u00f3n, animaciones y momentos inolvidables. Despu\u00e9s de su divertida visita, relajarse en su traslado de regreso al hotel con recuerdos que durar\u00e1n toda la vida.<\/p>\n<hr \/>\n<p>&nbsp;<\/p>\n<div class=\"tour-content-what-included\">\n<h4 id=\"whats-included\">\u00bfQu\u00e9 est\u00e1 Incluido<\/h4>\n<ul style=\"column-count: 2;\">\n<li>Recogida de hoteles en Kemer y sus alrededores<\/li>\n<li>La llegada a La Tierra de Leyendas en Belek<\/li>\n<li>Tiempo libre para las atracciones, parque acu\u00e1tico actividades y Nickelodeon (aprox. 5-6 horas)<\/li>\n<li>Traslado de regreso a su hotel<\/li>\n<\/ul>\n<\/div>\n<p>&nbsp;<\/p>\n<hr \/>\n<p>&nbsp;<\/p>\n<div class=\"tour-content-add-information\">\n<h4>Informaci\u00f3n Adicional<\/h4>\n<ul>\n<li>Duraci\u00f3n: aprox. 7-8 horas (excursi\u00f3n de d\u00eda completo)<\/li>\n<li>Adecuada para personas con movilidad b\u00e1sica<\/li>\n<li>La actividad f\u00edsica moderada requiere<\/li>\n<li>El bono debe ser canjeado en el mostrador de boletos<\/li>\n<li>El parque de las horas de funcionamiento puede variar dependiendo de la temporada<\/li>\n<\/ul>\n<p>&nbsp;<\/p>\n<\/div>\n<hr \/>\n<p>&nbsp;<\/p>\n<div class=\"tour-content-cancell-policy\">\n<p><strong>Qu\u00e9 Llevar<\/strong><\/p>\n<ul style=\"column-count: 2;\">\n<li>Traje de ba\u00f1o y toalla \ud83d\udc59<\/li>\n<li>Zapatos de agua \ud83d\udc5f<\/li>\n<li>Dinero en efectivo para gastos personales \ud83d\udcb5<\/li>\n<\/ul>\n<\/div>","protected":false},"excerpt":{"rendered":"<p>Disfruta de La Tierra de Leyendas parque tem\u00e1tico gira de Kemer! El m\u00e1s grande de turqu\u00eda waterpark ofrece emocionantes toboganes, Nickelodeon, piscinas y diversi\u00f3n de la familia \u2014 todos incluye los traslados al hotel.<\/p>","protected":false},"featured_media":13898,"comment_status":"open","ping_status":"closed","template":"","meta":[],"product_brand":[],"product_cat":[15],"product_tag":[],"class_list":{"0":"post-13907","1":"product","2":"type-product","3":"status-publish","4":"has-post-thumbnail","6":"tour_phys-tours","7":"product_cat-non-classe","8":"pa_destination-kemer","10":"first","11":"instock","12":"sale","13":"shipping-taxable","14":"purchasable","15":"product-type-tour_phys"},"_links":{"self":[{"href":"https:\/\/vetatourism.com\/es\/wp-json\/wp\/v2\/product\/13907","targetHints":{"allow":["GET"]}}],"collection":[{"href":"https:\/\/vetatourism.com\/es\/wp-json\/wp\/v2\/product"}],"about":[{"href":"https:\/\/vetatourism.com\/es\/wp-json\/wp\/v2\/types\/product"}],"replies":[{"embeddable":true,"href":"https:\/\/vetatourism.com\/es\/wp-json\/wp\/v2\/comments?post=13907"}],"wp:featuredmedia":[{"embeddable":true,"href":"https:\/\/vetatourism.com\/es\/wp-json\/wp\/v2\/media\/13898"}],"wp:attachment":[{"href":"https:\/\/vetatourism.com\/es\/wp-json\/wp\/v2\/media?parent=13907"}],"wp:term":[{"taxonomy":"product_brand","embeddable":true,"href":"https:\/\/vetatourism.com\/es\/wp-json\/wp\/v2\/product_brand?post=13907"},{"taxonomy":"product_cat","embeddable":true,"href":"https:\/\/vetatourism.com\/es\/wp-json\/wp\/v2\/product_cat?post=13907"},{"taxonomy":"product_tag","embeddable":true,"href":"https:\/\/vetatourism.com\/es\/wp-json\/wp\/v2\/product_tag?post=13907"}],"curies":[{"name":"wp","href":"https:\/\/api.w.org\/{rel}","templated":true}]}}