{"id":13904,"date":"2026-01-30T09:54:21","date_gmt":"2026-01-30T09:54:21","guid":{"rendered":"https:\/\/vetatourism.com\/?post_type=product&#038;p=13904"},"modified":"2026-03-09T05:49:16","modified_gmt":"2026-03-09T05:49:16","slug":"the-land-of-legends-theme-park-tour-from-belek-waterpark","status":"publish","type":"product","link":"https:\/\/vetatourism.com\/tours\/the-land-of-legends-theme-park-tour-from-belek-waterpark","title":{"rendered":"La Tierra de Leyendas Parque Tem\u00e1tico Gira de Belek \u2013 Waterpark"},"content":{"rendered":"<p data-start=\"1356\" data-end=\"1705\">Empezar el d\u00eda con una transferencia suave de Belek, a Kadriye o Bogazkent a La Tierra de Leyendas Parque Tem\u00e1tico en Belek. Saltar directamente a la aventura con el Hyper Monta\u00f1a eleva a 62 metros, o disfrutar de la emocionante ca\u00edda de los 43 metros de Tif\u00f3n en la Monta\u00f1a rusa. Con m\u00e1s de 40 diapositivas, cada visitante\u2014desde los ni\u00f1os a los amantes de la adrenalina\u2014se encuentra un paseo que disfrutar.<\/p>\n<p data-start=\"1707\" data-end=\"1949\">Las familias pueden explorar <strong data-start=\"1728\" data-end=\"1748\">Nickelodeon<\/strong>, donde los queridos personajes como Bob esponja y de la Pata de la Patrulla de crear recuerdos inolvidables. Si usted est\u00e1 buscando alta-energ\u00eda atracciones o relajarse a la piscina, el parque ofrece algo para todos.<\/p>\n<p data-start=\"1951\" data-end=\"2130\">Pase el d\u00eda explorando piscinas gigantes, toboganes, zonas de actividad, y shows de animaci\u00f3n. Despu\u00e9s de horas de emoci\u00f3n y diversi\u00f3n en familia, disfrutar de un c\u00f3modo traslado de regreso a su hotel.<\/p>\n<p>&nbsp;<\/p>\n<hr \/>\n<p>&nbsp;<\/p>\n<div class=\"tour-content-what-included\">\n<h4 id=\"whats-included\">\u00bfQu\u00e9 est\u00e1 Incluido<\/h4>\n<ul style=\"column-count: 2;\">\n<li>Recogida de hoteles en Belek, a Kadriye &amp; Bogazkent<\/li>\n<li>La llegada a La Tierra de Leyendas en Belek<\/li>\n<li>Tiempo libre para las atracciones, parque acu\u00e1tico y Nickelodeon (aprox. 5-6 horas)<\/li>\n<li>Traslado de regreso a su hotel<\/li>\n<\/ul>\n<\/div>\n<p>&nbsp;<\/p>\n<hr \/>\n<p>&nbsp;<\/p>\n<div class=\"tour-content-add-information\">\n<h4>Informaci\u00f3n Adicional<\/h4>\n<ul>\n<li>Duraci\u00f3n: aprox. 7-8 horas (excursi\u00f3n de d\u00eda completo)<\/li>\n<li>Adecuada para personas con movilidad b\u00e1sica<\/li>\n<li>La actividad f\u00edsica moderada requiere<\/li>\n<li>El bono debe ser canjeado en el mostrador de boletos<\/li>\n<li>El parque de las horas de funcionamiento puede variar dependiendo de la temporada<\/li>\n<\/ul>\n<p>&nbsp;<\/p>\n<\/div>\n<hr \/>\n<p>&nbsp;<\/p>\n<div class=\"tour-content-cancell-policy\">\n<p><strong>Qu\u00e9 Llevar<\/strong><\/p>\n<ul style=\"column-count: 2;\">\n<li>Traje de ba\u00f1o y toalla \ud83d\udc59<\/li>\n<li>Zapatos de agua \ud83d\udc5f<\/li>\n<li>Dinero en efectivo para gastos personales \ud83d\udcb5<\/li>\n<\/ul>\n<\/div>","protected":false},"excerpt":{"rendered":"<p>Disfruta de La Tierra de Leyendas parque tem\u00e1tico gira de Belek! Turqu\u00eda mayor parque acu\u00e1tico ofrece una extrema diapositivas, Nickelodeon, piscinas y lleno de diversi\u00f3n de la familia \u2014 todos con el hotel traslados incluidos.<\/p>","protected":false},"featured_media":13898,"comment_status":"open","ping_status":"closed","template":"","meta":[],"product_brand":[],"product_cat":[15],"product_tag":[],"class_list":{"0":"post-13904","1":"product","2":"type-product","3":"status-publish","4":"has-post-thumbnail","6":"tour_phys-tours","7":"product_cat-non-classe","8":"pa_destination-belek","10":"first","11":"instock","12":"sale","13":"shipping-taxable","14":"purchasable","15":"product-type-tour_phys"},"_links":{"self":[{"href":"https:\/\/vetatourism.com\/es\/wp-json\/wp\/v2\/product\/13904","targetHints":{"allow":["GET"]}}],"collection":[{"href":"https:\/\/vetatourism.com\/es\/wp-json\/wp\/v2\/product"}],"about":[{"href":"https:\/\/vetatourism.com\/es\/wp-json\/wp\/v2\/types\/product"}],"replies":[{"embeddable":true,"href":"https:\/\/vetatourism.com\/es\/wp-json\/wp\/v2\/comments?post=13904"}],"wp:featuredmedia":[{"embeddable":true,"href":"https:\/\/vetatourism.com\/es\/wp-json\/wp\/v2\/media\/13898"}],"wp:attachment":[{"href":"https:\/\/vetatourism.com\/es\/wp-json\/wp\/v2\/media?parent=13904"}],"wp:term":[{"taxonomy":"product_brand","embeddable":true,"href":"https:\/\/vetatourism.com\/es\/wp-json\/wp\/v2\/product_brand?post=13904"},{"taxonomy":"product_cat","embeddable":true,"href":"https:\/\/vetatourism.com\/es\/wp-json\/wp\/v2\/product_cat?post=13904"},{"taxonomy":"product_tag","embeddable":true,"href":"https:\/\/vetatourism.com\/es\/wp-json\/wp\/v2\/product_tag?post=13904"}],"curies":[{"name":"wp","href":"https:\/\/api.w.org\/{rel}","templated":true}]}}