{"id":13897,"date":"2026-01-30T09:53:59","date_gmt":"2026-01-30T09:53:59","guid":{"rendered":"https:\/\/vetatourism.com\/?post_type=product&#038;p=13897"},"modified":"2026-03-09T05:49:22","modified_gmt":"2026-03-09T05:49:22","slug":"the-land-of-legends-theme-park-tour-from-side-waterpark","status":"publish","type":"product","link":"https:\/\/vetatourism.com\/tours\/the-land-of-legends-theme-park-tour-from-side-waterpark","title":{"rendered":"La Tierra de Leyendas Parque Tem\u00e1tico Gira de un Lado del parque Acu\u00e1tico"},"content":{"rendered":"<p data-start=\"1365\" data-end=\"1657\">Comience su d\u00eda con un c\u00f3modo traslado de un Lado y de regiones cercanas a La Tierra de Leyendas Parque Tem\u00e1tico en Belek. Sentir la emoci\u00f3n de los 62 metros de Hyper Monta\u00f1a o la dram\u00e1tica ca\u00edda de los 43 metros de Tif\u00f3n en la Monta\u00f1a rusa. Con m\u00e1s de 40 diapositivas, el parque ofrece un sinf\u00edn de diversi\u00f3n para todas las edades.<\/p>\n<p data-start=\"1659\" data-end=\"1905\">A las familias les encantar\u00e1 <strong data-start=\"1678\" data-end=\"1698\">Nickelodeon<\/strong>, casa de populares personajes como Bob Esponja y de la Pata de la Patrulla. De emocionantes paseos relajantes \u00e1reas de la piscina, el parque ofrece la perfecta mezcla de emoci\u00f3n y comodidad para los visitantes de cada grupo de edad.<\/p>\n<p data-start=\"1907\" data-end=\"2061\">Despu\u00e9s de disfrutar de las atracciones, piscinas, zonas tem\u00e1ticas, y el parque animaciones, relajarse durante su traslado de regreso a su hotel con recuerdos inolvidables.<\/p>\n<p>&nbsp;<\/p>\n<div style=\"max-width: 360px; margin: 0;\">\n<div style=\"position: relative; padding-top: 177.77%;\"><iframe style=\"position: absolute; top: 0; left: 0; width: 100%; height: 100%; border: 0;\" src=\"https:\/\/www.youtube.com\/embed\/St3lKbdWbVE\" allowfullscreen=\"allowfullscreen\"><br \/>\n<\/iframe><\/div>\n<\/div>\n<hr \/>\n<p>&nbsp;<\/p>\n<div class=\"tour-content-what-included\">\n<h4 id=\"whats-included\">\u00bfQu\u00e9 est\u00e1 Incluido<\/h4>\n<ul style=\"column-count: 2;\">\n<li>Recogida de hoteles en Side, Kumk\u00f6y, Evrenseki, \u00c7olakl\u0131 &amp; Manavgat<\/li>\n<li>La llegada a La Tierra de Leyendas en Belek<\/li>\n<li>Tiempo libre para paseos, piscinas, toboganes y Nickelodeon (aprox. 5-6 horas)<\/li>\n<li>Traslado de retorno al hotel<\/li>\n<\/ul>\n<\/div>\n<p>&nbsp;<\/p>\n<hr \/>\n<p>&nbsp;<\/p>\n<div class=\"tour-content-add-information\">\n<h4>Informaci\u00f3n Adicional<\/h4>\n<ul>\n<li>Duraci\u00f3n: aprox. 7-8 horas (excursi\u00f3n de d\u00eda completo)<\/li>\n<li>Adecuada para personas con movilidad b\u00e1sica<\/li>\n<li>La actividad f\u00edsica moderada requiere<\/li>\n<li>El bono debe ser canjeado en el mostrador de boletos<\/li>\n<li>El parque de las horas de funcionamiento puede variar dependiendo de la temporada<\/li>\n<\/ul>\n<p>&nbsp;<\/p>\n<\/div>\n<hr \/>\n<p>&nbsp;<\/p>\n<div class=\"tour-content-cancell-policy\">\n<p><strong>Qu\u00e9 Llevar<\/strong><\/p>\n<ul style=\"column-count: 2;\">\n<li>Traje de ba\u00f1o y toalla \ud83d\udc59<\/li>\n<li>Zapatos de agua \ud83d\udc5f<\/li>\n<li>Dinero en efectivo para gastos personales \ud83d\udcb5<\/li>\n<\/ul>\n<\/div>","protected":false},"excerpt":{"rendered":"<p>Disfruta de La Tierra de Leyendas parque tem\u00e1tico gira de Lado! Turqu\u00eda, el m\u00e1s grande parque acu\u00e1tico cuenta con emocionantes toboganes, Nickelodeon, piscinas y lleno de diversi\u00f3n familiar \u2014 con hotel traslados incluidos.<\/p>","protected":false},"featured_media":13898,"comment_status":"open","ping_status":"closed","template":"","meta":[],"product_brand":[],"product_cat":[15],"product_tag":[],"class_list":{"0":"post-13897","1":"product","2":"type-product","3":"status-publish","4":"has-post-thumbnail","6":"tour_phys-tours","7":"product_cat-non-classe","8":"pa_destination-side","10":"first","11":"instock","12":"sale","13":"shipping-taxable","14":"purchasable","15":"product-type-tour_phys"},"_links":{"self":[{"href":"https:\/\/vetatourism.com\/es\/wp-json\/wp\/v2\/product\/13897","targetHints":{"allow":["GET"]}}],"collection":[{"href":"https:\/\/vetatourism.com\/es\/wp-json\/wp\/v2\/product"}],"about":[{"href":"https:\/\/vetatourism.com\/es\/wp-json\/wp\/v2\/types\/product"}],"replies":[{"embeddable":true,"href":"https:\/\/vetatourism.com\/es\/wp-json\/wp\/v2\/comments?post=13897"}],"wp:featuredmedia":[{"embeddable":true,"href":"https:\/\/vetatourism.com\/es\/wp-json\/wp\/v2\/media\/13898"}],"wp:attachment":[{"href":"https:\/\/vetatourism.com\/es\/wp-json\/wp\/v2\/media?parent=13897"}],"wp:term":[{"taxonomy":"product_brand","embeddable":true,"href":"https:\/\/vetatourism.com\/es\/wp-json\/wp\/v2\/product_brand?post=13897"},{"taxonomy":"product_cat","embeddable":true,"href":"https:\/\/vetatourism.com\/es\/wp-json\/wp\/v2\/product_cat?post=13897"},{"taxonomy":"product_tag","embeddable":true,"href":"https:\/\/vetatourism.com\/es\/wp-json\/wp\/v2\/product_tag?post=13897"}],"curies":[{"name":"wp","href":"https:\/\/api.w.org\/{rel}","templated":true}]}}