{"id":13896,"date":"2026-01-30T09:40:03","date_gmt":"2026-01-30T09:40:03","guid":{"rendered":"https:\/\/vetatourism.com\/?post_type=product&#038;p=13896"},"modified":"2026-04-09T08:52:49","modified_gmt":"2026-04-09T08:52:49","slug":"belek-turkish-bath-hamam-traditional-spa-experience","status":"publish","type":"product","link":"https:\/\/vetatourism.com\/tours\/belek-turkish-bath-hamam-traditional-spa-experience","title":{"rendered":"Belek Ba\u00f1o Turco Hammam &amp; Spa Tradicional Experiencia"},"content":{"rendered":"<p>Su experiencia comienza con un c\u00f3modo servicio de recogida de su hotel en Belek o de zonas cercanas. A la llegada, en el tradicional ba\u00f1o turco, usted comenzar\u00e1 su camino al bienestar en la sauna y sala de vapor, ayudando a su cuerpo a relajarse y los poros abiertos de forma natural.<\/p>\n<p>A continuaci\u00f3n, disfrute de un exfoliante para eliminar la piel muerta, seguido por un cl\u00e1sico masaje de espuma que deja tu piel suave y fresca. Una mascarilla de arcilla se aplica luego a limpiar y desintoxicar su cara.<\/p>\n<p>Despu\u00e9s de alg\u00fan tiempo de relajaci\u00f3n o de un ba\u00f1o en la piscina, su experiencia contin\u00faa con 20 minutos de aromaterapia aceite de masaje dise\u00f1ado para liberar la tensi\u00f3n y restaurar el equilibrio. Finalizar su visita con una taza caliente de t\u00e9 turco antes de regresar a su hotel, totalmente renovado.<\/p>\n<p>&nbsp;<\/p>\n<hr \/>\n<p>&nbsp;<\/p>\n<div class=\"tour-content-what-included\">\n<h4 id=\"whats-included\">\u00bfQu\u00e9 est\u00e1 Incluido<\/h4>\n<ul style=\"column-count: 2;\">\n<li>Recogida de hoteles en Belek, a Kadriye &amp; Bo\u011fazkent<\/li>\n<li>La llegada en el ba\u00f1o turco<\/li>\n<li>Sauna y sala de vapor sesi\u00f3n<\/li>\n<li>Exfoliaci\u00f3n corporal y masaje de espuma<\/li>\n<li>La arcilla de la m\u00e1scara de la cara y tiempo en la piscina<\/li>\n<li>Aromaterapia, masaje con aceite de<\/li>\n<li>Traslado de regreso al hotel<\/li>\n<\/ul>\n<\/div>\n<p>&nbsp;<\/p>\n<hr \/>\n<p>&nbsp;<\/p>\n<div class=\"tour-content-add-information\">\n<h4>Informaci\u00f3n Adicional<\/h4>\n<ul>\n<li>Duraci\u00f3n: aprox. 2.5\u20133 horas<\/li>\n<li>No hay l\u00edmite de tiempo para la sauna y sala de vapor<\/li>\n<li>Apto para hombres y mujeres<\/li>\n<li>Privado opciones disponibles bajo petici\u00f3n<\/li>\n<li>Los ni\u00f1os menores de 12 a\u00f1os podr\u00e1n asistir con la supervisi\u00f3n de los padres<\/li>\n<\/ul>\n<\/div>\n<p>&nbsp;<\/p>\n<hr \/>\n<p>&nbsp;<\/p>\n<div class=\"tour-content-cancell-policy\">\n<p><strong>Qu\u00e9 Llevar<\/strong><\/p>\n<ul style=\"column-count: 2;\">\n<li>Traje de ba\u00f1o de \ud83d\udc59<\/li>\n<li>Toalla (se puede proporcionar en el spa) \ud83e\uddd6\u2640\ufe0f<\/li>\n<li>Zapatillas o chanclas\ud83e\ude74<\/li>\n<\/ul>\n<\/div>","protected":false},"excerpt":{"rendered":"<p>Relajarse en un ba\u00f1o turco tradicional en Belek con sauna, fregar, espuma de masaje y aromaterapia. Traslado al Hotel incluido. Refrescar cuerpo y mente.<\/p>","protected":false},"featured_media":13865,"comment_status":"open","ping_status":"closed","template":"","meta":[],"product_brand":[],"product_cat":[],"product_tag":[],"class_list":{"0":"post-13896","1":"product","2":"type-product","3":"status-publish","4":"has-post-thumbnail","6":"tour_phys-tours","7":"pa_destination-belek","9":"first","10":"instock","11":"shipping-taxable","12":"purchasable","13":"product-type-tour_phys"},"_links":{"self":[{"href":"https:\/\/vetatourism.com\/es\/wp-json\/wp\/v2\/product\/13896","targetHints":{"allow":["GET"]}}],"collection":[{"href":"https:\/\/vetatourism.com\/es\/wp-json\/wp\/v2\/product"}],"about":[{"href":"https:\/\/vetatourism.com\/es\/wp-json\/wp\/v2\/types\/product"}],"replies":[{"embeddable":true,"href":"https:\/\/vetatourism.com\/es\/wp-json\/wp\/v2\/comments?post=13896"}],"wp:featuredmedia":[{"embeddable":true,"href":"https:\/\/vetatourism.com\/es\/wp-json\/wp\/v2\/media\/13865"}],"wp:attachment":[{"href":"https:\/\/vetatourism.com\/es\/wp-json\/wp\/v2\/media?parent=13896"}],"wp:term":[{"taxonomy":"product_brand","embeddable":true,"href":"https:\/\/vetatourism.com\/es\/wp-json\/wp\/v2\/product_brand?post=13896"},{"taxonomy":"product_cat","embeddable":true,"href":"https:\/\/vetatourism.com\/es\/wp-json\/wp\/v2\/product_cat?post=13896"},{"taxonomy":"product_tag","embeddable":true,"href":"https:\/\/vetatourism.com\/es\/wp-json\/wp\/v2\/product_tag?post=13896"}],"curies":[{"name":"wp","href":"https:\/\/api.w.org\/{rel}","templated":true}]}}