{"id":13863,"date":"2026-01-30T08:09:01","date_gmt":"2026-01-30T08:09:01","guid":{"rendered":"https:\/\/vetatourism.com\/?post_type=product&#038;p=13863"},"modified":"2026-04-09T08:54:07","modified_gmt":"2026-04-09T08:54:07","slug":"side-turkish-bath-hamam-traditional-spa-experience","status":"publish","type":"product","link":"https:\/\/vetatourism.com\/tours\/side-turkish-bath-hamam-traditional-spa-experience","title":{"rendered":"Lado De Un Ba\u00f1o Turco Hammam &amp; Spa Tradicional Experiencia"},"content":{"rendered":"<p data-start=\"4269\" data-end=\"4473\">Su d\u00eda de descanso comienza con una recogida de su hotel en Side o a los alrededores. A la llegada, en el ba\u00f1o turco, comenzar su experiencia en la sauna y sala de vapor para preparar su cuerpo para el tratamiento.<\/p>\n<p data-start=\"4475\" data-end=\"4659\">Disfrute de una exfoliaci\u00f3n corporal para exfoliar la piel, seguido por un rico masaje de espuma \u2014 una de las m\u00e1s queridas hammam tradiciones. Una mascarilla de arcilla se aplica despu\u00e9s de limpiar y refrescar su rostro.<\/p>\n<p data-start=\"4661\" data-end=\"4859\">Despu\u00e9s de relajarse o nadar, completar su visita con 20 minutos de aromaterapia, masaje con aceite que sale de su cuerpo totalmente relajado. Antes de regresar a su hotel, disfrutar de una taza de t\u00e9 turco tradicional.<\/p>\n<p>&nbsp;<\/p>\n<hr \/>\n<p>&nbsp;<\/p>\n<div class=\"tour-content-what-included\">\n<h4 id=\"whats-included\">\u00bfQu\u00e9 est\u00e1 Incluido<\/h4>\n<ul style=\"column-count: 2;\">\n<li>De recogida de los hoteles en Y alrededores<\/li>\n<li>La llegada en el ba\u00f1o turco<\/li>\n<li>Sauna y sala de vapor sesi\u00f3n<\/li>\n<li>Exfoliaci\u00f3n corporal y masaje de espuma<\/li>\n<li>La arcilla de la m\u00e1scara de la cara y tiempo en la piscina<\/li>\n<li>Aromaterapia, masaje con aceite de<\/li>\n<li>Traslado de regreso al hotel<\/li>\n<\/ul>\n<\/div>\n<p>&nbsp;<\/p>\n<hr \/>\n<p>&nbsp;<\/p>\n<div class=\"tour-content-add-information\">\n<h4>Informaci\u00f3n Adicional<\/h4>\n<ul>\n<li>Duraci\u00f3n: aprox. 2.5\u20133 horas<\/li>\n<li>No hay l\u00edmite de tiempo para la sauna y sala de vapor<\/li>\n<li>Apto para hombres y mujeres<\/li>\n<li>Privado opciones disponibles bajo petici\u00f3n<\/li>\n<li>Los ni\u00f1os menores de 12 a\u00f1os podr\u00e1n asistir con la supervisi\u00f3n de los padres<\/li>\n<\/ul>\n<p>&nbsp;<\/p>\n<\/div>\n<hr \/>\n<p>&nbsp;<\/p>\n<div class=\"tour-content-cancell-policy\">\n<p><strong>Qu\u00e9 Llevar<\/strong><\/p>\n<ul style=\"column-count: 2;\">\n<li>Traje de ba\u00f1o de \ud83d\udc59<\/li>\n<li>Toalla (se puede proporcionar en el spa) \ud83e\uddd6\u2640\ufe0f<\/li>\n<li>Zapatillas o chanclas\ud83e\ude74<\/li>\n<\/ul>\n<\/div>","protected":false},"excerpt":{"rendered":"<p>Disfrute de un ba\u00f1o turco tradicional en el Lado con la sauna, el matorral, espuma de masaje y aromaterapia. Una experiencia relajante spa con traslado al hotel.<\/p>","protected":false},"featured_media":13865,"comment_status":"open","ping_status":"closed","template":"","meta":[],"product_brand":[],"product_cat":[],"product_tag":[],"class_list":{"0":"post-13863","1":"product","2":"type-product","3":"status-publish","4":"has-post-thumbnail","6":"tour_phys-tours","7":"pa_destination-side","9":"first","10":"instock","11":"shipping-taxable","12":"purchasable","13":"product-type-tour_phys"},"_links":{"self":[{"href":"https:\/\/vetatourism.com\/es\/wp-json\/wp\/v2\/product\/13863","targetHints":{"allow":["GET"]}}],"collection":[{"href":"https:\/\/vetatourism.com\/es\/wp-json\/wp\/v2\/product"}],"about":[{"href":"https:\/\/vetatourism.com\/es\/wp-json\/wp\/v2\/types\/product"}],"replies":[{"embeddable":true,"href":"https:\/\/vetatourism.com\/es\/wp-json\/wp\/v2\/comments?post=13863"}],"wp:featuredmedia":[{"embeddable":true,"href":"https:\/\/vetatourism.com\/es\/wp-json\/wp\/v2\/media\/13865"}],"wp:attachment":[{"href":"https:\/\/vetatourism.com\/es\/wp-json\/wp\/v2\/media?parent=13863"}],"wp:term":[{"taxonomy":"product_brand","embeddable":true,"href":"https:\/\/vetatourism.com\/es\/wp-json\/wp\/v2\/product_brand?post=13863"},{"taxonomy":"product_cat","embeddable":true,"href":"https:\/\/vetatourism.com\/es\/wp-json\/wp\/v2\/product_cat?post=13863"},{"taxonomy":"product_tag","embeddable":true,"href":"https:\/\/vetatourism.com\/es\/wp-json\/wp\/v2\/product_tag?post=13863"}],"curies":[{"name":"wp","href":"https:\/\/api.w.org\/{rel}","templated":true}]}}