{"id":13862,"date":"2026-01-30T08:02:56","date_gmt":"2026-01-30T08:02:56","guid":{"rendered":"https:\/\/vetatourism.com\/?post_type=product&#038;p=13862"},"modified":"2026-04-09T08:57:57","modified_gmt":"2026-04-09T08:57:57","slug":"olympos-teleferik-cable-car-to-tahtali-mountain-from-belek-2365m","status":"publish","type":"product","link":"https:\/\/vetatourism.com\/tours\/olympos-teleferik-cable-car-to-tahtali-mountain-from-belek-2365m","title":{"rendered":"Olympos Teleferik telef\u00e9rico a Tahtal\u0131 Monta\u00f1a De Belek (2365m)"},"content":{"rendered":"<p data-start=\"4422\" data-end=\"4614\">Su d\u00eda comienza con una recogida de su hotel en Side o a los alrededores. Relajarse durante un viaje esc\u00e9nico a trav\u00e9s de la Beyda\u011flar\u0131 Parque Nacional antes de llegar al Olimpo del telef\u00e9rico de la estaci\u00f3n base.<\/p>\n<p data-start=\"4616\" data-end=\"4834\">Disfrutar de un suave ascenso en un moderno telef\u00e9rico de la cabina, la escalada de 2,365 metros en aproximadamente 10-12 minutos. A medida que aumenta, admirar las impresionantes vistas de los bosques, las monta\u00f1as y la costa Mediterr\u00e1nea se extiende a continuaci\u00f3n.<\/p>\n<p data-start=\"4836\" data-end=\"5057\">En la cumbre, disfrutar alrededor de una hora de tiempo libre para explorar las plataformas de observaci\u00f3n, tomar fotos, visitar tiendas de souvenirs o simplemente relajarse y disfrutar del aire fresco de la monta\u00f1a. Despu\u00e9s, descenso en telef\u00e9rico y regreso a su hotel.<\/p>\n<p>&nbsp;<\/p>\n<hr \/>\n<p>&nbsp;<\/p>\n<div class=\"tour-content-what-included\">\n<h4 id=\"whats-included\">\u00bfQu\u00e9 est\u00e1 Incluido<\/h4>\n<ul style=\"column-count: 2;\">\n<li>Recogida de hoteles en Side y \u00e1reas circundantes<\/li>\n<li>Viaje esc\u00e9nico a trav\u00e9s de Beyda\u011flar\u0131 Parque Nacional<\/li>\n<li>Llegada a la estaci\u00f3n de telef\u00e9rico Olympos<\/li>\n<li>Viaje en telef\u00e9rico a Tahtal\u0131 de la cumbre de Monta\u00f1a<\/li>\n<li>Tiempo libre en la cumbre (aprox. 1 hora)<\/li>\n<li>Traslado de regreso al hotel<\/li>\n<\/ul>\n<\/div>\n<p>&nbsp;<\/p>\n<hr \/>\n<p>&nbsp;<\/p>\n<div class=\"tour-content-add-information\">\n<h4>Informaci\u00f3n Adicional<\/h4>\n<ul>\n<li>Duraci\u00f3n del viaje: aprox. 4-5 horas<\/li>\n<li>Paseo en el telef\u00e9rico duraci\u00f3n: 10-12 minutos<\/li>\n<li>Temperaturas m\u00e1s fr\u00edas en la cumbre<\/li>\n<li>Libre de los ni\u00f1os no pueden recibir un bus separado del asiento si el autob\u00fas est\u00e1 lleno<\/li>\n<\/ul>\n<p>&nbsp;<\/p>\n<\/div>\n<hr \/>\n<p>&nbsp;<\/p>\n<div class=\"tour-content-cancell-policy\">\n<p><strong>Qu\u00e9 Llevar<\/strong><\/p>\n<ul style=\"column-count: 2;\">\n<li>Zapatos c\u00f3modos\ud83d\udc5f<\/li>\n<li>Gafas de sol\ud83d\udd76\ufe0f<\/li>\n<li>Chaqueta ligera o su\u00e9ter\ud83e\udde5<\/li>\n<li>C\u00e1mara o smartphone \ud83d\udcf1<\/li>\n<\/ul>\n<\/div>","protected":false},"excerpt":{"rendered":"<p>Paseo en el telef\u00e9rico Olympos de Belek, a Tahtal\u0131 de Monta\u00f1a en 2365m. Disfrute de las vistas panor\u00e1micas, aire fresco y traslados al hotel incluido.<\/p>","protected":false},"featured_media":13854,"comment_status":"open","ping_status":"closed","template":"","meta":[],"product_brand":[],"product_cat":[],"product_tag":[],"class_list":{"0":"post-13862","1":"product","2":"type-product","3":"status-publish","4":"has-post-thumbnail","6":"tour_phys-tours","7":"pa_destination-belek","9":"first","10":"instock","11":"shipping-taxable","12":"purchasable","13":"product-type-tour_phys"},"_links":{"self":[{"href":"https:\/\/vetatourism.com\/es\/wp-json\/wp\/v2\/product\/13862","targetHints":{"allow":["GET"]}}],"collection":[{"href":"https:\/\/vetatourism.com\/es\/wp-json\/wp\/v2\/product"}],"about":[{"href":"https:\/\/vetatourism.com\/es\/wp-json\/wp\/v2\/types\/product"}],"replies":[{"embeddable":true,"href":"https:\/\/vetatourism.com\/es\/wp-json\/wp\/v2\/comments?post=13862"}],"wp:featuredmedia":[{"embeddable":true,"href":"https:\/\/vetatourism.com\/es\/wp-json\/wp\/v2\/media\/13854"}],"wp:attachment":[{"href":"https:\/\/vetatourism.com\/es\/wp-json\/wp\/v2\/media?parent=13862"}],"wp:term":[{"taxonomy":"product_brand","embeddable":true,"href":"https:\/\/vetatourism.com\/es\/wp-json\/wp\/v2\/product_brand?post=13862"},{"taxonomy":"product_cat","embeddable":true,"href":"https:\/\/vetatourism.com\/es\/wp-json\/wp\/v2\/product_cat?post=13862"},{"taxonomy":"product_tag","embeddable":true,"href":"https:\/\/vetatourism.com\/es\/wp-json\/wp\/v2\/product_tag?post=13862"}],"curies":[{"name":"wp","href":"https:\/\/api.w.org\/{rel}","templated":true}]}}