{"id":13852,"date":"2026-01-30T07:49:10","date_gmt":"2026-01-30T07:49:10","guid":{"rendered":"https:\/\/vetatourism.com\/?post_type=product&#038;p=13852"},"modified":"2026-04-08T11:04:40","modified_gmt":"2026-04-08T11:04:40","slug":"belek-quad-safari-tour-emocionante-aventura-off-road","status":"publish","type":"product","link":"https:\/\/vetatourism.com\/tours\/belek-quad-safari-tour-thrilling-off-road-adventure","title":{"rendered":"Belek Quad Safari Tour, Emocionante Aventura Off-Road"},"content":{"rendered":"<p data-start=\"1387\" data-end=\"1631\">Tu aventura comienza con una recogida de su hotel en Belek o de zonas cercanas. A su llegada al quad safari campamento base, los instructores profesionales de proporcionar una charla de seguridad y corto recorrido de prueba para asegurarse de que todos se sientan seguros antes del viaje.<\/p>\n<p data-start=\"1633\" data-end=\"1842\">Una vez listo, comienza tu quad safari a trav\u00e9s de caminos forestales, caminos de tierra y las monta\u00f1as rocosas del terreno. Disfruta de la emoci\u00f3n de viajar a trav\u00e9s de secciones de barro y caminos irregulares, mientras es rodeado por un paisaje natural impresionante.<\/p>\n<p data-start=\"1844\" data-end=\"2162\">A mitad de camino a trav\u00e9s de la gira, parada en un mirador para descansar, tomar fotos y disfrutar de las vistas a la monta\u00f1a. La segunda parte de el safari se vuelve m\u00e1s emocionante, con m\u00e1s pronunciada de los trazados y curvas m\u00e1s cerradas. Despu\u00e9s del paseo, disfrutar de un refrescante ba\u00f1o en un ca\u00f1\u00f3n, antes de regresar al campamento base y luego de regreso a su hotel.<\/p>\n<p>&nbsp;<\/p>\n<hr \/>\n<p>&nbsp;<\/p>\n<div class=\"tour-content-what-included\">\n<h4 id=\"whats-included\">\u00bfQu\u00e9 est\u00e1 Incluido<\/h4>\n<ul style=\"column-count: 2;\">\n<li>Recogida de hoteles en Belek y \u00e1reas circundantes<\/li>\n<li>Llegada en quad safari campamento base<\/li>\n<li>Briefing de seguridad y prueba de manejo<\/li>\n<li>Quad safari a trav\u00e9s de los senderos de la monta\u00f1a<\/li>\n<li>Foto de descanso en el mirador<\/li>\n<li>Ca\u00f1\u00f3n nadar romper<\/li>\n<li>Traslado de regreso al hotel<\/li>\n<\/ul>\n<\/div>\n<p>&nbsp;<\/p>\n<hr \/>\n<p>&nbsp;<\/p>\n<div class=\"tour-content-add-information\">\n<h4>Informaci\u00f3n Adicional<\/h4>\n<ul>\n<li>No se requiere licencia de conducci\u00f3n<\/li>\n<li>Adecuado para los principiantes como para jinetes experimentados<\/li>\n<li>M\u00ednimo edad del conductor: 17<\/li>\n<li>Terreno irregular \u2014 buen equilibrio recomendado<\/li>\n<li>Equipo de seguridad se proporciona<\/li>\n<\/ul>\n<p>&nbsp;<\/p>\n<\/div>\n<hr \/>\n<p>&nbsp;<\/p>\n<div class=\"tour-content-cancell-policy\">\n<p><strong>Qu\u00e9 Llevar<\/strong><\/p>\n<ul style=\"column-count: 2;\">\n<li>Ropa y zapatos c\u00f3modos\ud83d\udc55<\/li>\n<li>Protector solar\ud83e\uddf4<\/li>\n<li>Trajes de ba\u00f1o y toalla <img decoding=\"async\" class=\"emoji\" role=\"img\" draggable=\"false\" src=\"https:\/\/s.w.org\/images\/core\/emoji\/17.0.2\/svg\/1fa71.svg\" alt=\"\ud83e\ude71\" \/><\/li>\n<li>Dinero en efectivo para gastos personales <img decoding=\"async\" class=\"emoji\" role=\"img\" draggable=\"false\" src=\"https:\/\/s.w.org\/images\/core\/emoji\/17.0.2\/svg\/1f4b3.svg\" alt=\"\ud83d\udcb3\" \/><\/li>\n<\/ul>\n<\/div>","protected":false},"excerpt":{"rendered":"<p>\u00danase a un emocionante quad safari de Belek, en las Monta\u00f1as de Tauro. Paseo off-road para esqu\u00ed de fondo, disfrutar de ca\u00f1\u00f3n de nataci\u00f3n y traslados al hotel incluido.<\/p>","protected":false},"featured_media":13845,"comment_status":"open","ping_status":"closed","template":"","meta":[],"product_brand":[],"product_cat":[],"product_tag":[],"class_list":{"0":"post-13852","1":"product","2":"type-product","3":"status-publish","4":"has-post-thumbnail","6":"tour_phys-tours","7":"pa_destination-belek","9":"first","10":"instock","11":"sale","12":"shipping-taxable","13":"purchasable","14":"product-type-tour_phys"},"_links":{"self":[{"href":"https:\/\/vetatourism.com\/es\/wp-json\/wp\/v2\/product\/13852","targetHints":{"allow":["GET"]}}],"collection":[{"href":"https:\/\/vetatourism.com\/es\/wp-json\/wp\/v2\/product"}],"about":[{"href":"https:\/\/vetatourism.com\/es\/wp-json\/wp\/v2\/types\/product"}],"replies":[{"embeddable":true,"href":"https:\/\/vetatourism.com\/es\/wp-json\/wp\/v2\/comments?post=13852"}],"wp:featuredmedia":[{"embeddable":true,"href":"https:\/\/vetatourism.com\/es\/wp-json\/wp\/v2\/media\/13845"}],"wp:attachment":[{"href":"https:\/\/vetatourism.com\/es\/wp-json\/wp\/v2\/media?parent=13852"}],"wp:term":[{"taxonomy":"product_brand","embeddable":true,"href":"https:\/\/vetatourism.com\/es\/wp-json\/wp\/v2\/product_brand?post=13852"},{"taxonomy":"product_cat","embeddable":true,"href":"https:\/\/vetatourism.com\/es\/wp-json\/wp\/v2\/product_cat?post=13852"},{"taxonomy":"product_tag","embeddable":true,"href":"https:\/\/vetatourism.com\/es\/wp-json\/wp\/v2\/product_tag?post=13852"}],"curies":[{"name":"wp","href":"https:\/\/api.w.org\/{rel}","templated":true}]}}