{"id":13843,"date":"2026-01-30T07:01:54","date_gmt":"2026-01-30T07:01:54","guid":{"rendered":"https:\/\/vetatourism.com\/?post_type=product&#038;p=13843"},"modified":"2026-03-09T05:49:52","modified_gmt":"2026-03-09T05:49:52","slug":"belek-jeep-safari-tour-explore-taurus-mountains","status":"publish","type":"product","link":"https:\/\/vetatourism.com\/tours\/belek-jeep-safari-tour-explore-taurus-mountains","title":{"rendered":"Belek Jeep Safari Tour \u2013 Explorar Las Monta\u00f1as De Taurus"},"content":{"rendered":"<div data-start=\"1373\" data-end=\"1664\">\n<div data-start=\"1373\" data-end=\"1664\">\n<div data-start=\"1351\" data-end=\"1616\">Tu aventura comienza con una recogida de su hotel en Belek. Despu\u00e9s de la reuni\u00f3n de su amable conductores, en la parte superior abierta de 4\u00d74 jeeps hacia las Monta\u00f1as de Tauro. Disfrutar del aire fresco de la monta\u00f1a, un paisaje impresionante y emocionante off-road pistas a trav\u00e9s de los bosques y terreno accidentado.<\/div>\n<div data-start=\"1618\" data-end=\"1817\">A lo largo de la ruta, podr\u00e1s visitar una aldea local para ver tradicionales de la vida rural y parar en los miradores para las fotos. A mediod\u00eda, disfrutar de una sabrosa BARBACOA almuerzo en un restaurante campestre, rodeado de naturaleza.<\/div>\n<div data-start=\"1819\" data-end=\"2112\">Despu\u00e9s del almuerzo, refrescarse con un ba\u00f1o refrescante en un espacio natural de la monta\u00f1a y al r\u00edo, o relajarse en el agua. En el viaje de regreso, unirse a una de agua opcional lucha entre los jeeps \u2014 un divertido y memorable punto culminante de la gira. Finalmente, regreso a su hotel con recuerdos inolvidables de la aventura y la naturaleza.<\/div>\n<\/div>\n<\/div>\n<p>&nbsp;<\/p>\n<hr \/>\n<p>&nbsp;<\/p>\n<div class=\"tour-content-what-included\">\n<h4 id=\"whats-included\">\u00bfQu\u00e9 est\u00e1 Incluido<\/h4>\n<ul style=\"column-count: 2;\">\n<li>Recogida de hoteles en Belek<\/li>\n<li>Off-road drive en las Monta\u00f1as de Taurus<\/li>\n<li>Visita a un pueblo tradicional de monta\u00f1a<\/li>\n<li>Esc\u00e9nica de las paradas<\/li>\n<li>Almuerzo de BARBACOA en la naturaleza<\/li>\n<li>La nataci\u00f3n romper en un r\u00edo de monta\u00f1a<\/li>\n<li>Opcional guerra de agua<\/li>\n<li>Traslado de regreso al hotel<\/li>\n<\/ul>\n<\/div>\n<p>&nbsp;<\/p>\n<hr \/>\n<p>&nbsp;<\/p>\n<div class=\"tour-content-add-information\">\n<h4>Informaci\u00f3n Adicional<\/h4>\n<ul>\n<li>Duraci\u00f3n: aprox. 6-7 horas<\/li>\n<li>Tour a cabo en la parte superior abierta jeeps safari<\/li>\n<li>Adecuado para las familias y los amantes de la aventura<\/li>\n<li>La actividad f\u00edsica moderada<\/li>\n<li>Estar listo en la entrada principal del hotel a 10 minutos antes de la recogida<\/li>\n<\/ul>\n<p>&nbsp;<\/p>\n<\/div>\n<hr \/>\n<p>&nbsp;<\/p>\n<div class=\"tour-content-cancell-policy\">\n<p><strong>Qu\u00e9 Llevar<\/strong><\/p>\n<ul style=\"column-count: 2;\">\n<li>Ropa y zapatos c\u00f3modos\ud83d\udc55<\/li>\n<li>Protector solar \ud83e\uddf4<\/li>\n<li>Trajes de ba\u00f1o y toalla <img decoding=\"async\" class=\"emoji\" role=\"img\" draggable=\"false\" src=\"https:\/\/s.w.org\/images\/core\/emoji\/17.0.2\/svg\/1fa71.svg\" alt=\"\ud83e\ude71\" \/><\/li>\n<li>Dinero en efectivo para las bebidas y gastos personales <img decoding=\"async\" class=\"emoji\" role=\"img\" draggable=\"false\" src=\"https:\/\/s.w.org\/images\/core\/emoji\/17.0.2\/svg\/1f4b3.svg\" alt=\"\ud83d\udcb3\" \/><\/li>\n<\/ul>\n<\/div>","protected":false},"excerpt":{"rendered":"<p>Join a Jeep Safari from Belek in the Taurus Mountains. Drive 4&#215;4 jeeps, visit villages, swim in rivers, enjoy BBQ lunch and hotel transfers.<\/p>","protected":false},"featured_media":13834,"comment_status":"open","ping_status":"closed","template":"","meta":[],"product_brand":[],"product_cat":[15],"product_tag":[],"class_list":{"0":"post-13843","1":"product","2":"type-product","3":"status-publish","4":"has-post-thumbnail","6":"tour_phys-tours","7":"product_cat-non-classe","8":"pa_destination-belek","10":"first","11":"instock","12":"sale","13":"shipping-taxable","14":"purchasable","15":"product-type-tour_phys"},"_links":{"self":[{"href":"https:\/\/vetatourism.com\/es\/wp-json\/wp\/v2\/product\/13843","targetHints":{"allow":["GET"]}}],"collection":[{"href":"https:\/\/vetatourism.com\/es\/wp-json\/wp\/v2\/product"}],"about":[{"href":"https:\/\/vetatourism.com\/es\/wp-json\/wp\/v2\/types\/product"}],"replies":[{"embeddable":true,"href":"https:\/\/vetatourism.com\/es\/wp-json\/wp\/v2\/comments?post=13843"}],"wp:featuredmedia":[{"embeddable":true,"href":"https:\/\/vetatourism.com\/es\/wp-json\/wp\/v2\/media\/13834"}],"wp:attachment":[{"href":"https:\/\/vetatourism.com\/es\/wp-json\/wp\/v2\/media?parent=13843"}],"wp:term":[{"taxonomy":"product_brand","embeddable":true,"href":"https:\/\/vetatourism.com\/es\/wp-json\/wp\/v2\/product_brand?post=13843"},{"taxonomy":"product_cat","embeddable":true,"href":"https:\/\/vetatourism.com\/es\/wp-json\/wp\/v2\/product_cat?post=13843"},{"taxonomy":"product_tag","embeddable":true,"href":"https:\/\/vetatourism.com\/es\/wp-json\/wp\/v2\/product_tag?post=13843"}],"curies":[{"name":"wp","href":"https:\/\/api.w.org\/{rel}","templated":true}]}}