{"id":13832,"date":"2026-01-30T06:48:17","date_gmt":"2026-01-30T06:48:17","guid":{"rendered":"https:\/\/vetatourism.com\/?post_type=product&#038;p=13832"},"modified":"2026-03-09T05:50:03","modified_gmt":"2026-03-09T05:50:03","slug":"kemer-sea-fishing-tour-breakfast-lunch-included","status":"publish","type":"product","link":"https:\/\/vetatourism.com\/tours\/kemer-sea-fishing-tour-breakfast-lunch-included","title":{"rendered":"Kemer Mar Del Tour De Pesca \u2013 Desayuno Y Almuerzo Incluido"},"content":{"rendered":"<div data-start=\"2005\" data-end=\"2145\">\n<div data-start=\"1321\" data-end=\"1559\">Su d\u00eda comienza con un c\u00f3modo servicio de recogida de su hotel en Kemer o de zonas cercanas, seguido de un traslado a la marina. La junta totalmente equipada barco de pesca y disfrutar de un delicioso desayuno en un crucero a trav\u00e9s de la calma del Mar Mediterr\u00e1neo.<\/div>\n<div data-start=\"1561\" data-end=\"1815\">Si usted es nuevo a la pesca o tener experiencia, la amable tripulaci\u00f3n proporciona todo el equipo necesario y las instrucciones para ayudarle a disfrutar de la actividad. Como las anclas de barco en primer lugares de pesca, pruebe su suerte mientras se sumerge en el mar pac\u00edfico atm\u00f3sfera.<\/div>\n<div data-start=\"1817\" data-end=\"2119\">Durante el recorrido, parada en bah\u00edas para la actualizaci\u00f3n de nadar en las aguas color turquesa. Para el almuerzo, disfrute de una comida reci\u00e9n preparada a bordo, incluyendo su captura del d\u00eda si lo desea. Despu\u00e9s de una experiencia placentera y relajante en el mar, de regreso a la marina y traslado a su hotel con recuerdos maravillosos.<\/div>\n<\/div>\n<div data-start=\"2005\" data-end=\"2145\"><\/div>\n<hr \/>\n<p>&nbsp;<\/p>\n<div class=\"tour-content-what-included\">\n<h4 id=\"whats-included\">\u00bfQu\u00e9 est\u00e1 Incluido<\/h4>\n<ul style=\"column-count: 2;\">\n<li>Recogida de hoteles en Kemer y sus alrededores<\/li>\n<li>La llegada a la localidad de Kemer marina y embarque<\/li>\n<li>Desayuno a bordo<\/li>\n<li>La pesca con equipo y la instrucci\u00f3n<\/li>\n<li>La nataci\u00f3n se detiene en pintorescas bah\u00edas<\/li>\n<li>Almuerzo a bordo (pescado fresco opcional)<\/li>\n<li>Volver a la marina y el hotel<\/li>\n<\/ul>\n<p>&nbsp;<\/p>\n<\/div>\n<hr \/>\n<p>&nbsp;<\/p>\n<div class=\"tour-content-add-information\">\n<h4>Informaci\u00f3n Adicional<\/h4>\n<ul>\n<li>Duraci\u00f3n: aprox. 4-6 horas (excursi\u00f3n de medio d\u00eda)<\/li>\n<li>Bajos a moderados de actividad f\u00edsica<\/li>\n<li>Los ni\u00f1os menores de 5 a\u00f1os viajan gratis (sin asiento)<\/li>\n<li>La comida vegetariana disponible bajo petici\u00f3n<\/li>\n<li>Tour es tiempo-dependiente<\/li>\n<\/ul>\n<p>&nbsp;<\/p>\n<\/div>\n<hr \/>\n<p>&nbsp;<\/p>\n<div class=\"tour-content-cancell-policy\">\n<p><strong>Qu\u00e9 Llevar<\/strong><\/p>\n<ul style=\"column-count: 2;\">\n<li>Ropa c\u00f3moda\ud83d\udc55<\/li>\n<li>Protector solar y sombrero \ud83e\uddf4<\/li>\n<li>Trajes de ba\u00f1o y toalla <img decoding=\"async\" class=\"emoji\" role=\"img\" draggable=\"false\" src=\"https:\/\/s.w.org\/images\/core\/emoji\/17.0.2\/svg\/1fa71.svg\" alt=\"\ud83e\ude71\" \/><\/li>\n<li>C\u00e1mara o smartphone \ud83d\udcf1<\/li>\n<li>Dinero en efectivo para gastos personales <img decoding=\"async\" class=\"emoji\" role=\"img\" draggable=\"false\" src=\"https:\/\/s.w.org\/images\/core\/emoji\/17.0.2\/svg\/1f4b3.svg\" alt=\"\ud83d\udcb3\" \/><\/li>\n<\/ul>\n<\/div>","protected":false},"excerpt":{"rendered":"<p>Disfrutar de un mar tour de pesca de Kemer con el desayuno, el almuerzo, la nataci\u00f3n se detiene y artes de pesca. Rel\u00e1jese en el Mediterr\u00e1neo con la transferencia de hotel incluido.<\/p>","protected":false},"featured_media":13821,"comment_status":"open","ping_status":"closed","template":"","meta":[],"product_brand":[],"product_cat":[15],"product_tag":[],"class_list":{"0":"post-13832","1":"product","2":"type-product","3":"status-publish","4":"has-post-thumbnail","6":"tour_phys-tours","7":"product_cat-non-classe","8":"pa_destination-kemer","10":"first","11":"instock","12":"sale","13":"shipping-taxable","14":"purchasable","15":"product-type-tour_phys"},"_links":{"self":[{"href":"https:\/\/vetatourism.com\/es\/wp-json\/wp\/v2\/product\/13832","targetHints":{"allow":["GET"]}}],"collection":[{"href":"https:\/\/vetatourism.com\/es\/wp-json\/wp\/v2\/product"}],"about":[{"href":"https:\/\/vetatourism.com\/es\/wp-json\/wp\/v2\/types\/product"}],"replies":[{"embeddable":true,"href":"https:\/\/vetatourism.com\/es\/wp-json\/wp\/v2\/comments?post=13832"}],"wp:featuredmedia":[{"embeddable":true,"href":"https:\/\/vetatourism.com\/es\/wp-json\/wp\/v2\/media\/13821"}],"wp:attachment":[{"href":"https:\/\/vetatourism.com\/es\/wp-json\/wp\/v2\/media?parent=13832"}],"wp:term":[{"taxonomy":"product_brand","embeddable":true,"href":"https:\/\/vetatourism.com\/es\/wp-json\/wp\/v2\/product_brand?post=13832"},{"taxonomy":"product_cat","embeddable":true,"href":"https:\/\/vetatourism.com\/es\/wp-json\/wp\/v2\/product_cat?post=13832"},{"taxonomy":"product_tag","embeddable":true,"href":"https:\/\/vetatourism.com\/es\/wp-json\/wp\/v2\/product_tag?post=13832"}],"curies":[{"name":"wp","href":"https:\/\/api.w.org\/{rel}","templated":true}]}}