{"id":13831,"date":"2026-01-30T06:41:40","date_gmt":"2026-01-30T06:41:40","guid":{"rendered":"https:\/\/vetatourism.com\/?post_type=product&#038;p=13831"},"modified":"2026-02-27T06:11:13","modified_gmt":"2026-02-27T06:11:13","slug":"antalya-sea-fishing-tour-all-inclusive","status":"publish","type":"product","link":"https:\/\/vetatourism.com\/tours\/antalya-sea-fishing-tour-all-inclusive","title":{"rendered":"Antalya, Mar Del Tour De Pesca \u2013 Todo Incluido"},"content":{"rendered":"<div data-start=\"2005\" data-end=\"2145\">\n<p data-start=\"1326\" data-end=\"1545\">Su d\u00eda comienza con un c\u00f3modo servicio de recogida de su hotel en Antalya, seguido de un traslado a la marina. Despu\u00e9s de un corto de seguridad y pesca de la reuni\u00f3n informativa de su amable capit\u00e1n, la vela en el Mar Mediterr\u00e1neo.<\/p>\n<p data-start=\"1547\" data-end=\"1794\">Los peces en el fondo del mar spots de llegar a profundidades de hasta 60 metros de la utilizaci\u00f3n de modernos de engranajes y sistemas de sonar. Si usted es un principiante o un experimentado pescador, su gu\u00eda le ayudar\u00e1 a trav\u00e9s de la experiencia, asegurando una diversi\u00f3n y un momento de relax en el agua.<\/p>\n<p data-start=\"1796\" data-end=\"2081\">Una vez que la pesca de final de la sesi\u00f3n, disfrutar de su pescado fresco a la plancha de a bordo y sirve como un delicioso almuerzo mientras navegamos a lo largo de la hermosa costa. Despu\u00e9s de alg\u00fan tiempo para relajarse y disfrutar de la brisa del mar, volver al puerto y traslado a su hotel con recuerdos inolvidables.<\/p>\n<\/div>\n<div data-start=\"2005\" data-end=\"2145\"><\/div>\n<hr \/>\n<p>&nbsp;<\/p>\n<div class=\"tour-content-what-included\">\n<h4 id=\"whats-included\">\u00bfQu\u00e9 est\u00e1 Incluido<\/h4>\n<ul style=\"column-count: 2;\">\n<li>Recogida de hoteles de Antalya (alrededor de las 07:30)<\/li>\n<li>La reuni\u00f3n de bienvenida en el puerto deportivo<\/li>\n<li>3-4 horas de pesca en alta mar<\/li>\n<li>Parrilla y disfrutar de su captura para el almuerzo<\/li>\n<li>Crucero volver a puerto<\/li>\n<li>El Hotel drop-off<\/li>\n<\/ul>\n<\/div>\n<hr \/>\n<p>&nbsp;<\/p>\n<div class=\"tour-content-add-information\">\n<h4>Informaci\u00f3n Adicional<\/h4>\n<ul>\n<li>Duraci\u00f3n: aprox. 4-6 horas (excursi\u00f3n de medio d\u00eda)<\/li>\n<li>Bajos a moderados de actividad f\u00edsica<\/li>\n<li>Los ni\u00f1os menores de 5 a\u00f1os viajan gratis (sin asiento)<\/li>\n<li>La comida vegetariana disponible bajo petici\u00f3n<\/li>\n<li>Tour es tiempo-dependiente<\/li>\n<\/ul>\n<p>&nbsp;<\/p>\n<\/div>\n<hr \/>\n<p>&nbsp;<\/p>\n<div class=\"tour-content-cancell-policy\">\n<p><strong>Qu\u00e9 Llevar<\/strong><\/p>\n<ul style=\"column-count: 2;\">\n<li>Ropa c\u00f3moda\ud83d\udc55<\/li>\n<li>Protector solar y sombrero \ud83e\uddf4<\/li>\n<li>Trajes de ba\u00f1o y toalla <img decoding=\"async\" class=\"emoji\" role=\"img\" draggable=\"false\" src=\"https:\/\/s.w.org\/images\/core\/emoji\/17.0.2\/svg\/1fa71.svg\" alt=\"\ud83e\ude71\" \/><\/li>\n<li>C\u00e1mara o smartphone \ud83d\udcf1<\/li>\n<li>Dinero en efectivo para gastos personales <img decoding=\"async\" class=\"emoji\" role=\"img\" draggable=\"false\" src=\"https:\/\/s.w.org\/images\/core\/emoji\/17.0.2\/svg\/1f4b3.svg\" alt=\"\ud83d\udcb3\" \/><\/li>\n<\/ul>\n<\/div>","protected":false},"excerpt":{"rendered":"<p>Unirse a un mar profundo tour de pesca de Antalya. La captura y la parrilla de su propio pescado, disfrutar de desayuno y almuerzo a bordo con el hotel traslados incluidos.<\/p>","protected":false},"featured_media":13821,"comment_status":"open","ping_status":"closed","template":"","meta":[],"product_brand":[],"product_cat":[],"product_tag":[],"class_list":{"0":"post-13831","1":"product","2":"type-product","3":"status-publish","4":"has-post-thumbnail","6":"tour_phys-tours","7":"pa_destination-antalya","9":"first","10":"instock","11":"sale","12":"shipping-taxable","13":"purchasable","14":"product-type-tour_phys"},"_links":{"self":[{"href":"https:\/\/vetatourism.com\/es\/wp-json\/wp\/v2\/product\/13831","targetHints":{"allow":["GET"]}}],"collection":[{"href":"https:\/\/vetatourism.com\/es\/wp-json\/wp\/v2\/product"}],"about":[{"href":"https:\/\/vetatourism.com\/es\/wp-json\/wp\/v2\/types\/product"}],"replies":[{"embeddable":true,"href":"https:\/\/vetatourism.com\/es\/wp-json\/wp\/v2\/comments?post=13831"}],"wp:featuredmedia":[{"embeddable":true,"href":"https:\/\/vetatourism.com\/es\/wp-json\/wp\/v2\/media\/13821"}],"wp:attachment":[{"href":"https:\/\/vetatourism.com\/es\/wp-json\/wp\/v2\/media?parent=13831"}],"wp:term":[{"taxonomy":"product_brand","embeddable":true,"href":"https:\/\/vetatourism.com\/es\/wp-json\/wp\/v2\/product_brand?post=13831"},{"taxonomy":"product_cat","embeddable":true,"href":"https:\/\/vetatourism.com\/es\/wp-json\/wp\/v2\/product_cat?post=13831"},{"taxonomy":"product_tag","embeddable":true,"href":"https:\/\/vetatourism.com\/es\/wp-json\/wp\/v2\/product_tag?post=13831"}],"curies":[{"name":"wp","href":"https:\/\/api.w.org\/{rel}","templated":true}]}}