{"id":13830,"date":"2026-01-30T06:36:21","date_gmt":"2026-01-30T06:36:21","guid":{"rendered":"https:\/\/vetatourism.com\/?post_type=product&#038;p=13830"},"modified":"2026-03-09T05:50:13","modified_gmt":"2026-03-09T05:50:13","slug":"belek-sea-fishing-tour-all-inclusive","status":"publish","type":"product","link":"https:\/\/vetatourism.com\/tours\/belek-sea-fishing-tour-all-inclusive","title":{"rendered":"Excursi\u00f3n de pesca mar\u00edtima en Belek - Todo incluido"},"content":{"rendered":"<div data-start=\"1397\" data-end=\"1583\">El d\u00eda comienza con la recogida en su hotel de Belek y el traslado al puerto deportivo. Conozca a su simp\u00e1tico capit\u00e1n y a la tripulaci\u00f3n, y salga a navegar a bordo de un barco de pesca tradicional.<\/div>\n<div data-start=\"1585\" data-end=\"1849\">El experimentado capit\u00e1n le guiar\u00e1 a los mejores lugares de pesca, donde pescar\u00e1 a profundidades de entre 30 y 60 metros con equipos de alta calidad. Tanto si es nuevo en la pesca como si es un pescador experimentado, la tripulaci\u00f3n le garantizar\u00e1 una experiencia satisfactoria y agradable.<\/div>\n<div data-start=\"1851\" data-end=\"2003\">Mientras est\u00e9 en el mar, disfrute de un sabroso desayuno y almuerzo servidos a bordo. Tambi\u00e9n tendr\u00e1 la oportunidad de nadar y relajarse en las impresionantes aguas del Mediterr\u00e1neo.<\/div>\n<div data-start=\"2005\" data-end=\"2145\">Tras una ma\u00f1ana de pesca, vuelva al puerto deportivo y regrese a su hotel con recuerdos inolvidables y la satisfacci\u00f3n de su captura.<\/div>\n<div data-start=\"2005\" data-end=\"2145\"><\/div>\n<hr \/>\n<p>&nbsp;<\/p>\n<div class=\"tour-content-what-included\">\n<h4 id=\"whats-included\">\u00bfQu\u00e9 est\u00e1 Incluido<\/h4>\n<ul style=\"column-count: 2;\">\n<li>06:45 - Recogida en los hoteles de Belek<\/li>\n<li>Encuentro con el capit\u00e1n y la tripulaci\u00f3n en el puerto deportivo<\/li>\n<li>Dir\u00edjase a los mejores lugares para pescar en alta mar<\/li>\n<li>Desayuno y comida a bordo<\/li>\n<li>Pausas opcionales para nadar y relajarse<\/li>\n<li>Regreso al puerto y entrega en el hotel al mediod\u00eda<\/li>\n<\/ul>\n<\/div>\n<hr \/>\n<p>&nbsp;<\/p>\n<div class=\"tour-content-add-information\">\n<h4>Informaci\u00f3n Adicional<\/h4>\n<ul>\n<li>Duraci\u00f3n: aprox. 5-5,5 horas<\/li>\n<li>Salidas matinales diarias<\/li>\n<li>No se requiere experiencia<\/li>\n<li>Recorrido en grupo reducido para una experiencia confortable<\/li>\n<\/ul>\n<p>&nbsp;<\/p>\n<\/div>\n<hr \/>\n<p>&nbsp;<\/p>\n<div class=\"tour-content-cancell-policy\">\n<p><strong>Qu\u00e9 Llevar<\/strong><\/p>\n<ul style=\"column-count: 2;\">\n<li>Ropa c\u00f3moda\ud83d\udc55<\/li>\n<li>Protector solar \ud83e\uddf4<\/li>\n<li>Trajes de ba\u00f1o y toalla <img decoding=\"async\" class=\"emoji\" role=\"img\" draggable=\"false\" src=\"https:\/\/s.w.org\/images\/core\/emoji\/17.0.2\/svg\/1fa71.svg\" alt=\"\ud83e\ude71\" \/><\/li>\n<li>C\u00e1mara o smartphone \ud83d\udcf1<\/li>\n<li>Dinero en efectivo para gastos personales <img decoding=\"async\" class=\"emoji\" role=\"img\" draggable=\"false\" src=\"https:\/\/s.w.org\/images\/core\/emoji\/17.0.2\/svg\/1f4b3.svg\" alt=\"\ud83d\udcb3\" \/><\/li>\n<\/ul>\n<\/div>","protected":false},"excerpt":{"rendered":"<p>\u00danase a una excursi\u00f3n de pesca en alta mar desde Belek. Disfrute de la pesca, nade en el Mediterr\u00e1neo y saboree el desayuno y el almuerzo a bordo con traslados al hotel incluidos.<\/p>","protected":false},"featured_media":13821,"comment_status":"open","ping_status":"closed","template":"","meta":[],"product_brand":[],"product_cat":[15],"product_tag":[],"class_list":{"0":"post-13830","1":"product","2":"type-product","3":"status-publish","4":"has-post-thumbnail","6":"tour_phys-tours","7":"product_cat-non-classe","8":"pa_destination-belek","10":"first","11":"instock","12":"sale","13":"shipping-taxable","14":"purchasable","15":"product-type-tour_phys"},"_links":{"self":[{"href":"https:\/\/vetatourism.com\/es\/wp-json\/wp\/v2\/product\/13830","targetHints":{"allow":["GET"]}}],"collection":[{"href":"https:\/\/vetatourism.com\/es\/wp-json\/wp\/v2\/product"}],"about":[{"href":"https:\/\/vetatourism.com\/es\/wp-json\/wp\/v2\/types\/product"}],"replies":[{"embeddable":true,"href":"https:\/\/vetatourism.com\/es\/wp-json\/wp\/v2\/comments?post=13830"}],"wp:featuredmedia":[{"embeddable":true,"href":"https:\/\/vetatourism.com\/es\/wp-json\/wp\/v2\/media\/13821"}],"wp:attachment":[{"href":"https:\/\/vetatourism.com\/es\/wp-json\/wp\/v2\/media?parent=13830"}],"wp:term":[{"taxonomy":"product_brand","embeddable":true,"href":"https:\/\/vetatourism.com\/es\/wp-json\/wp\/v2\/product_brand?post=13830"},{"taxonomy":"product_cat","embeddable":true,"href":"https:\/\/vetatourism.com\/es\/wp-json\/wp\/v2\/product_cat?post=13830"},{"taxonomy":"product_tag","embeddable":true,"href":"https:\/\/vetatourism.com\/es\/wp-json\/wp\/v2\/product_tag?post=13830"}],"curies":[{"name":"wp","href":"https:\/\/api.w.org\/{rel}","templated":true}]}}