{"id":13819,"date":"2026-01-30T06:25:12","date_gmt":"2026-01-30T06:25:12","guid":{"rendered":"https:\/\/vetatourism.com\/?post_type=product&#038;p=13819"},"modified":"2026-04-09T08:54:58","modified_gmt":"2026-04-09T08:54:58","slug":"tazi-canyon-rafting-jeep-safari-tour-from-belek","status":"publish","type":"product","link":"https:\/\/vetatourism.com\/tours\/tazi-canyon-rafting-jeep-safari-tour-from-belek","title":{"rendered":"Taz\u0131 Ca\u00f1\u00f3n, Rafting y Jeep Safari Tour de Belek"},"content":{"rendered":"<div data-start=\"1547\" data-end=\"1795\">Su aventura comienza con un c\u00f3modo servicio de recogida de su hotel en Belek o de zonas cercanas, seguido por un emocionante Safari en Jeep viaje a trav\u00e9s de las Monta\u00f1as de Tauro. Disfrutar de off-road pistas, paisajes de monta\u00f1a y hermosos paisajes naturales a lo largo del camino.<\/div>\n<div data-start=\"1797\" data-end=\"2064\">El tour llega por primera vez a orillas del r\u00edo y en la base de K\u00f6pr\u00fcl\u00fc Ca\u00f1\u00f3n. Aqu\u00ed, usted puede elegir para unirse a un facultativo experiencia de rafting o relajarse junto al r\u00edo. Si usted participa, instructores experimentados proporcionar el equipo de seguridad y de formaci\u00f3n b\u00e1sica \u2014 no se requiere experiencia previa.<\/div>\n<div data-start=\"2066\" data-end=\"2390\">Despu\u00e9s, viaje por la parte superior abierta safari en jeep a <strong data-start=\"2106\" data-end=\"2121\">Taz\u0131 Ca\u00f1\u00f3n<\/strong>, uno de los m\u00e1s impresionantes miradores naturales en la regi\u00f3n. Conocido como el Nido del \u00c1guila, este espectacular ca\u00f1\u00f3n ofrece impresionantes vistas panor\u00e1micas. Disfrutar de tiempo libre en el punto de vista de las fotos y la relajaci\u00f3n. Por razones de seguridad, la entrada en el interior del ca\u00f1\u00f3n no est\u00e1 permitido.<\/div>\n<div data-start=\"2392\" data-end=\"2667\">Despu\u00e9s de esto, volver a K\u00f6pr\u00fcl\u00fc Ca\u00f1\u00f3n de la principal ruta de rafting si es seleccionado. Remar a trav\u00e9s de refrescante rapids, disfrutar de la nataci\u00f3n saltos y admirar la naturaleza que lo rodea. El d\u00eda termina con un delicioso riverside almuerzo antes de regresar a su hotel lleno de recuerdos inolvidables.<\/div>\n<p>&nbsp;<\/p>\n<hr \/>\n<p>&nbsp;<\/p>\n<div class=\"tour-content-what-included\">\n<h4 id=\"whats-included\">\u00bfQu\u00e9 est\u00e1 Incluido<\/h4>\n<ul style=\"column-count: 2;\">\n<li>Recogida de hoteles en Belek y \u00e1reas circundantes<\/li>\n<li>Safari en Jeep a trav\u00e9s de las Monta\u00f1as de Tauro<\/li>\n<li>Llegada a K\u00f6pr\u00fcl\u00fc Ca\u00f1\u00f3n de la base de riverside<\/li>\n<li>Opcional rafting o tiempo libre por el r\u00edo<\/li>\n<li>Paseo en Jeep a Taz\u0131 Ca\u00f1\u00f3n punto de vista<\/li>\n<li>Tiempo libre para fotos y visitas tur\u00edsticas<\/li>\n<li>Experiencia de Rafting en el Ca\u00f1\u00f3n de K\u00f6pr\u00fcl\u00fc (si se selecciona)<\/li>\n<li>El almuerzo junto al r\u00edo<\/li>\n<li>Traslado de regreso al hotel<\/li>\n<\/ul>\n<\/div>\n<p>&nbsp;<\/p>\n<hr \/>\n<p>&nbsp;<\/p>\n<div class=\"tour-content-add-information\">\n<h4>Informaci\u00f3n Adicional<\/h4>\n<ul>\n<li>Tour de d\u00eda completo<\/li>\n<li>No se requiere experiencia de rafting<\/li>\n<li>Adecuado para la aventura y amantes de la naturaleza<\/li>\n<li>El ca\u00f1\u00f3n se limita el acceso a los puntos de vista solamente<\/li>\n<li>Programa de viaje puede variar dependiendo de las condiciones clim\u00e1ticas<\/li>\n<\/ul>\n<p>&nbsp;<\/p>\n<\/div>\n<hr \/>\n<p>&nbsp;<\/p>\n<div class=\"tour-content-cancell-policy\">\n<p><strong>Qu\u00e9 Llevar<\/strong><\/p>\n<ul style=\"column-count: 2;\">\n<li>Ropa y zapatos c\u00f3modos\ud83d\udc55<\/li>\n<li>Protector solar y sombrero<img decoding=\"async\" class=\"emoji\" role=\"img\" draggable=\"false\" src=\"https:\/\/s.w.org\/images\/core\/emoji\/17.0.2\/svg\/1f9e2.svg\" alt=\"\ud83e\udde2\" \/><\/li>\n<li>Trajes de ba\u00f1o y toalla <img decoding=\"async\" class=\"emoji\" role=\"img\" draggable=\"false\" src=\"https:\/\/s.w.org\/images\/core\/emoji\/17.0.2\/svg\/1fa71.svg\" alt=\"\ud83e\ude71\" \/><\/li>\n<li>C\u00e1mara o smartphone \ud83d\udcf1<\/li>\n<li>Dinero en efectivo para gastos extras <img decoding=\"async\" class=\"emoji\" role=\"img\" draggable=\"false\" src=\"https:\/\/s.w.org\/images\/core\/emoji\/17.0.2\/svg\/1f4b3.svg\" alt=\"\ud83d\udcb3\" \/><\/li>\n<\/ul>\n<\/div>","protected":false},"excerpt":{"rendered":"<p>\u00danete a una aventura de d\u00eda completo de Belek, con Taz\u0131 vistas del Ca\u00f1\u00f3n, Jeep Safari y opcional rafting en el Ca\u00f1\u00f3n de K\u00f6pr\u00fcl\u00fc. La naturaleza, la diversi\u00f3n y traslados al hotel incluido.<\/p>","protected":false},"featured_media":13232,"comment_status":"open","ping_status":"closed","template":"","meta":[],"product_brand":[],"product_cat":[],"product_tag":[],"class_list":{"0":"post-13819","1":"product","2":"type-product","3":"status-publish","4":"has-post-thumbnail","6":"tour_phys-tours","7":"pa_destination-belek","9":"first","10":"instock","11":"shipping-taxable","12":"purchasable","13":"product-type-tour_phys"},"_links":{"self":[{"href":"https:\/\/vetatourism.com\/es\/wp-json\/wp\/v2\/product\/13819","targetHints":{"allow":["GET"]}}],"collection":[{"href":"https:\/\/vetatourism.com\/es\/wp-json\/wp\/v2\/product"}],"about":[{"href":"https:\/\/vetatourism.com\/es\/wp-json\/wp\/v2\/types\/product"}],"replies":[{"embeddable":true,"href":"https:\/\/vetatourism.com\/es\/wp-json\/wp\/v2\/comments?post=13819"}],"wp:featuredmedia":[{"embeddable":true,"href":"https:\/\/vetatourism.com\/es\/wp-json\/wp\/v2\/media\/13232"}],"wp:attachment":[{"href":"https:\/\/vetatourism.com\/es\/wp-json\/wp\/v2\/media?parent=13819"}],"wp:term":[{"taxonomy":"product_brand","embeddable":true,"href":"https:\/\/vetatourism.com\/es\/wp-json\/wp\/v2\/product_brand?post=13819"},{"taxonomy":"product_cat","embeddable":true,"href":"https:\/\/vetatourism.com\/es\/wp-json\/wp\/v2\/product_cat?post=13819"},{"taxonomy":"product_tag","embeddable":true,"href":"https:\/\/vetatourism.com\/es\/wp-json\/wp\/v2\/product_tag?post=13819"}],"curies":[{"name":"wp","href":"https:\/\/api.w.org\/{rel}","templated":true}]}}