{"id":13222,"date":"2026-01-29T16:06:40","date_gmt":"2026-01-29T16:06:40","guid":{"rendered":"https:\/\/vetatourism.com\/?post_type=product&#038;p=13222"},"modified":"2026-04-09T08:56:00","modified_gmt":"2026-04-09T08:56:00","slug":"tazi-canyon-rafting-jeep-safari-tour-from-side","status":"publish","type":"product","link":"https:\/\/vetatourism.com\/tours\/tazi-canyon-rafting-jeep-safari-tour-from-side","title":{"rendered":"Taz\u0131 Ca\u00f1\u00f3n, Rafting y Jeep Safari Tour de Lado"},"content":{"rendered":"<div data-start=\"1492\" data-end=\"1747\">\n<div data-start=\"5117\" data-end=\"5338\">Su d\u00eda comienza con una recogida de su hotel en Side o regiones cercanas, seguido por un esc\u00e9nicas y de la aventura de Safari en Jeep a trav\u00e9s de las Monta\u00f1as de Tauro. Disfrutar de la conducci\u00f3n off-road y de hermosos paisajes naturales a lo largo de la ruta.<\/div>\n<div data-start=\"5340\" data-end=\"5553\">El tour llega por primera vez a K\u00f6pr\u00fcl\u00fc Ca\u00f1\u00f3n, donde usted puede unirse a una opcional rafting actividad o relajarse junto al r\u00edo. Los instructores profesionales de proporcionar el equipo y orientaci\u00f3n, haciendo rafting conveniente incluso para los principiantes.<\/div>\n<div data-start=\"5555\" data-end=\"5818\">Despu\u00e9s, viaje por safari en jeep a <strong data-start=\"5586\" data-end=\"5601\">Taz\u0131 Ca\u00f1\u00f3n<\/strong>, una de las regiones naturales m\u00e1s impresionantes puntos de vista. Disfrutar de tiempo libre en la parte superior de las fotos y la relajaci\u00f3n mientras se admira el espectacular paisaje del ca\u00f1\u00f3n. Por razones de seguridad, entrar en el ca\u00f1\u00f3n en s\u00ed no est\u00e1 permitido.<\/div>\n<div data-start=\"5820\" data-end=\"6007\">Si el rafting es seleccionada, vuelva a K\u00f6pr\u00fcl\u00fc Ca\u00f1\u00f3n para una emocionante aventura en el r\u00edo con la nataci\u00f3n y de las paradas. Al final del d\u00eda con un sabroso riverside almuerzo antes de regresar a su hotel.<\/div>\n<\/div>\n<p>&nbsp;<\/p>\n<hr \/>\n<p>&nbsp;<\/p>\n<div class=\"tour-content-what-included\">\n<h4 id=\"whats-included\">\u00bfQu\u00e9 est\u00e1 Incluido<\/h4>\n<ul style=\"column-count: 2;\">\n<li>Recogida de hoteles en Side y \u00e1reas circundantes<\/li>\n<li>Safari en Jeep a trav\u00e9s de las Monta\u00f1as de Tauro<\/li>\n<li>Llegada a K\u00f6pr\u00fcl\u00fc Ca\u00f1\u00f3n de la base de riverside<\/li>\n<li>Opcional rafting o tiempo libre por el r\u00edo<\/li>\n<li>Paseo en Jeep a Taz\u0131 Ca\u00f1\u00f3n punto de vista<\/li>\n<li>Tiempo libre para fotos y visitas tur\u00edsticas<\/li>\n<li>Experiencia de Rafting en el Ca\u00f1\u00f3n de K\u00f6pr\u00fcl\u00fc (si se selecciona)<\/li>\n<li>El almuerzo junto al r\u00edo<\/li>\n<li>Traslado de regreso al hotel<\/li>\n<\/ul>\n<\/div>\n<p>&nbsp;<\/p>\n<hr \/>\n<p>&nbsp;<\/p>\n<div class=\"tour-content-add-information\">\n<h4>Informaci\u00f3n Adicional<\/h4>\n<ul>\n<li>Tour de d\u00eda completo<\/li>\n<li>No se requiere experiencia de rafting<\/li>\n<li>Adecuado para la aventura y amantes de la naturaleza<\/li>\n<li>El ca\u00f1\u00f3n se limita el acceso a los puntos de vista solamente<\/li>\n<li>Programa de viaje puede variar dependiendo de las condiciones clim\u00e1ticas<\/li>\n<\/ul>\n<p>&nbsp;<\/p>\n<\/div>\n<hr \/>\n<p>&nbsp;<\/p>\n<div class=\"tour-content-cancell-policy\">\n<p><strong>Qu\u00e9 Llevar<\/strong><\/p>\n<ul style=\"column-count: 2;\">\n<li>Ropa y zapatos c\u00f3modos\ud83d\udc5f<\/li>\n<li>Protector solar\ud83e\uddf4<\/li>\n<li>Trajes de ba\u00f1o y toalla<img decoding=\"async\" class=\"emoji\" role=\"img\" draggable=\"false\" src=\"https:\/\/s.w.org\/images\/core\/emoji\/17.0.2\/svg\/1fa71.svg\" alt=\"\ud83e\ude71\" \/><\/li>\n<li>C\u00e1mara o smartphone\ud83d\udcf1<\/li>\n<li>Dinero en efectivo para gastos extras <img decoding=\"async\" class=\"emoji\" role=\"img\" draggable=\"false\" src=\"https:\/\/s.w.org\/images\/core\/emoji\/17.0.2\/svg\/1f4b3.svg\" alt=\"\ud83d\udcb3\" \/><\/li>\n<\/ul>\n<\/div>","protected":false},"excerpt":{"rendered":"<p>Disfrutar de una aventura de d\u00eda completo de Lado con Taz\u0131 vistas del Ca\u00f1\u00f3n, Jeep Safari y opcional rafting en el Ca\u00f1\u00f3n de K\u00f6pr\u00fcl\u00fc. La naturaleza, la diversi\u00f3n y traslados al hotel incluido.<\/p>","protected":false},"featured_media":13232,"comment_status":"open","ping_status":"closed","template":"","meta":[],"product_brand":[],"product_cat":[],"product_tag":[],"class_list":{"0":"post-13222","1":"product","2":"type-product","3":"status-publish","4":"has-post-thumbnail","6":"tour_phys-tours","7":"pa_destination-side","9":"first","10":"instock","11":"shipping-taxable","12":"purchasable","13":"product-type-tour_phys"},"_links":{"self":[{"href":"https:\/\/vetatourism.com\/es\/wp-json\/wp\/v2\/product\/13222","targetHints":{"allow":["GET"]}}],"collection":[{"href":"https:\/\/vetatourism.com\/es\/wp-json\/wp\/v2\/product"}],"about":[{"href":"https:\/\/vetatourism.com\/es\/wp-json\/wp\/v2\/types\/product"}],"replies":[{"embeddable":true,"href":"https:\/\/vetatourism.com\/es\/wp-json\/wp\/v2\/comments?post=13222"}],"wp:featuredmedia":[{"embeddable":true,"href":"https:\/\/vetatourism.com\/es\/wp-json\/wp\/v2\/media\/13232"}],"wp:attachment":[{"href":"https:\/\/vetatourism.com\/es\/wp-json\/wp\/v2\/media?parent=13222"}],"wp:term":[{"taxonomy":"product_brand","embeddable":true,"href":"https:\/\/vetatourism.com\/es\/wp-json\/wp\/v2\/product_brand?post=13222"},{"taxonomy":"product_cat","embeddable":true,"href":"https:\/\/vetatourism.com\/es\/wp-json\/wp\/v2\/product_cat?post=13222"},{"taxonomy":"product_tag","embeddable":true,"href":"https:\/\/vetatourism.com\/es\/wp-json\/wp\/v2\/product_tag?post=13222"}],"curies":[{"name":"wp","href":"https:\/\/api.w.org\/{rel}","templated":true}]}}