{"id":13203,"date":"2026-01-29T16:05:23","date_gmt":"2026-01-29T16:05:23","guid":{"rendered":"https:\/\/vetatourism.com\/?post_type=product&#038;p=13203"},"modified":"2026-04-09T08:56:42","modified_gmt":"2026-04-09T08:56:42","slug":"rafting-tour-in-koprulu-canyon-from-belek-with-lunch","status":"publish","type":"product","link":"https:\/\/vetatourism.com\/tours\/rafting-tour-in-koprulu-canyon-from-belek-with-lunch","title":{"rendered":"Tour de Rafting en el Ca\u00f1\u00f3n de K\u00f6pr\u00fcl\u00fc De Belek \u2014 Con Almuerzo"},"content":{"rendered":"<div data-start=\"1492\" data-end=\"1747\">Tu aventura comienza con un c\u00f3modo servicio de recogida de su hotel en Belek o de zonas cercanas, seguido por un viaje esc\u00e9nico a K\u00f6pr\u00fcl\u00fc Ca\u00f1\u00f3n. A su llegada al campamento base, usted recibir\u00e1 una charla de seguridad y estar equipados con cascos, chalecos salvavidas y remos.<\/div>\n<div data-start=\"1749\" data-end=\"1943\">Emb\u00e1rcate en un emocionante viaje de rafting a lo largo de 14 km de ruta con 10 emocionantes r\u00e1pidos. Entre los r\u00e1pidos, disfrutar de un refrescante nada en un r\u00edo apacible piscinas rodeado de monta\u00f1as y exuberante vegetaci\u00f3n.<\/div>\n<div data-start=\"1945\" data-end=\"2194\">Durante el recorrido, tomar un descanso de opcionales, bebidas y tortas, y parar en un \u00e1rea de aventura que ofrece tirolesa y actividades de buceo (con costo adicional). Disfrutar de un sabroso almuerzo en un restaurante a orillas del r\u00edo antes de continuar la ruta de rafting a la meta.<\/div>\n<div data-start=\"2196\" data-end=\"2323\">Al final de la gira, se puede ver la balsa de v\u00eddeo, ver fotos y relajarse durante su traslado de regreso a su hotel.<\/div>\n<p>&nbsp;<\/p>\n<hr \/>\n<p>&nbsp;<\/p>\n<div class=\"tour-content-what-included\">\n<h4 id=\"whats-included\">\u00bfQu\u00e9 est\u00e1 Incluido<\/h4>\n<ul style=\"column-count: 2;\">\n<li>Recogida de hoteles en Belek y \u00e1reas circundantes<\/li>\n<li>Llegada a K\u00f6pr\u00fcl\u00fc Ca\u00f1\u00f3n campamento base<\/li>\n<li>Briefing de seguridad y equipos de distribuci\u00f3n<\/li>\n<li>Rafting en un 14 km de ruta con saltos de nataci\u00f3n<\/li>\n<li>Opcional tirolesa y fin de actividad<\/li>\n<li>El almuerzo junto al r\u00edo<\/li>\n<li>Continuar en balsa a punto de terminar<\/li>\n<li>Traslado de regreso al hotel<\/li>\n<\/ul>\n<\/div>\n<p>&nbsp;<\/p>\n<hr \/>\n<p>&nbsp;<\/p>\n<div class=\"tour-content-add-information\">\n<h4>Informaci\u00f3n Adicional<\/h4>\n<ul>\n<li>Balsa capacidad: 10 persona balsas incluido<\/li>\n<li>2-persona balsa disponible por un suplemento<\/li>\n<li>No se requiere experiencia de rafting<\/li>\n<li>Adecuado para familias y amantes de la aventura<\/li>\n<li>Programa de viaje puede variar debido a las condiciones clim\u00e1ticas<\/li>\n<\/ul>\n<p>&nbsp;<\/p>\n<\/div>\n<hr \/>\n<p>&nbsp;<\/p>\n<div class=\"tour-content-cancell-policy\">\n<p><strong>Qu\u00e9 Llevar<\/strong><\/p>\n<ul style=\"column-count: 2;\">\n<li>Zapatos c\u00f3modos (se puede mojar)\ud83d\udc5f<\/li>\n<li>Protector solar\ud83e\uddf4<\/li>\n<li>Trajes de ba\u00f1o y toalla <img decoding=\"async\" class=\"emoji\" role=\"img\" draggable=\"false\" src=\"https:\/\/s.w.org\/images\/core\/emoji\/17.0.2\/svg\/1fa71.svg\" alt=\"\ud83e\ude71\" \/><\/li>\n<li>Ropa Extra\ud83d\udc55<\/li>\n<li>De efectivo de las actividades opcionales<img decoding=\"async\" class=\"emoji\" role=\"img\" draggable=\"false\" src=\"https:\/\/s.w.org\/images\/core\/emoji\/17.0.2\/svg\/1f4b3.svg\" alt=\"\ud83d\udcb3\" \/><\/li>\n<\/ul>\n<\/div>","protected":false},"excerpt":{"rendered":"<p>\u00danete a un tour de rafting de Belek, en K\u00f6pr\u00fcl\u00fc Ca\u00f1\u00f3n. Paleta de 10 r\u00e1pidos en un 14 km de la ruta, nadar, disfrutar de un almuerzo y traslados al hotel incluido.<\/p>","protected":false},"featured_media":13214,"comment_status":"open","ping_status":"closed","template":"","meta":[],"product_brand":[],"product_cat":[],"product_tag":[],"class_list":{"0":"post-13203","1":"product","2":"type-product","3":"status-publish","4":"has-post-thumbnail","6":"tour_phys-tours","7":"pa_destination-belek","9":"first","10":"instock","11":"shipping-taxable","12":"purchasable","13":"product-type-tour_phys"},"_links":{"self":[{"href":"https:\/\/vetatourism.com\/es\/wp-json\/wp\/v2\/product\/13203","targetHints":{"allow":["GET"]}}],"collection":[{"href":"https:\/\/vetatourism.com\/es\/wp-json\/wp\/v2\/product"}],"about":[{"href":"https:\/\/vetatourism.com\/es\/wp-json\/wp\/v2\/types\/product"}],"replies":[{"embeddable":true,"href":"https:\/\/vetatourism.com\/es\/wp-json\/wp\/v2\/comments?post=13203"}],"wp:featuredmedia":[{"embeddable":true,"href":"https:\/\/vetatourism.com\/es\/wp-json\/wp\/v2\/media\/13214"}],"wp:attachment":[{"href":"https:\/\/vetatourism.com\/es\/wp-json\/wp\/v2\/media?parent=13203"}],"wp:term":[{"taxonomy":"product_brand","embeddable":true,"href":"https:\/\/vetatourism.com\/es\/wp-json\/wp\/v2\/product_brand?post=13203"},{"taxonomy":"product_cat","embeddable":true,"href":"https:\/\/vetatourism.com\/es\/wp-json\/wp\/v2\/product_cat?post=13203"},{"taxonomy":"product_tag","embeddable":true,"href":"https:\/\/vetatourism.com\/es\/wp-json\/wp\/v2\/product_tag?post=13203"}],"curies":[{"name":"wp","href":"https:\/\/api.w.org\/{rel}","templated":true}]}}