{"id":13173,"date":"2026-01-29T15:41:54","date_gmt":"2026-01-29T15:41:54","guid":{"rendered":"https:\/\/vetatourism.com\/?post_type=product&#038;p=13173"},"modified":"2026-03-09T05:50:46","modified_gmt":"2026-03-09T05:50:46","slug":"demre-myra-kekova-tour-from-belek","status":"publish","type":"product","link":"https:\/\/vetatourism.com\/tours\/demre-myra-kekova-tour-from-belek","title":{"rendered":"Demre Myra, Kekova Tour De Belek"},"content":{"rendered":"<div data-start=\"1546\" data-end=\"1705\">Su d\u00eda comienza con un c\u00f3modo servicio de recogida de su hotel en Belek o de zonas cercanas. Disfrute de un paseo a lo largo de la costa hacia las antiguas tierras de Licia.<\/div>\n<div data-start=\"1707\" data-end=\"1882\">La primera parada es <strong data-start=\"1725\" data-end=\"1733\">Myra<\/strong>, una de las m\u00e1s importantes ciudades de Licia. Aqu\u00ed, explorar la impresionante roca de corte de las tumbas excavadas en los acantilados y los restos de un gran Greco-Romano el teatro.<\/div>\n<div data-start=\"1884\" data-end=\"2088\">Continuar <strong data-start=\"1896\" data-end=\"1905\">Demre<\/strong> para visitar el <strong data-start=\"1919\" data-end=\"1945\">Iglesia de San Nicol\u00e1s<\/strong>construida sobre el lugar de enterramiento de la 4\u00aa siglo santo que inspir\u00f3 la leyenda de Santa Claus. Aprender acerca de su vida y de su significado hist\u00f3rico.<\/div>\n<div data-start=\"2090\" data-end=\"2452\">Despu\u00e9s de un delicioso almuerzo local, de la cabeza a <strong data-start=\"2129\" data-end=\"2147\">\u00c7aya\u011fz\u0131 Harbor<\/strong> y el consejo privado de estilo acuario con fondo de vidrio yate. Crucero hacia <strong data-start=\"2217\" data-end=\"2234\">La Isla De Kekova<\/strong> y admirar las misteriosas ruinas de la <strong data-start=\"2274\" data-end=\"2289\">la ciudad sumergida<\/strong>, parcialmente sumergido despu\u00e9s de un antiguo terremoto. Observar submarina de los restos del yate de los paneles de cristal y disfrutar de las vistas de <strong data-start=\"2419\" data-end=\"2436\">Simena Castillo<\/strong> en la cima de la colina.<\/div>\n<div data-start=\"2454\" data-end=\"2631\">Antes de regresar, tomar un refrescante ba\u00f1o en las turquesas aguas del mar Mediterr\u00e1neo. Finalmente, relajarse en el coche de vuelta a su hotel con recuerdos inolvidables de la historia y la naturaleza.<\/div>\n<p>&nbsp;<\/p>\n<hr \/>\n<p>&nbsp;<\/p>\n<div class=\"tour-content-what-included\">\n<h4 id=\"whats-included\">\u00bfQu\u00e9 est\u00e1 Incluido<\/h4>\n<ul style=\"column-count: 2;\">\n<li>Recogida de hoteles en Belek y \u00e1reas circundantes<\/li>\n<li>Scenic drive a Myra<\/li>\n<li>Visita Myra las tumbas de roca y teatro Romano<\/li>\n<li>Demre \u2013 Iglesia de San Nicol\u00e1s<\/li>\n<li>Almuerzo en un restaurante local<\/li>\n<li>Fondo de vidrio yate de crucero de \u00c7aya\u011fz\u0131<\/li>\n<li>La Ciudad sumergida de Kekova turismo<\/li>\n<li>La nataci\u00f3n romper<\/li>\n<li>Traslado de regreso al hotel<\/li>\n<\/ul>\n<\/div>\n<p>&nbsp;<\/p>\n<hr \/>\n<p>&nbsp;<\/p>\n<div class=\"tour-content-add-information\">\n<h4>Informaci\u00f3n Adicional<\/h4>\n<ul>\n<li>Tour de d\u00eda completo<\/li>\n<li>Yate de crucero duraci\u00f3n: aprox. 2.5 horas<\/li>\n<li>La nataci\u00f3n depende de las condiciones clim\u00e1ticas<\/li>\n<li>Caminar a paso moderado involucrados en sitios hist\u00f3ricos<\/li>\n<\/ul>\n<p>&nbsp;<\/p>\n<\/div>\n<hr \/>\n<p>&nbsp;<\/p>\n<div class=\"tour-content-cancell-policy\">\n<p><strong>Qu\u00e9 Llevar<\/strong><\/p>\n<ul style=\"column-count: 2;\">\n<li>Zapatos c\u00f3modos para caminar\ud83d\udc5f<\/li>\n<li>Protector solar y sombrero<img decoding=\"async\" class=\"emoji\" role=\"img\" draggable=\"false\" src=\"https:\/\/s.w.org\/images\/core\/emoji\/17.0.2\/svg\/1f9e2.svg\" alt=\"\ud83e\udde2\" \/><\/li>\n<li>Trajes de ba\u00f1o y toalla <img decoding=\"async\" class=\"emoji\" role=\"img\" draggable=\"false\" src=\"https:\/\/s.w.org\/images\/core\/emoji\/17.0.2\/svg\/1fa71.svg\" alt=\"\ud83e\ude71\" \/><\/li>\n<li>C\u00e1mara o smartphone \ud83d\udcf1<\/li>\n<li>De efectivo de las cuotas de entrada y las bebidas<img decoding=\"async\" class=\"emoji\" role=\"img\" draggable=\"false\" src=\"https:\/\/s.w.org\/images\/core\/emoji\/17.0.2\/svg\/1f4b3.svg\" alt=\"\ud83d\udcb3\" \/><\/li>\n<\/ul>\n<\/div>","protected":false},"excerpt":{"rendered":"<p>Explorar la Ciudad sumergida de Kekova, Myra ruinas y la Iglesia de San Nicol\u00e1s en un viaje de un d\u00eda de Belek. Disfrute de un fondo de vidrio yate de crucero, nadar y comer.<\/p>","protected":false},"featured_media":13180,"comment_status":"open","ping_status":"closed","template":"","meta":[],"product_brand":[],"product_cat":[15],"product_tag":[],"class_list":{"0":"post-13173","1":"product","2":"type-product","3":"status-publish","4":"has-post-thumbnail","6":"tour_phys-tours","7":"product_cat-non-classe","8":"pa_destination-belek","10":"first","11":"instock","12":"sale","13":"shipping-taxable","14":"purchasable","15":"product-type-tour_phys"},"_links":{"self":[{"href":"https:\/\/vetatourism.com\/es\/wp-json\/wp\/v2\/product\/13173","targetHints":{"allow":["GET"]}}],"collection":[{"href":"https:\/\/vetatourism.com\/es\/wp-json\/wp\/v2\/product"}],"about":[{"href":"https:\/\/vetatourism.com\/es\/wp-json\/wp\/v2\/types\/product"}],"replies":[{"embeddable":true,"href":"https:\/\/vetatourism.com\/es\/wp-json\/wp\/v2\/comments?post=13173"}],"wp:featuredmedia":[{"embeddable":true,"href":"https:\/\/vetatourism.com\/es\/wp-json\/wp\/v2\/media\/13180"}],"wp:attachment":[{"href":"https:\/\/vetatourism.com\/es\/wp-json\/wp\/v2\/media?parent=13173"}],"wp:term":[{"taxonomy":"product_brand","embeddable":true,"href":"https:\/\/vetatourism.com\/es\/wp-json\/wp\/v2\/product_brand?post=13173"},{"taxonomy":"product_cat","embeddable":true,"href":"https:\/\/vetatourism.com\/es\/wp-json\/wp\/v2\/product_cat?post=13173"},{"taxonomy":"product_tag","embeddable":true,"href":"https:\/\/vetatourism.com\/es\/wp-json\/wp\/v2\/product_tag?post=13173"}],"curies":[{"name":"wp","href":"https:\/\/api.w.org\/{rel}","templated":true}]}}