{"id":13151,"date":"2026-01-29T15:18:25","date_gmt":"2026-01-29T15:18:25","guid":{"rendered":"https:\/\/vetatourism.com\/?post_type=product&#038;p=13151"},"modified":"2026-03-09T05:50:56","modified_gmt":"2026-03-09T05:50:56","slug":"pamukkale-hierapolis-tour-from-belek-side","status":"publish","type":"product","link":"https:\/\/vetatourism.com\/tours\/pamukkale-hierapolis-tour-from-belek-side","title":{"rendered":"Pamukkale &amp; Hier\u00e1polis Tour de Belek Lado"},"content":{"rendered":"<div data-start=\"4679\" data-end=\"4853\">Comience su d\u00eda con un temprano recojo de su hotel en Side o de regiones cercanas. Relajarse durante el viaje esc\u00e9nico a Pamukkale, pasando por la pintoresca campi\u00f1a.<\/div>\n<div data-start=\"4855\" data-end=\"5065\">Despu\u00e9s de disfrutar de un open-almuerzo tipo buffet, llegar a <strong data-start=\"4902\" data-end=\"4915\">Pamukkale<\/strong> y explorar su famoso blanco de terrazas de travertino formado por el flujo de aguas termales. Caminar descalzo sobre la rica en minerales piscinas y tomar fotos inolvidables.<\/div>\n<div data-start=\"5067\" data-end=\"5273\">Continuar con la antigua ciudad de <strong data-start=\"5099\" data-end=\"5113\">Hier\u00e1polis<\/strong>una vez un famoso spa de aguas termales de la ciudad. Visitar su impresionante teatro Romano, los antiguos ba\u00f1os, templos y agora, mientras que su gu\u00eda comparte historias acerca de su rica historia.<\/div>\n<div data-start=\"5275\" data-end=\"5468\">Disfrutar de tiempo libre para relajarse o nadar en las piscinas termales. Si lo desea, tambi\u00e9n puede visitar <strong data-start=\"5362\" data-end=\"5382\">La Piscina de Cleopatra<\/strong> por un cargo adicional. Termine su d\u00eda con un c\u00f3modo traslado de regreso a su hotel.<\/div>\n<p>&nbsp;<\/p>\n<hr \/>\n<p>&nbsp;<\/p>\n<div class=\"tour-content-what-included\">\n<h4 id=\"whats-included\">\u00bfQu\u00e9 est\u00e1 Incluido<\/h4>\n<ul style=\"column-count: 2;\">\n<li>Recogida de hoteles en Side y \u00e1reas circundantes<\/li>\n<li>Scenic drive a Pamukkale<\/li>\n<li>Almuerzo (buffet libre)<\/li>\n<li>Visita de Pamukkale travertinos<\/li>\n<li>Visita guiada de Hier\u00e1polis<\/li>\n<li>Tiempo libre para el ba\u00f1o y la relajaci\u00f3n<\/li>\n<li>Facultativo de la Piscina de Cleopatra visita<\/li>\n<li>Traslado de regreso al hotel<\/li>\n<\/ul>\n<\/div>\n<p>&nbsp;<\/p>\n<hr \/>\n<p>&nbsp;<\/p>\n<div class=\"tour-content-add-information\">\n<h4>Informaci\u00f3n Adicional<\/h4>\n<ul>\n<li>Tour de d\u00eda completo<\/li>\n<li>Moderada caminar<\/li>\n<li>Zapatos c\u00f3modos recomendado<\/li>\n<li>La nataci\u00f3n depende de las condiciones clim\u00e1ticas<\/li>\n<\/ul>\n<p>&nbsp;<\/p>\n<\/div>\n<hr \/>\n<p>&nbsp;<\/p>\n<div class=\"tour-content-cancell-policy\">\n<p><strong>Qu\u00e9 Llevar<\/strong><\/p>\n<ul style=\"column-count: 2;\">\n<li>Zapatos c\u00f3modos para caminar\ud83d\udc5f<\/li>\n<li>Protector solar y sombrero<img decoding=\"async\" class=\"emoji\" role=\"img\" draggable=\"false\" src=\"https:\/\/s.w.org\/images\/core\/emoji\/17.0.2\/svg\/1f9e2.svg\" alt=\"\ud83e\udde2\" \/><\/li>\n<li>Trajes de ba\u00f1o y toalla <img decoding=\"async\" class=\"emoji\" role=\"img\" draggable=\"false\" src=\"https:\/\/s.w.org\/images\/core\/emoji\/17.0.2\/svg\/1fa71.svg\" alt=\"\ud83e\ude71\" \/><\/li>\n<li>C\u00e1mara o smartphone \ud83d\udcf1<\/li>\n<li>Dinero en efectivo para gastos personales <img decoding=\"async\" class=\"emoji\" role=\"img\" draggable=\"false\" src=\"https:\/\/s.w.org\/images\/core\/emoji\/17.0.2\/svg\/1f4b3.svg\" alt=\"\ud83d\udcb3\" \/><\/li>\n<\/ul>\n<\/div>","protected":false},"excerpt":{"rendered":"<p>Descubrir Pamukkale y Hier\u00e1polis en un tour de d\u00eda completo de Lado. Pie blanco travertinos, explorar ruinas antiguas, nadar en las piscinas termales y disfrutar de un almuerzo.<\/p>","protected":false},"featured_media":13153,"comment_status":"open","ping_status":"closed","template":"","meta":[],"product_brand":[],"product_cat":[15],"product_tag":[],"class_list":{"0":"post-13151","1":"product","2":"type-product","3":"status-publish","4":"has-post-thumbnail","6":"tour_phys-tours","7":"product_cat-non-classe","8":"pa_destination-belek","10":"first","11":"instock","12":"sale","13":"shipping-taxable","14":"purchasable","15":"product-type-tour_phys"},"_links":{"self":[{"href":"https:\/\/vetatourism.com\/es\/wp-json\/wp\/v2\/product\/13151","targetHints":{"allow":["GET"]}}],"collection":[{"href":"https:\/\/vetatourism.com\/es\/wp-json\/wp\/v2\/product"}],"about":[{"href":"https:\/\/vetatourism.com\/es\/wp-json\/wp\/v2\/types\/product"}],"replies":[{"embeddable":true,"href":"https:\/\/vetatourism.com\/es\/wp-json\/wp\/v2\/comments?post=13151"}],"wp:featuredmedia":[{"embeddable":true,"href":"https:\/\/vetatourism.com\/es\/wp-json\/wp\/v2\/media\/13153"}],"wp:attachment":[{"href":"https:\/\/vetatourism.com\/es\/wp-json\/wp\/v2\/media?parent=13151"}],"wp:term":[{"taxonomy":"product_brand","embeddable":true,"href":"https:\/\/vetatourism.com\/es\/wp-json\/wp\/v2\/product_brand?post=13151"},{"taxonomy":"product_cat","embeddable":true,"href":"https:\/\/vetatourism.com\/es\/wp-json\/wp\/v2\/product_cat?post=13151"},{"taxonomy":"product_tag","embeddable":true,"href":"https:\/\/vetatourism.com\/es\/wp-json\/wp\/v2\/product_tag?post=13151"}],"curies":[{"name":"wp","href":"https:\/\/api.w.org\/{rel}","templated":true}]}}