{"id":13134,"date":"2026-01-29T15:10:29","date_gmt":"2026-01-29T15:10:29","guid":{"rendered":"https:\/\/vetatourism.com\/?post_type=product&#038;p=13134"},"modified":"2026-03-09T05:51:02","modified_gmt":"2026-03-09T05:51:02","slug":"antalya-city-tour-from-belek-old-town-waterfalls","status":"publish","type":"product","link":"https:\/\/vetatourism.com\/tours\/antalya-city-tour-from-belek-old-town-waterfalls","title":{"rendered":"Antalya Tour De La Ciudad De Belek \u2013 Old Town Y Cascadas De Agua"},"content":{"rendered":"<div data-start=\"1452\" data-end=\"1785\">Su d\u00eda comienza con un c\u00f3modo servicio de recogida de su hotel en Belek o de zonas cercanas. Viajes a Antalya centro de la ciudad para explorar <strong data-start=\"1577\" data-end=\"1597\">Kalei\u00e7i De La Ciudad Vieja<\/strong>, donde la historia cobra vida entre los Romanos, Sely\u00facidas y Otomanos lugares de inter\u00e9s. Caminar a trav\u00e9s de la Puerta de Adriano, admirar el Minarete de Yivli y la Torre del Reloj, y disfrutar de tiempo libre para explorar las tiendas o cafeter\u00edas.<\/div>\n<div data-start=\"1787\" data-end=\"1976\">Siguiente, a la cabeza de la hist\u00f3rica <strong data-start=\"1814\" data-end=\"1828\">Viejo Puerto<\/strong> y disfrutar de un relajante 1 hora de paseo en barco a lo largo de Antalya impresionante costa, que ofrece hermosas vistas de los acantilados y el Mar Mediterr\u00e1neo.<\/div>\n<div data-start=\"1978\" data-end=\"2241\">Despu\u00e9s del crucero, disfrutar de un delicioso <strong data-start=\"2014\" data-end=\"2043\">tradicional almuerzo turco<\/strong> en un restaurante local. Contin\u00faa el recorrido con la visita a <strong data-start=\"2100\" data-end=\"2126\">Duden<\/strong>, rodeado de vegetaci\u00f3n y cuevas, y <strong data-start=\"2166\" data-end=\"2192\">Inferior Cascadas De D\u00fcden<\/strong>, donde el agua de las cascadas dram\u00e1ticamente en el mar.<\/div>\n<div data-start=\"2243\" data-end=\"2408\">Antes del regreso, parada en un local de <strong data-start=\"2277\" data-end=\"2301\">platero taller<\/strong> para ver los tradicionales hechos a mano de joyer\u00eda de plata. Al final del d\u00eda con un c\u00f3modo traslado de regreso a su hotel.<\/div>\n<p>&nbsp;<\/p>\n<hr \/>\n<p>&nbsp;<\/p>\n<div class=\"tour-content-what-included\">\n<h4 id=\"whats-included\">\u00bfQu\u00e9 est\u00e1 Incluido<\/h4>\n<ul style=\"column-count: 2;\">\n<li>Recogida de hoteles en Belek y \u00e1reas circundantes<\/li>\n<li>Kalei\u00e7i de la Ciudad Vieja de turismo y tiempo libre<\/li>\n<li>Viaje en barco desde Antalya Viejo Puerto (1 hora)<\/li>\n<li>Almuerzo en un restaurante local<\/li>\n<li>Visita Duden<\/li>\n<li>Visite Baja De Las Cascadas De D\u00fcden<\/li>\n<li>Platero visita<\/li>\n<li>Traslado de regreso al hotel<\/li>\n<\/ul>\n<\/div>\n<p>&nbsp;<\/p>\n<hr \/>\n<p>&nbsp;<\/p>\n<div class=\"tour-content-add-information\">\n<h4>Informaci\u00f3n Adicional<\/h4>\n<ul>\n<li>City tour de d\u00eda completo<\/li>\n<li>Moderada caminar<\/li>\n<li>Viaje en barco sujeto a las condiciones clim\u00e1ticas<\/li>\n<li>Zapatos c\u00f3modos recomendado<\/li>\n<\/ul>\n<p>&nbsp;<\/p>\n<\/div>\n<hr \/>\n<p>&nbsp;<\/p>\n<div class=\"tour-content-cancell-policy\">\n<p><strong>Qu\u00e9 Llevar<\/strong><\/p>\n<ul style=\"column-count: 2;\">\n<li>Zapatos c\u00f3modos para caminar \ud83d\udc5f<\/li>\n<li>Protector solar y sombrero\ud83e\udde2<\/li>\n<li>C\u00e1mara o smartphone \ud83d\udcf1<\/li>\n<li>Dinero en efectivo para gastos personales <img decoding=\"async\" class=\"emoji\" role=\"img\" draggable=\"false\" src=\"https:\/\/s.w.org\/images\/core\/emoji\/17.0.2\/svg\/1f4b3.svg\" alt=\"\ud83d\udcb3\" \/><\/li>\n<\/ul>\n<\/div>","protected":false},"excerpt":{"rendered":"<p>Explorar Antalya, en una excursi\u00f3n de d\u00eda completo de Belek, con la Vieja de la Ciudad, excursi\u00f3n en barco, Superior e Inferior de las Cascadas de D\u00fcden y almuerzo incluido. Descubrir la naturaleza y la historia.<\/p>","protected":false},"featured_media":13144,"comment_status":"open","ping_status":"closed","template":"","meta":[],"product_brand":[],"product_cat":[15],"product_tag":[],"class_list":{"0":"post-13134","1":"product","2":"type-product","3":"status-publish","4":"has-post-thumbnail","6":"tour_phys-tours","7":"product_cat-non-classe","8":"pa_destination-belek","10":"first","11":"instock","12":"sale","13":"shipping-taxable","14":"purchasable","15":"product-type-tour_phys"},"_links":{"self":[{"href":"https:\/\/vetatourism.com\/es\/wp-json\/wp\/v2\/product\/13134","targetHints":{"allow":["GET"]}}],"collection":[{"href":"https:\/\/vetatourism.com\/es\/wp-json\/wp\/v2\/product"}],"about":[{"href":"https:\/\/vetatourism.com\/es\/wp-json\/wp\/v2\/types\/product"}],"replies":[{"embeddable":true,"href":"https:\/\/vetatourism.com\/es\/wp-json\/wp\/v2\/comments?post=13134"}],"wp:featuredmedia":[{"embeddable":true,"href":"https:\/\/vetatourism.com\/es\/wp-json\/wp\/v2\/media\/13144"}],"wp:attachment":[{"href":"https:\/\/vetatourism.com\/es\/wp-json\/wp\/v2\/media?parent=13134"}],"wp:term":[{"taxonomy":"product_brand","embeddable":true,"href":"https:\/\/vetatourism.com\/es\/wp-json\/wp\/v2\/product_brand?post=13134"},{"taxonomy":"product_cat","embeddable":true,"href":"https:\/\/vetatourism.com\/es\/wp-json\/wp\/v2\/product_cat?post=13134"},{"taxonomy":"product_tag","embeddable":true,"href":"https:\/\/vetatourism.com\/es\/wp-json\/wp\/v2\/product_tag?post=13134"}],"curies":[{"name":"wp","href":"https:\/\/api.w.org\/{rel}","templated":true}]}}