{"id":13125,"date":"2026-01-29T15:00:45","date_gmt":"2026-01-29T15:00:45","guid":{"rendered":"https:\/\/vetatourism.com\/?post_type=product&#038;p=13125"},"modified":"2026-02-04T16:14:29","modified_gmt":"2026-02-04T16:14:29","slug":"antalya-city-tour-desde-lateral-casco-antiguo-cascadas","status":"publish","type":"product","link":"https:\/\/vetatourism.com\/tours\/antalya-city-tour-from-side-old-town-waterfalls","title":{"rendered":"La Ciudad De Antalya Gira De Un Lado De La Ciudad Vieja Y Cascadas De Agua"},"content":{"rendered":"<div data-start=\"4577\" data-end=\"4859\">Su d\u00eda comienza con una recogida de su hotel en Side o de regiones cercanas. Llegar en Antalya y explorar <strong data-start=\"4680\" data-end=\"4700\">Kalei\u00e7i De La Ciudad Vieja<\/strong>caminando por calles hist\u00f3ricas y monumentos de la ciudad como la Puerta de Adriano, Minarete de Yivli y la Torre del Reloj. Disfrutar de tiempo libre para explorar las tiendas, los museos o los caf\u00e9s.<\/div>\n<div data-start=\"4861\" data-end=\"5056\">Continuar a la <strong data-start=\"4877\" data-end=\"4891\">Viejo Puerto<\/strong> para disfrutar de una relajante de 1 hora de viaje en barco, que ofrece vistas panor\u00e1micas de la costa de Antalya y acantilados. Despu\u00e9s del crucero, disfrutar de un sabroso <strong data-start=\"5016\" data-end=\"5033\">Almuerzo turco<\/strong> en un restaurante local.<\/div>\n<div data-start=\"5058\" data-end=\"5310\">En la tarde, visita de <strong data-start=\"5082\" data-end=\"5108\">Duden<\/strong>escondido entre la vegetaci\u00f3n, seguido por <strong data-start=\"5145\" data-end=\"5171\">Inferior Cascadas De D\u00fcden<\/strong>, donde el agua dram\u00e1ticamente se encuentra con el mar. Antes del regreso, parada en un local de <strong data-start=\"5247\" data-end=\"5262\">platero<\/strong> para ver los tradicionales hechos a mano de plata de los productos.<\/div>\n<div data-start=\"5312\" data-end=\"5406\">Al final del d\u00eda con un c\u00f3modo traslado de regreso a su hotel, lleno de experiencias inolvidables.<\/div>\n<p>&nbsp;<\/p>\n<hr \/>\n<p>&nbsp;<\/p>\n<div class=\"tour-content-what-included\">\n<h4 id=\"whats-included\">\u00bfQu\u00e9 est\u00e1 Incluido<\/h4>\n<ul style=\"column-count: 2;\">\n<li>Recogida de hoteles en Side y \u00e1reas circundantes<\/li>\n<li>Kalei\u00e7i de la Ciudad Vieja de turismo y tiempo libre<\/li>\n<li>Viaje en barco desde Antalya Viejo Puerto (1 hora)<\/li>\n<li>Almuerzo en un restaurante local<\/li>\n<li>Visita Duden<\/li>\n<li>Visite Baja De Las Cascadas De D\u00fcden<\/li>\n<li>Platero visita<\/li>\n<li>Traslado de regreso al hotel<\/li>\n<\/ul>\n<\/div>\n<p>&nbsp;<\/p>\n<hr \/>\n<p>&nbsp;<\/p>\n<div class=\"tour-content-add-information\">\n<h4>Informaci\u00f3n Adicional<\/h4>\n<ul>\n<li>City tour de d\u00eda completo<\/li>\n<li>Moderada caminar<\/li>\n<li>Viaje en barco sujeto a las condiciones clim\u00e1ticas<\/li>\n<li>Zapatos c\u00f3modos recomendado<\/li>\n<\/ul>\n<p>&nbsp;<\/p>\n<\/div>\n<hr \/>\n<p>&nbsp;<\/p>\n<div class=\"tour-content-cancell-policy\">\n<p><strong>Qu\u00e9 Llevar<\/strong><\/p>\n<ul style=\"column-count: 2;\">\n<li>Zapatos c\u00f3modos para caminar\ud83d\udc5f<\/li>\n<li>C\u00e1mara o smartphone\ud83d\udcf1<\/li>\n<li>Protector solar y sombrero\ud83e\uddf4<\/li>\n<li>Dinero en efectivo para gastos personales <img decoding=\"async\" class=\"emoji\" role=\"img\" draggable=\"false\" src=\"https:\/\/s.w.org\/images\/core\/emoji\/17.0.2\/svg\/1f4b3.svg\" alt=\"\ud83d\udcb3\" \/><\/li>\n<\/ul>\n<\/div>","protected":false},"excerpt":{"rendered":"<p>Descubrir Antalya, en una excursi\u00f3n de d\u00eda completo de Lado con la Ciudad Vieja, excursi\u00f3n en barco, Superior e Inferior de las Cascadas de D\u00fcden y almuerzo incluido. La historia, el mar y la naturaleza.<\/p>","protected":false},"featured_media":13127,"comment_status":"open","ping_status":"closed","template":"","meta":[],"product_brand":[],"product_cat":[129],"product_tag":[],"class_list":{"0":"post-13125","1":"product","2":"type-product","3":"status-publish","4":"has-post-thumbnail","6":"tour_phys-tours","7":"product_cat-uncategorized","8":"pa_destination-side","10":"first","11":"instock","12":"sale","13":"shipping-taxable","14":"purchasable","15":"product-type-tour_phys"},"_links":{"self":[{"href":"https:\/\/vetatourism.com\/es\/wp-json\/wp\/v2\/product\/13125","targetHints":{"allow":["GET"]}}],"collection":[{"href":"https:\/\/vetatourism.com\/es\/wp-json\/wp\/v2\/product"}],"about":[{"href":"https:\/\/vetatourism.com\/es\/wp-json\/wp\/v2\/types\/product"}],"replies":[{"embeddable":true,"href":"https:\/\/vetatourism.com\/es\/wp-json\/wp\/v2\/comments?post=13125"}],"wp:featuredmedia":[{"embeddable":true,"href":"https:\/\/vetatourism.com\/es\/wp-json\/wp\/v2\/media\/13127"}],"wp:attachment":[{"href":"https:\/\/vetatourism.com\/es\/wp-json\/wp\/v2\/media?parent=13125"}],"wp:term":[{"taxonomy":"product_brand","embeddable":true,"href":"https:\/\/vetatourism.com\/es\/wp-json\/wp\/v2\/product_brand?post=13125"},{"taxonomy":"product_cat","embeddable":true,"href":"https:\/\/vetatourism.com\/es\/wp-json\/wp\/v2\/product_cat?post=13125"},{"taxonomy":"product_tag","embeddable":true,"href":"https:\/\/vetatourism.com\/es\/wp-json\/wp\/v2\/product_tag?post=13125"}],"curies":[{"name":"wp","href":"https:\/\/api.w.org\/{rel}","templated":true}]}}