{"id":13108,"date":"2026-01-29T14:48:00","date_gmt":"2026-01-29T14:48:00","guid":{"rendered":"https:\/\/vetatourism.com\/?post_type=product&#038;p=13108"},"modified":"2026-03-09T05:51:10","modified_gmt":"2026-03-09T05:51:10","slug":"relax-vip-yacht-tour-from-belek-small-group","status":"publish","type":"product","link":"https:\/\/vetatourism.com\/tours\/relax-vip-yacht-tour-from-belek-small-group","title":{"rendered":"Relax VIP Tour en Yate de Belek \u2013 Grupo Peque\u00f1o"},"content":{"rendered":"<div data-start=\"1609\" data-end=\"1828\">Su d\u00eda de descanso comienza con un c\u00f3modo servicio de recogida de su hotel en Belek o de zonas cercanas, seguido por una transferencia a Kemer Marina. Paso a bordo de la <strong data-start=\"1758\" data-end=\"1777\">Relax VIP Yate<\/strong>dise\u00f1ado especialmente para la paz, la comodidad y el lujo.<\/div>\n<div data-start=\"1830\" data-end=\"2128\">Sin hacinamiento cubiertas fuerte o de entretenimiento, usted puede relajarse de verdad. Cada hu\u00e9sped tiene su propio solarium, donde podr\u00e1 relajarse mientras disfruta de las vistas panor\u00e1micas de la localidad de Kemer turquesa de la costa. El yate de anclajes en bah\u00edas tranquilas donde se puede nadar en las cristalinas aguas o simplemente disfrutar de la suave brisa del mar.<\/div>\n<div data-start=\"2130\" data-end=\"2353\">Durante el crucero, disfrute de un reci\u00e9n preparado el almuerzo cocinado por el chef a bordo el uso de ingredientes de alta calidad. M\u00fasica suave de fondo y un ambiente tranquilo crear el escenario perfecto para recargar energ\u00edas y escapar del estr\u00e9s cotidiano.<\/div>\n<div data-start=\"2355\" data-end=\"2487\">Despu\u00e9s de un d\u00eda de nataci\u00f3n, tomar el sol y relajarse, volver a Kemer Marina y disfrutar de un c\u00f3modo traslado de regreso a su hotel.<\/div>\n<p>&nbsp;<\/p>\n<hr \/>\n<p>&nbsp;<\/p>\n<div class=\"tour-content-what-included\">\n<h4 id=\"whats-included\">\u00bfQu\u00e9 est\u00e1 Incluido<\/h4>\n<ul style=\"column-count: 2;\">\n<li>Recogida de hoteles en Belek y \u00e1reas circundantes<\/li>\n<li>Traslado al puerto deportivo de Kemer<\/li>\n<li>Relax VIP yate de crucero comienza<\/li>\n<li>La nataci\u00f3n se detiene en bah\u00edas<\/li>\n<li>El almuerzo se sirve a bordo<\/li>\n<li>Tiempo libre para tomar el sol y relajarse<\/li>\n<li>Volver a la marina y el hotel<\/li>\n<\/ul>\n<\/div>\n<p>&nbsp;<\/p>\n<hr \/>\n<p>&nbsp;<\/p>\n<div class=\"tour-content-add-information\">\n<h4>Informaci\u00f3n Adicional<\/h4>\n<ul>\n<li>Aforo limitado: m\u00e1ximo 25 personas<\/li>\n<li>Cada hu\u00e9sped tiene un solarium privado<\/li>\n<li>No hay m\u00fasica fuerte o ambiente de fiesta<\/li>\n<li>Los beb\u00e9s sentarse en el regazo (sin asiento)<\/li>\n<li>No accesibles en silla de ruedas<\/li>\n<\/ul>\n<p>&nbsp;<\/p>\n<\/div>\n<hr \/>\n<p>&nbsp;<\/p>\n<div class=\"tour-content-cancell-policy\">\n<p><strong>Qu\u00e9 Llevar<\/strong><\/p>\n<ul style=\"column-count: 2;\">\n<li>Gafas de sol<img decoding=\"async\" class=\"emoji\" role=\"img\" draggable=\"false\" src=\"https:\/\/s.w.org\/images\/core\/emoji\/17.0.2\/svg\/1f576.svg\" alt=\"\ud83d\udd76\ufe0f\" \/><\/li>\n<li>Protector solar\ud83e\uddf4<\/li>\n<li>Trajes de ba\u00f1o y toalla <img decoding=\"async\" class=\"emoji\" role=\"img\" draggable=\"false\" src=\"https:\/\/s.w.org\/images\/core\/emoji\/17.0.2\/svg\/1fa71.svg\" alt=\"\ud83e\ude71\" \/><\/li>\n<li>Dinero en efectivo para gastos personales <img decoding=\"async\" class=\"emoji\" role=\"img\" draggable=\"false\" src=\"https:\/\/s.w.org\/images\/core\/emoji\/17.0.2\/svg\/1f4b3.svg\" alt=\"\ud83d\udcb3\" \/><\/li>\n<\/ul>\n<\/div>","protected":false},"excerpt":{"rendered":"<p>Disfrutar de un Relax VIP tour en yate de Belek, en Kemer. Nadar en bah\u00edas escondidas, relajarse en privado, hamacas y disfrutar de un almuerzo de lujo con traslados al hotel.<\/p>","protected":false},"featured_media":13117,"comment_status":"open","ping_status":"closed","template":"","meta":[],"product_brand":[],"product_cat":[15],"product_tag":[],"class_list":{"0":"post-13108","1":"product","2":"type-product","3":"status-publish","4":"has-post-thumbnail","6":"tour_phys-tours","7":"product_cat-non-classe","8":"pa_destination-belek","10":"first","11":"instock","12":"sale","13":"shipping-taxable","14":"purchasable","15":"product-type-tour_phys"},"_links":{"self":[{"href":"https:\/\/vetatourism.com\/es\/wp-json\/wp\/v2\/product\/13108","targetHints":{"allow":["GET"]}}],"collection":[{"href":"https:\/\/vetatourism.com\/es\/wp-json\/wp\/v2\/product"}],"about":[{"href":"https:\/\/vetatourism.com\/es\/wp-json\/wp\/v2\/types\/product"}],"replies":[{"embeddable":true,"href":"https:\/\/vetatourism.com\/es\/wp-json\/wp\/v2\/comments?post=13108"}],"wp:featuredmedia":[{"embeddable":true,"href":"https:\/\/vetatourism.com\/es\/wp-json\/wp\/v2\/media\/13117"}],"wp:attachment":[{"href":"https:\/\/vetatourism.com\/es\/wp-json\/wp\/v2\/media?parent=13108"}],"wp:term":[{"taxonomy":"product_brand","embeddable":true,"href":"https:\/\/vetatourism.com\/es\/wp-json\/wp\/v2\/product_brand?post=13108"},{"taxonomy":"product_cat","embeddable":true,"href":"https:\/\/vetatourism.com\/es\/wp-json\/wp\/v2\/product_cat?post=13108"},{"taxonomy":"product_tag","embeddable":true,"href":"https:\/\/vetatourism.com\/es\/wp-json\/wp\/v2\/product_tag?post=13108"}],"curies":[{"name":"wp","href":"https:\/\/api.w.org\/{rel}","templated":true}]}}