{"id":13063,"date":"2026-01-29T10:06:54","date_gmt":"2026-01-29T10:06:54","guid":{"rendered":"https:\/\/vetatourism.com\/?post_type=product&#038;p=13063"},"modified":"2026-03-09T05:52:13","modified_gmt":"2026-03-09T05:52:13","slug":"porto-genoese-boat-trip-from-belek-blue-lagoon","status":"publish","type":"product","link":"https:\/\/vetatourism.com\/tours\/porto-genoese-boat-trip-from-belek-blue-lagoon","title":{"rendered":"Porto Genoese Boat Trip from Belek &#038; Blue Lagoo"},"content":{"rendered":"<div data-start=\"1431\" data-end=\"1596\">Su d\u00eda comienza con un c\u00f3modo servicio de recogida de su hotel en Belek o de zonas cercanas, seguido por un viaje esc\u00e9nico a <strong data-start=\"1545\" data-end=\"1561\">Adrasan Puerto<\/strong>, donde su boutique de yates espera.<\/div>\n<div data-start=\"1598\" data-end=\"1814\">La primera parada es la nataci\u00f3n <strong data-start=\"1625\" data-end=\"1639\">Akseki Bay<\/strong>, donde podr\u00e1 disfrutar de unos 30 minutos para nadar y hacer snorkel en aguas cristalinas, rico en vida marina. Los fondos marinos pueden incluir los erizos de mar, por lo que el snorkeling se recomiendan los zapatos.<\/div>\n<div data-start=\"1816\" data-end=\"2030\">Siguiente, un crucero a la impresionante <strong data-start=\"1845\" data-end=\"1866\">Porto Ceneviz Bay<\/strong> para una parada de alrededor de 60 minutos. Nadar en vibrante color turquesa de las aguas, disfrutar de una divertida y refrescante ba\u00f1o de lodo, y relajarse a bordo, mientras que un delicioso almuerzo est\u00e1 servido.<\/div>\n<div data-start=\"2032\" data-end=\"2294\">Despu\u00e9s de un corto crucero, llegar a <strong data-start=\"2064\" data-end=\"2078\">Korsan Bay<\/strong> durante unos 40 minutos de nataci\u00f3n y relajaci\u00f3n en este remanso de paz, ensenada aislada. Si el clima y las condiciones del mar lo permiten, el yate tambi\u00e9n visitar el m\u00e1gico <strong data-start=\"2235\" data-end=\"2252\">Fosforlu Cueva<\/strong>, conocido por su singular atm\u00f3sfera brillante.<\/div>\n<div data-start=\"2296\" data-end=\"2420\">Al final de este relajante y pintoresco viaje, volver a Adrasan Beach y disfrutar de un c\u00f3modo traslado de regreso a su hotel.<\/div>\n<p>&nbsp;<\/p>\n<hr \/>\n<p>&nbsp;<\/p>\n<div class=\"tour-content-what-included\">\n<h4 id=\"whats-included\">\u00bfQu\u00e9 est\u00e1 Incluido<\/h4>\n<ul style=\"column-count: 2;\">\n<li>Recogida de hoteles en Belek y \u00e1reas circundantes<\/li>\n<li>Traslado a Puerto Adrasan<\/li>\n<li>Akseki de la Bah\u00eda de nataci\u00f3n parada<\/li>\n<li>Porto Ceneviz de la Bah\u00eda de nataci\u00f3n, ba\u00f1os de barro y el almuerzo<\/li>\n<li>Korsan de la Bah\u00eda de nataci\u00f3n parada<\/li>\n<li>Fosforlu Cueva de la visita (el tiempo lo permite)<\/li>\n<li>Volver a Adrasan y traslado al hotel<\/li>\n<\/ul>\n<\/div>\n<p>&nbsp;<\/p>\n<hr \/>\n<p>&nbsp;<\/p>\n<div class=\"tour-content-add-information\">\n<h4>Informaci\u00f3n Adicional<\/h4>\n<ul>\n<li>D\u00eda completo de excursi\u00f3n en barco<\/li>\n<li>Fosforlu Cueva de la visita depende de las condiciones del mar<\/li>\n<li>Snorkeling zapatos recomendado<\/li>\n<li>La ruta puede cambiar debido a las condiciones meteorol\u00f3gicas<\/li>\n<\/ul>\n<p>&nbsp;<\/p>\n<\/div>\n<hr \/>\n<p>&nbsp;<\/p>\n<div class=\"tour-content-cancell-policy\">\n<p><strong>Qu\u00e9 Llevar<\/strong><\/p>\n<ul style=\"column-count: 2;\">\n<li>Gafas de sol<img decoding=\"async\" class=\"emoji\" role=\"img\" draggable=\"false\" src=\"https:\/\/s.w.org\/images\/core\/emoji\/17.0.2\/svg\/1f576.svg\" alt=\"\ud83d\udd76\ufe0f\" \/><\/li>\n<li>Protector solar y sombrero<img decoding=\"async\" class=\"emoji\" role=\"img\" draggable=\"false\" src=\"https:\/\/s.w.org\/images\/core\/emoji\/17.0.2\/svg\/1f9e2.svg\" alt=\"\ud83e\udde2\" \/><\/li>\n<li>Trajes de ba\u00f1o y toalla <img decoding=\"async\" class=\"emoji\" role=\"img\" draggable=\"false\" src=\"https:\/\/s.w.org\/images\/core\/emoji\/17.0.2\/svg\/1fa71.svg\" alt=\"\ud83e\ude71\" \/><\/li>\n<li>C\u00e1mara o smartphone \ud83d\udcf1<\/li>\n<li>Dinero en efectivo para gastos personales <img decoding=\"async\" class=\"emoji\" role=\"img\" draggable=\"false\" src=\"https:\/\/s.w.org\/images\/core\/emoji\/17.0.2\/svg\/1f4b3.svg\" alt=\"\ud83d\udcb3\" \/><\/li>\n<\/ul>\n<\/div>","protected":false},"excerpt":{"rendered":"<p>Disfrute de un tour en yate de Belek, a Porto Ceneviz, Abuelo y Korsan Bah\u00edas. Nadar, disfrutar de un ba\u00f1o de barro, almuerzo a bordo y traslados al hotel incluido.<\/p>","protected":false},"featured_media":13109,"comment_status":"open","ping_status":"closed","template":"","meta":[],"product_brand":[],"product_cat":[15],"product_tag":[],"class_list":{"0":"post-13063","1":"product","2":"type-product","3":"status-publish","4":"has-post-thumbnail","6":"tour_phys-tours","7":"product_cat-non-classe","8":"pa_activity-porto-genoese-bay","9":"pa_destination-belek","11":"first","12":"instock","13":"shipping-taxable","14":"purchasable","15":"product-type-tour_phys"},"_links":{"self":[{"href":"https:\/\/vetatourism.com\/es\/wp-json\/wp\/v2\/product\/13063","targetHints":{"allow":["GET"]}}],"collection":[{"href":"https:\/\/vetatourism.com\/es\/wp-json\/wp\/v2\/product"}],"about":[{"href":"https:\/\/vetatourism.com\/es\/wp-json\/wp\/v2\/types\/product"}],"replies":[{"embeddable":true,"href":"https:\/\/vetatourism.com\/es\/wp-json\/wp\/v2\/comments?post=13063"}],"wp:featuredmedia":[{"embeddable":true,"href":"https:\/\/vetatourism.com\/es\/wp-json\/wp\/v2\/media\/13109"}],"wp:attachment":[{"href":"https:\/\/vetatourism.com\/es\/wp-json\/wp\/v2\/media?parent=13063"}],"wp:term":[{"taxonomy":"product_brand","embeddable":true,"href":"https:\/\/vetatourism.com\/es\/wp-json\/wp\/v2\/product_brand?post=13063"},{"taxonomy":"product_cat","embeddable":true,"href":"https:\/\/vetatourism.com\/es\/wp-json\/wp\/v2\/product_cat?post=13063"},{"taxonomy":"product_tag","embeddable":true,"href":"https:\/\/vetatourism.com\/es\/wp-json\/wp\/v2\/product_tag?post=13063"}],"curies":[{"name":"wp","href":"https:\/\/api.w.org\/{rel}","templated":true}]}}