{"id":13055,"date":"2026-01-29T09:56:53","date_gmt":"2026-01-29T09:56:53","guid":{"rendered":"https:\/\/vetatourism.com\/?post_type=product&#038;p=13055"},"modified":"2026-03-09T05:52:07","modified_gmt":"2026-03-09T05:52:07","slug":"suluada-island-boat-trip-from-belek-turkish-maldives","status":"publish","type":"product","link":"https:\/\/vetatourism.com\/tours\/suluada-island-boat-trip-from-belek-turkish-maldives","title":{"rendered":"Suluada Isla de Viaje en Barco desde Belek -T\u00fcrkish Maldivas"},"content":{"rendered":"<p data-start=\"1354\" data-end=\"1583\">Su d\u00eda comienza con un c\u00f3modo servicio de recogida de su hotel en Belek o de zonas cercanas, seguido por un viaje esc\u00e9nico a <strong data-start=\"1468\" data-end=\"1484\">Adrasan Puerto<\/strong>. A bordo de un amplio y c\u00f3modo barco y zarpar hacia las aguas turquesas de Suluada de la Isla.<\/p>\n<p data-start=\"1585\" data-end=\"1896\">El tour incluye tres nataci\u00f3n se detiene en Suluada m\u00e1s bellos rincones. En primer lugar, visite <strong data-start=\"1672\" data-end=\"1688\">Maldivas Bay<\/strong>, famosa por su arena blanca y aguas cristalinas, ideales para la nataci\u00f3n y el buceo. Continuar <strong data-start=\"1789\" data-end=\"1817\">Suluada ocultos de la playas<\/strong>, donde podr\u00e1 relajarse en las tranquilas costas, caminar a lo largo de la costa o simplemente tomar el sol.<\/p>\n<p data-start=\"1898\" data-end=\"2163\">Otro punto a destacar es la <strong data-start=\"1923\" data-end=\"1936\">El Amor De La Cueva<\/strong>, una formaci\u00f3n natural que ofrece una gran piscina y oportunidad de la foto. Alrededor del mediod\u00eda, disfrutar de un reci\u00e9n asada almuerzo de BARBACOA a bordo, con opciones tales como el pescado, pollo o platos vegetarianos, acompa\u00f1ado por el tradicional turca meze.<\/p>\n<p data-start=\"2165\" data-end=\"2356\">Despu\u00e9s de un relajante descanso para el t\u00e9, el barco vuelve a Adrasan Puerto. Por \u00faltimo, disfrutar de un c\u00f3modo traslado de regreso a su hotel en Belek con recuerdos inolvidables de Turqu\u00eda para\u00edso del Mediterr\u00e1neo.<\/p>\n<p>&nbsp;<\/p>\n<hr \/>\n<p>&nbsp;<\/p>\n<div class=\"tour-content-what-included\">\n<h4 id=\"whats-included\">\u00bfQu\u00e9 est\u00e1 Incluido<\/h4>\n<ul style=\"column-count: 2;\">\n<li>Recogida de hoteles en Belek y \u00e1reas circundantes<\/li>\n<li>Traslado a Puerto Adrasan<\/li>\n<li>Salida de barco a la Isla Suluada<\/li>\n<li>Maldivas de la Bah\u00eda de nataci\u00f3n parada<\/li>\n<li>Las playas escondidas de nataci\u00f3n parada<\/li>\n<li>El amor de la Cueva de visita<\/li>\n<li>Almuerzo de BARBACOA a bordo<\/li>\n<li>Pausa de t\u00e9 y retorno de crucero<\/li>\n<li>Traslado de regreso al hotel<\/li>\n<\/ul>\n<\/div>\n<p>&nbsp;<\/p>\n<hr \/>\n<p>&nbsp;<\/p>\n<div class=\"tour-content-add-information\">\n<h4>Informaci\u00f3n Adicional<\/h4>\n<ul>\n<li>D\u00eda completo de excursi\u00f3n en barco<\/li>\n<li>Aguas tranquilas y poco profundas ideal para familias<\/li>\n<li>La ruta puede cambiar debido a las condiciones clim\u00e1ticas<\/li>\n<li>Peque\u00f1o grupo y gran barco opciones disponibles<\/li>\n<\/ul>\n<p>&nbsp;<\/p>\n<\/div>\n<hr \/>\n<p>&nbsp;<\/p>\n<div class=\"tour-content-cancell-policy\">\n<p><strong>Qu\u00e9 Llevar<\/strong><\/p>\n<ul style=\"column-count: 2;\">\n<li>Gafas de sol<img decoding=\"async\" class=\"emoji\" role=\"img\" draggable=\"false\" src=\"https:\/\/s.w.org\/images\/core\/emoji\/17.0.2\/svg\/1f576.svg\" alt=\"\ud83d\udd76\ufe0f\" \/><\/li>\n<li>Protector solar y sombrero<img decoding=\"async\" class=\"emoji\" role=\"img\" draggable=\"false\" src=\"https:\/\/s.w.org\/images\/core\/emoji\/17.0.2\/svg\/1f9e2.svg\" alt=\"\ud83e\udde2\" \/><\/li>\n<li>Trajes de ba\u00f1o y toalla <img decoding=\"async\" class=\"emoji\" role=\"img\" draggable=\"false\" src=\"https:\/\/s.w.org\/images\/core\/emoji\/17.0.2\/svg\/1fa71.svg\" alt=\"\ud83e\ude71\" \/><\/li>\n<li>C\u00e1mara o smartphone \ud83d\udcf1<\/li>\n<li>Dinero en efectivo para gastos personales <img decoding=\"async\" class=\"emoji\" role=\"img\" draggable=\"false\" src=\"https:\/\/s.w.org\/images\/core\/emoji\/17.0.2\/svg\/1f4b3.svg\" alt=\"\ud83d\udcb3\" \/><\/li>\n<\/ul>\n<\/div>","protected":false},"excerpt":{"rendered":"<p>Unirse a un Suluada viaje en barco desde Belek. Nadar en las aguas color turquesa, explorar el Amor de la Cueva, relajarse en playas de arena blanca y disfrutar de almuerzo de BARBACOA con las transferencias.<\/p>","protected":false},"featured_media":13056,"comment_status":"open","ping_status":"closed","template":"","meta":[],"product_brand":[],"product_cat":[84],"product_tag":[],"class_list":{"0":"post-13055","1":"product","2":"type-product","3":"status-publish","4":"has-post-thumbnail","6":"tour_phys-tours","7":"product_cat-tours","8":"pa_activity-adrasan-yacht-tours","9":"pa_destination-belek","11":"first","12":"instock","13":"sale","14":"shipping-taxable","15":"purchasable","16":"product-type-tour_phys"},"_links":{"self":[{"href":"https:\/\/vetatourism.com\/es\/wp-json\/wp\/v2\/product\/13055","targetHints":{"allow":["GET"]}}],"collection":[{"href":"https:\/\/vetatourism.com\/es\/wp-json\/wp\/v2\/product"}],"about":[{"href":"https:\/\/vetatourism.com\/es\/wp-json\/wp\/v2\/types\/product"}],"replies":[{"embeddable":true,"href":"https:\/\/vetatourism.com\/es\/wp-json\/wp\/v2\/comments?post=13055"}],"wp:featuredmedia":[{"embeddable":true,"href":"https:\/\/vetatourism.com\/es\/wp-json\/wp\/v2\/media\/13056"}],"wp:attachment":[{"href":"https:\/\/vetatourism.com\/es\/wp-json\/wp\/v2\/media?parent=13055"}],"wp:term":[{"taxonomy":"product_brand","embeddable":true,"href":"https:\/\/vetatourism.com\/es\/wp-json\/wp\/v2\/product_brand?post=13055"},{"taxonomy":"product_cat","embeddable":true,"href":"https:\/\/vetatourism.com\/es\/wp-json\/wp\/v2\/product_cat?post=13055"},{"taxonomy":"product_tag","embeddable":true,"href":"https:\/\/vetatourism.com\/es\/wp-json\/wp\/v2\/product_tag?post=13055"}],"curies":[{"name":"wp","href":"https:\/\/api.w.org\/{rel}","templated":true}]}}