{"id":13042,"date":"2026-01-29T09:45:12","date_gmt":"2026-01-29T09:45:12","guid":{"rendered":"https:\/\/vetatourism.com\/?post_type=product&#038;p=13042"},"modified":"2026-03-09T05:52:01","modified_gmt":"2026-03-09T05:52:01","slug":"pirate-boat-trip-gonster-from-belek-all-inclusive","status":"publish","type":"product","link":"https:\/\/vetatourism.com\/tours\/pirate-boat-trip-gonster-from-belek-all-inclusive","title":{"rendered":"Barco pirata Viaje Gonster de Belek \u2013 Todo Incluido"},"content":{"rendered":"<div data-start=\"1394\" data-end=\"1642\">Tu aventura comienza con un c\u00f3modo servicio de recogida de su hotel en Belek o de zonas cercanas, seguido por una transferencia a <strong data-start=\"1510\" data-end=\"1526\">Kemer Marina<\/strong>. Paso a bordo de la <strong data-start=\"1544\" data-end=\"1567\">Gonster Barco Pirata<\/strong>exclusivo dise\u00f1o de estilo pirata vasija llena de car\u00e1cter y la emoci\u00f3n.<\/div>\n<div data-start=\"1644\" data-end=\"1916\">Como el barco de velas a lo largo de Kemer del litoral, la tripulaci\u00f3n se crea una diversi\u00f3n y un ambiente lleno de energ\u00eda con la m\u00fasica, el baile y la tem\u00e1tica de piratas de entretenimiento. El tour incluye a su disposici\u00f3n varias paradas en las hermosas bah\u00edas donde podr\u00e1 refrescarse en las aguas color turquesa o relajarse en la cubierta.<\/div>\n<div data-start=\"1918\" data-end=\"2211\">Nadar cerca de las antiguas ruinas en <strong data-start=\"1949\" data-end=\"1965\">Phaselis Bay<\/strong>, disfrutar de la tranquila belleza de <strong data-start=\"1996\" data-end=\"2010\">El Cielo De La Bah\u00eda De<\/strong>y relajarse en <strong data-start=\"2025\" data-end=\"2042\">Moonlight Bay<\/strong>, uno de Kemer m\u00e1s populares puntos de la costa. Tambi\u00e9n te crucero m\u00e1s all\u00e1 de la legendaria <strong data-start=\"2125\" data-end=\"2140\">Cueva Del Pirata<\/strong>, que ofrece fant\u00e1sticas oportunidades de fotos con espectaculares formaciones rocosas.<\/div>\n<div data-start=\"2213\" data-end=\"2450\">Un sabroso almuerzo se sirve a bordo, y refrescos est\u00e1n disponibles durante todo el d\u00eda. Con amplias terrazas para tomar el sol, un mont\u00f3n de actividades y una tripulaci\u00f3n amable, este tour promete un d\u00eda lleno de diversi\u00f3n, la relajaci\u00f3n y recuerdos inolvidables.<\/div>\n<p>&nbsp;<\/p>\n<hr \/>\n<p>&nbsp;<\/p>\n<div class=\"tour-content-what-included\">\n<h4 id=\"whats-included\">\u00bfQu\u00e9 est\u00e1 Incluido<\/h4>\n<ul style=\"column-count: 2;\">\n<li>Recogida de hoteles en Belek y \u00e1reas circundantes<\/li>\n<li>Traslado al puerto deportivo de Kemer<\/li>\n<li>Embarque en el Gonster Barco Pirata<\/li>\n<li>Phaselis de la Bah\u00eda de nataci\u00f3n parada<\/li>\n<li>El cielo de la Bah\u00eda de nataci\u00f3n parada<\/li>\n<li>La luz de la luna de la Bah\u00eda de nataci\u00f3n parada<\/li>\n<li>Pirata, Cueva de turismo<\/li>\n<li>Almuerzo y actividades de entretenimiento a bordo<\/li>\n<li>Volver a la marina y la transferencia de hotel<\/li>\n<\/ul>\n<\/div>\n<p>&nbsp;<\/p>\n<hr \/>\n<p>&nbsp;<\/p>\n<div class=\"tour-content-add-information\">\n<h4>Informaci\u00f3n Adicional<\/h4>\n<ul>\n<li>D\u00eda completo de excursi\u00f3n en barco<\/li>\n<li>Familiar y adecuados para los ni\u00f1os<\/li>\n<li>Bebidas incluidas durante el tour<\/li>\n<li>La ruta puede variar dependiendo de las condiciones clim\u00e1ticas<\/li>\n<\/ul>\n<p>&nbsp;<\/p>\n<\/div>\n<hr \/>\n<p>&nbsp;<\/p>\n<div class=\"tour-content-cancell-policy\">\n<p><strong>Qu\u00e9 Llevar<\/strong><\/p>\n<ul style=\"column-count: 2;\">\n<li>Gafas de sol<img decoding=\"async\" class=\"emoji\" role=\"img\" draggable=\"false\" src=\"https:\/\/s.w.org\/images\/core\/emoji\/17.0.2\/svg\/1f576.svg\" alt=\"\ud83d\udd76\ufe0f\" \/><\/li>\n<li>Protector solar y sombrero<img decoding=\"async\" class=\"emoji\" role=\"img\" draggable=\"false\" src=\"https:\/\/s.w.org\/images\/core\/emoji\/17.0.2\/svg\/1f9e2.svg\" alt=\"\ud83e\udde2\" \/><\/li>\n<li>Trajes de ba\u00f1o y toalla <img decoding=\"async\" class=\"emoji\" role=\"img\" draggable=\"false\" src=\"https:\/\/s.w.org\/images\/core\/emoji\/17.0.2\/svg\/1fa71.svg\" alt=\"\ud83e\ude71\" \/><\/li>\n<li>C\u00e1mara o smartphone \ud83d\udcf1<\/li>\n<li>Dinero en efectivo para gastos personales <img decoding=\"async\" class=\"emoji\" role=\"img\" draggable=\"false\" src=\"https:\/\/s.w.org\/images\/core\/emoji\/17.0.2\/svg\/1f4b3.svg\" alt=\"\ud83d\udcb3\" \/><\/li>\n<\/ul>\n<\/div>","protected":false},"excerpt":{"rendered":"<p>Disfrutar de la Gonster Barco Pirata Tour de Belek. Nadar en Kemer, bah\u00edas, disfrutar de espect\u00e1culos de piratas, almuerzo, refrescos y divertido entretenimiento con traslados incluidos.<\/p>","protected":false},"featured_media":13043,"comment_status":"open","ping_status":"closed","template":"","meta":[],"product_brand":[],"product_cat":[84],"product_tag":[],"class_list":{"0":"post-13042","1":"product","2":"type-product","3":"status-publish","4":"has-post-thumbnail","6":"tour_phys-tours","7":"product_cat-tours","8":"pa_activity-pirate-boat-tours","9":"pa_destination-belek","11":"first","12":"instock","13":"sale","14":"shipping-taxable","15":"purchasable","16":"product-type-tour_phys"},"_links":{"self":[{"href":"https:\/\/vetatourism.com\/es\/wp-json\/wp\/v2\/product\/13042","targetHints":{"allow":["GET"]}}],"collection":[{"href":"https:\/\/vetatourism.com\/es\/wp-json\/wp\/v2\/product"}],"about":[{"href":"https:\/\/vetatourism.com\/es\/wp-json\/wp\/v2\/types\/product"}],"replies":[{"embeddable":true,"href":"https:\/\/vetatourism.com\/es\/wp-json\/wp\/v2\/comments?post=13042"}],"wp:featuredmedia":[{"embeddable":true,"href":"https:\/\/vetatourism.com\/es\/wp-json\/wp\/v2\/media\/13043"}],"wp:attachment":[{"href":"https:\/\/vetatourism.com\/es\/wp-json\/wp\/v2\/media?parent=13042"}],"wp:term":[{"taxonomy":"product_brand","embeddable":true,"href":"https:\/\/vetatourism.com\/es\/wp-json\/wp\/v2\/product_brand?post=13042"},{"taxonomy":"product_cat","embeddable":true,"href":"https:\/\/vetatourism.com\/es\/wp-json\/wp\/v2\/product_cat?post=13042"},{"taxonomy":"product_tag","embeddable":true,"href":"https:\/\/vetatourism.com\/es\/wp-json\/wp\/v2\/product_tag?post=13042"}],"curies":[{"name":"wp","href":"https:\/\/api.w.org\/{rel}","templated":true}]}}