{"id":13031,"date":"2026-01-29T09:17:20","date_gmt":"2026-01-29T09:17:20","guid":{"rendered":"https:\/\/vetatourism.com\/?post_type=product&#038;p=13031"},"modified":"2026-04-08T17:24:15","modified_gmt":"2026-04-08T17:24:15","slug":"pirate-boat-trip-from-belek-red-dragon","status":"publish","type":"product","link":"https:\/\/vetatourism.com\/tours\/pirate-boat-trip-from-belek-red-dragon","title":{"rendered":"Barco Pirata Viaje De Belek \u2014 Drag\u00f3n Rojo"},"content":{"rendered":"<div data-start=\"1355\" data-end=\"1576\">Su relajante del mar, el d\u00eda empieza con un c\u00f3modo servicio de recogida de su hotel en Belek o de zonas cercanas, seguido por una transferencia a <strong data-start=\"1478\" data-end=\"1494\">Kemer Marina<\/strong>. Board a stylish pirate boat designed for comfort, space and relaxation.<\/div>\n<div data-start=\"1578\" data-end=\"1774\">Como el catamar\u00e1n de cruceros a lo largo de la pintoresca localidad de Kemer costa, disfrutar de m\u00fasica en vivo y un agradable a bordo de la atm\u00f3sfera. El tour incluye varios de nataci\u00f3n se detiene en algunas de las regiones m\u00e1s hermosas bah\u00edas.<\/div>\n<div data-start=\"1776\" data-end=\"2065\">Nadar cerca de las antiguas ruinas en <strong data-start=\"1807\" data-end=\"1823\">Phaselis Bay<\/strong>podr\u00e1 relajarse en las tranquilas aguas de <strong data-start=\"1857\" data-end=\"1871\">El Cielo De La Bah\u00eda De<\/strong>y disfrutar del animado ambiente de <strong data-start=\"1908\" data-end=\"1925\">Moonlight Bay<\/strong>, ideal para la nataci\u00f3n y fotos. Usted tambi\u00e9n viajar\u00e1 el misterioso pasado <strong data-start=\"1999\" data-end=\"2014\">Cueva Del Pirata<\/strong>, ofreciendo fant\u00e1sticas vistas y oportunidades de fotos.<\/div>\n<div data-start=\"2067\" data-end=\"2287\">During the tour, you may enjoy lunch and drinks onboard depending on your selected package. With plenty of space to sunbathe, swim or simply relax, this pirate boat offers the perfect balance of fun and tranquility.<\/div>\n<p>&nbsp;<\/p>\n<hr \/>\n<p>&nbsp;<\/p>\n<div class=\"tour-content-what-included\">\n<h4 id=\"whats-included\">\u00bfQu\u00e9 est\u00e1 Incluido<\/h4>\n<ul style=\"column-count: 2;\">\n<li>Recogida de hoteles en Belek y \u00e1reas circundantes<\/li>\n<li>Traslado al puerto deportivo de Kemer<\/li>\n<li>Embarque en el barco pirata<\/li>\n<li>Phaselis de la Bah\u00eda de nataci\u00f3n parada<\/li>\n<li>El cielo de la Bah\u00eda de nataci\u00f3n parada<\/li>\n<li>La luz de la luna de la Bah\u00eda de nataci\u00f3n parada<\/li>\n<li>Pirata, Cueva de turismo<\/li>\n<li>Tiempo libre para relajarse y tomar el sol<\/li>\n<li>Volver a la marina y la transferencia de hotel<\/li>\n<\/ul>\n<\/div>\n<p>&nbsp;<\/p>\n<hr \/>\n<p>&nbsp;<\/p>\n<div class=\"tour-content-add-information\">\n<h4>Informaci\u00f3n Adicional<\/h4>\n<ul>\n<li>D\u00eda completo de excursi\u00f3n en barco<\/li>\n<li>Adecuado para parejas, familias y viajeros individuales<\/li>\n<li>Amplias y sombreadas con zonas para tomar el sol<\/li>\n<li>La ruta puede variar dependiendo de las condiciones clim\u00e1ticas<\/li>\n<\/ul>\n<p>&nbsp;<\/p>\n<\/div>\n<hr \/>\n<p>&nbsp;<\/p>\n<div class=\"tour-content-cancell-policy\">\n<p><strong>Qu\u00e9 Llevar<\/strong><\/p>\n<ul style=\"column-count: 2;\">\n<li>Gafas de sol<img decoding=\"async\" class=\"emoji\" role=\"img\" draggable=\"false\" src=\"https:\/\/s.w.org\/images\/core\/emoji\/17.0.2\/svg\/1f576.svg\" alt=\"\ud83d\udd76\ufe0f\" \/><\/li>\n<li>Protector solar y sombrero<img decoding=\"async\" class=\"emoji\" role=\"img\" draggable=\"false\" src=\"https:\/\/s.w.org\/images\/core\/emoji\/17.0.2\/svg\/1f9e2.svg\" alt=\"\ud83e\udde2\" \/><\/li>\n<li>Trajes de ba\u00f1o y toalla <img decoding=\"async\" class=\"emoji\" role=\"img\" draggable=\"false\" src=\"https:\/\/s.w.org\/images\/core\/emoji\/17.0.2\/svg\/1fa71.svg\" alt=\"\ud83e\ude71\" \/><\/li>\n<li>C\u00e1mara o smartphone \ud83d\udcf1<\/li>\n<li>Dinero en efectivo para gastos personales <img decoding=\"async\" class=\"emoji\" role=\"img\" draggable=\"false\" src=\"https:\/\/s.w.org\/images\/core\/emoji\/17.0.2\/svg\/1f4b3.svg\" alt=\"\ud83d\udcb3\" \/><\/li>\n<\/ul>\n<\/div>","protected":false},"excerpt":{"rendered":"<p>Join a pirate boat tour from Belek to Kemer. Swim in crystal-clear bays, enjoy sea views, live music and a relaxing cruise with transfers included.<\/p>","protected":false},"featured_media":16565,"comment_status":"open","ping_status":"closed","template":"","meta":[],"product_brand":[],"product_cat":[],"product_tag":[],"class_list":{"0":"post-13031","1":"product","2":"type-product","3":"status-publish","4":"has-post-thumbnail","6":"tour_phys-tours","7":"pa_activity-pirate-boat-tours","8":"pa_destination-belek","10":"first","11":"instock","12":"shipping-taxable","13":"purchasable","14":"product-type-tour_phys"},"_links":{"self":[{"href":"https:\/\/vetatourism.com\/es\/wp-json\/wp\/v2\/product\/13031","targetHints":{"allow":["GET"]}}],"collection":[{"href":"https:\/\/vetatourism.com\/es\/wp-json\/wp\/v2\/product"}],"about":[{"href":"https:\/\/vetatourism.com\/es\/wp-json\/wp\/v2\/types\/product"}],"replies":[{"embeddable":true,"href":"https:\/\/vetatourism.com\/es\/wp-json\/wp\/v2\/comments?post=13031"}],"wp:featuredmedia":[{"embeddable":true,"href":"https:\/\/vetatourism.com\/es\/wp-json\/wp\/v2\/media\/16565"}],"wp:attachment":[{"href":"https:\/\/vetatourism.com\/es\/wp-json\/wp\/v2\/media?parent=13031"}],"wp:term":[{"taxonomy":"product_brand","embeddable":true,"href":"https:\/\/vetatourism.com\/es\/wp-json\/wp\/v2\/product_brand?post=13031"},{"taxonomy":"product_cat","embeddable":true,"href":"https:\/\/vetatourism.com\/es\/wp-json\/wp\/v2\/product_cat?post=13031"},{"taxonomy":"product_tag","embeddable":true,"href":"https:\/\/vetatourism.com\/es\/wp-json\/wp\/v2\/product_tag?post=13031"}],"curies":[{"name":"wp","href":"https:\/\/api.w.org\/{rel}","templated":true}]}}